{"id":6507,"date":"2019-08-17T10:33:12","date_gmt":"2019-08-17T15:33:12","guid":{"rendered":"https:\/\/fittingsgo.com\/product\/kit-de-reparation-de-pneus-astro-tools\/"},"modified":"2019-08-22T15:00:47","modified_gmt":"2019-08-22T20:00:47","slug":"kit-de-reparation-de-pneus-astro-tools","status":"publish","type":"product","link":"https:\/\/fittingsgo.com\/fr\/produit\/kit-de-reparation-de-pneus-astro-tools\/","title":{"rendered":"Kit de r\u00e9paration de pneus Astro Tools"},"content":{"rendered":"<p>7445<\/p>\n<div id=\"themify_builder_content-6507\" data-postid=\"6507\" class=\"themify_builder_content themify_builder_content-6507 themify_builder\">\n    <\/div>\n<!-- \/themify_builder_content -->\n","protected":false},"excerpt":{"rendered":"<p>Avec \u00e9tui moul\u00e9 noir<br \/>\nL&#8217;ensemble comprend:<br \/>\n&#8211; Outil d&#8217;insertion de poign\u00e9e en T en acier robuste<br \/>\n&#8211; Outil pour ciment, \u00e0 sonde en spirale, \u00e0 poign\u00e9e en T en acier robuste<br \/>\n&#8211; (2) Outil de remplacement<br \/>\n&#8211; (40) &#8211; Cordage de 4 &#8221;<br \/>\n&#8211; lubrifiant<br \/>\nFabriqu\u00e9 par Astro Tools<\/p>\n","protected":false},"featured_media":6503,"comment_status":"open","ping_status":"closed","template":"","meta":[],"product_brand":[],"product_cat":[218],"product_tag":[],"class_list":{"0":"post-6507","1":"product","2":"type-product","3":"status-publish","4":"has-post-thumbnail","6":"product_cat-outils-de-pneus-et-roues","7":"has-post-title","8":"has-post-date","9":"has-post-category","10":"has-post-tag","11":"has-post-comment","12":"has-post-author","13":"","14":"fullcover","16":"first","17":"instock","18":"taxable","19":"shipping-taxable","20":"purchasable","21":"product-type-simple"},"jetpack_sharing_enabled":true,"builder_content":"","_links":{"self":[{"href":"https:\/\/fittingsgo.com\/fr\/wp-json\/wp\/v2\/product\/6507","targetHints":{"allow":["GET"]}}],"collection":[{"href":"https:\/\/fittingsgo.com\/fr\/wp-json\/wp\/v2\/product"}],"about":[{"href":"https:\/\/fittingsgo.com\/fr\/wp-json\/wp\/v2\/types\/product"}],"replies":[{"embeddable":true,"href":"https:\/\/fittingsgo.com\/fr\/wp-json\/wp\/v2\/comments?post=6507"}],"wp:featuredmedia":[{"embeddable":true,"href":"https:\/\/fittingsgo.com\/fr\/wp-json\/wp\/v2\/media\/6503"}],"wp:attachment":[{"href":"https:\/\/fittingsgo.com\/fr\/wp-json\/wp\/v2\/media?parent=6507"}],"wp:term":[{"taxonomy":"product_brand","embeddable":true,"href":"https:\/\/fittingsgo.com\/fr\/wp-json\/wp\/v2\/product_brand?post=6507"},{"taxonomy":"product_cat","embeddable":true,"href":"https:\/\/fittingsgo.com\/fr\/wp-json\/wp\/v2\/product_cat?post=6507"},{"taxonomy":"product_tag","embeddable":true,"href":"https:\/\/fittingsgo.com\/fr\/wp-json\/wp\/v2\/product_tag?post=6507"}],"curies":[{"name":"wp","href":"https:\/\/api.w.org\/{rel}","templated":true}]}}