{"id":6498,"date":"2019-08-17T10:01:05","date_gmt":"2019-08-17T15:01:05","guid":{"rendered":"https:\/\/fittingsgo.com\/product\/degraisseur-super-clean-mousseux\/"},"modified":"2020-01-15T22:04:59","modified_gmt":"2020-01-16T03:04:59","slug":"degraisseur-super-clean-mousseux","status":"publish","type":"product","link":"https:\/\/fittingsgo.com\/fr\/produit\/degraisseur-super-clean-mousseux\/","title":{"rendered":"D\u00e9graisseur Super Clean Mousseux"},"content":{"rendered":"<p>0801166<\/p>\n<div id=\"themify_builder_content-6498\" data-postid=\"6498\" class=\"themify_builder_content themify_builder_content-6498 themify_builder\">\n    <\/div>\n<!-- \/themify_builder_content -->\n","protected":false},"excerpt":{"rendered":"<p>Notre nettoyant-d\u00e9graissant moussant est formul\u00e9 pour s&#8217;accrocher aux objets sales plut\u00f4t que de s&#8217;\u00e9goutter. Appuyez sur la g\u00e2chette pour que l\u2019action moussante de Super Clean se mette \u00e0 travailler en faisant fondre la graisse, la crasse, l\u2019huile, la cire, la salet\u00e9 et le goudron. Super facile. Super rapide. C\u2019est aussi puissant que le Super Clean original, biod\u00e9gradable et sans phosphate.<br \/>\nFabriqu\u00e9 par Castrol<br \/>\n946 ML<\/p>\n","protected":false},"featured_media":6497,"comment_status":"open","ping_status":"closed","template":"","meta":[],"product_brand":[],"product_cat":[304],"product_tag":[],"class_list":{"0":"post-6498","1":"product","2":"type-product","3":"status-publish","4":"has-post-thumbnail","6":"product_cat-nettoyeurs-degraisseurs","7":"has-post-title","8":"has-post-date","9":"has-post-category","10":"has-post-tag","11":"has-post-comment","12":"has-post-author","13":"","14":"fullcover","16":"first","17":"instock","18":"taxable","19":"shipping-taxable","20":"purchasable","21":"product-type-simple"},"jetpack_sharing_enabled":true,"builder_content":"","_links":{"self":[{"href":"https:\/\/fittingsgo.com\/fr\/wp-json\/wp\/v2\/product\/6498","targetHints":{"allow":["GET"]}}],"collection":[{"href":"https:\/\/fittingsgo.com\/fr\/wp-json\/wp\/v2\/product"}],"about":[{"href":"https:\/\/fittingsgo.com\/fr\/wp-json\/wp\/v2\/types\/product"}],"replies":[{"embeddable":true,"href":"https:\/\/fittingsgo.com\/fr\/wp-json\/wp\/v2\/comments?post=6498"}],"wp:featuredmedia":[{"embeddable":true,"href":"https:\/\/fittingsgo.com\/fr\/wp-json\/wp\/v2\/media\/6497"}],"wp:attachment":[{"href":"https:\/\/fittingsgo.com\/fr\/wp-json\/wp\/v2\/media?parent=6498"}],"wp:term":[{"taxonomy":"product_brand","embeddable":true,"href":"https:\/\/fittingsgo.com\/fr\/wp-json\/wp\/v2\/product_brand?post=6498"},{"taxonomy":"product_cat","embeddable":true,"href":"https:\/\/fittingsgo.com\/fr\/wp-json\/wp\/v2\/product_cat?post=6498"},{"taxonomy":"product_tag","embeddable":true,"href":"https:\/\/fittingsgo.com\/fr\/wp-json\/wp\/v2\/product_tag?post=6498"}],"curies":[{"name":"wp","href":"https:\/\/api.w.org\/{rel}","templated":true}]}}