{"id":6356,"date":"2019-08-13T21:33:56","date_gmt":"2019-08-14T02:33:56","guid":{"rendered":"https:\/\/fittingsgo.com\/product\/coude-npt-90-extrude\/"},"modified":"2020-05-03T00:40:58","modified_gmt":"2020-05-03T05:40:58","slug":"coude-npt-90-extrude","status":"publish","type":"product","link":"https:\/\/fittingsgo.com\/fr\/produit\/coude-npt-90-extrude\/","title":{"rendered":"Coude NPT 90\u00b0 extrud\u00e9"},"content":{"rendered":"<div class=\"page\" title=\"Page 34\">\n<div class=\"section\">\n<div class=\"layoutArea\">\n<div class=\"column\">\n<p>X115-A, X115-B, X115-C, X115-D, X115-E<\/p>\n<\/div>\n<\/div>\n<\/div>\n<\/div>\n<div id=\"themify_builder_content-6356\" data-postid=\"6356\" class=\"themify_builder_content themify_builder_content-6356 themify_builder\">\n    <\/div>\n<!-- \/themify_builder_content -->\n","protected":false},"excerpt":{"rendered":"<p>RACCORDS DE TUYAUTERIE EN LAITON<br \/>\nEau, p\u00e9trole, air et, dans certains cas, gaz naturel et gaz de p\u00e9trole liqu\u00e9fi\u00e9. Utiliser avec des tuyaux en laiton, en acier et en fer. Le filetage des tuyaux doit \u00eatre scell\u00e9 avec un produit d&#8217;\u00e9tanch\u00e9it\u00e9 pour filetage approuv\u00e9.<br \/>\n&#8211; Appliquer du mastic ou du ruban adh\u00e9sif pour filetage.<br \/>\n&#8211; Si vous utilisez du ruban adh\u00e9sif, enroulez-le dans le sens des fils.<br \/>\n&#8211; Ne pas scotcher les 2 premiers fils (de d\u00e9part).<br \/>\n&#8211; Assemblez \u00e0 la main.<br \/>\n&#8211; Serrer au moins 2-1 \/ 2 tours complets \u00e0 la main.<br \/>\nFabriqu\u00e9 par Fairview Raccords<br \/>\nVendus s\u00e9par\u00e9ment<\/p>\n","protected":false},"featured_media":6350,"comment_status":"open","ping_status":"closed","template":"","meta":[],"product_brand":[],"product_cat":[335],"product_tag":[180,337,177,179],"class_list":{"0":"post-6356","1":"product","2":"type-product","3":"status-publish","4":"has-post-thumbnail","6":"product_cat-raccords-en-laiton-npt","7":"product_tag-automotive-fr","8":"product_tag-fitting-fr","9":"product_tag-pieces-dautos","10":"product_tag-tuyau","11":"has-post-title","12":"has-post-date","13":"has-post-category","14":"has-post-tag","15":"has-post-comment","16":"has-post-author","17":"","18":"fullcover","20":"first","21":"instock","22":"taxable","23":"shipping-taxable","24":"purchasable","25":"product-type-variable"},"jetpack_sharing_enabled":true,"builder_content":"","_links":{"self":[{"href":"https:\/\/fittingsgo.com\/fr\/wp-json\/wp\/v2\/product\/6356","targetHints":{"allow":["GET"]}}],"collection":[{"href":"https:\/\/fittingsgo.com\/fr\/wp-json\/wp\/v2\/product"}],"about":[{"href":"https:\/\/fittingsgo.com\/fr\/wp-json\/wp\/v2\/types\/product"}],"replies":[{"embeddable":true,"href":"https:\/\/fittingsgo.com\/fr\/wp-json\/wp\/v2\/comments?post=6356"}],"wp:featuredmedia":[{"embeddable":true,"href":"https:\/\/fittingsgo.com\/fr\/wp-json\/wp\/v2\/media\/6350"}],"wp:attachment":[{"href":"https:\/\/fittingsgo.com\/fr\/wp-json\/wp\/v2\/media?parent=6356"}],"wp:term":[{"taxonomy":"product_brand","embeddable":true,"href":"https:\/\/fittingsgo.com\/fr\/wp-json\/wp\/v2\/product_brand?post=6356"},{"taxonomy":"product_cat","embeddable":true,"href":"https:\/\/fittingsgo.com\/fr\/wp-json\/wp\/v2\/product_cat?post=6356"},{"taxonomy":"product_tag","embeddable":true,"href":"https:\/\/fittingsgo.com\/fr\/wp-json\/wp\/v2\/product_tag?post=6356"}],"curies":[{"name":"wp","href":"https:\/\/api.w.org\/{rel}","templated":true}]}}