{"id":6127,"date":"2019-07-30T21:43:44","date_gmt":"2019-07-31T02:43:44","guid":{"rendered":"https:\/\/fittingsgo.com\/product\/materiau-du-joint-en-papier\/"},"modified":"2022-07-04T19:32:19","modified_gmt":"2022-07-05T00:32:19","slug":"materiau-du-joint-en-papier","status":"publish","type":"product","link":"https:\/\/fittingsgo.com\/fr\/produit\/materiau-du-joint-en-papier\/","title":{"rendered":"Mat\u00e9riau du joint en papier"},"content":{"rendered":"<p>3045, 3046, 3047<\/p>\n<div id=\"themify_builder_content-6127\" data-postid=\"6127\" class=\"themify_builder_content themify_builder_content-6127 themify_builder\">\n    <\/div>\n<!-- \/themify_builder_content -->\n","protected":false},"excerpt":{"rendered":"<p>Feuille fibreuse trait\u00e9e chimiquement, con\u00e7ue pour \u00eatre utilis\u00e9e avec de l\u2019huile, de l\u2019eau et de l\u2019essence.<br \/>\nFeuille de 12 po x 36 po roul\u00e9es individuellement et envelopp\u00e9es dans du plastique transparent.<br \/>\nFabriqu\u00e9 par Fel-Pro.<\/p>\n","protected":false},"featured_media":6126,"comment_status":"open","ping_status":"closed","template":"","meta":[],"product_brand":[],"product_cat":[637],"product_tag":[180,189,177],"class_list":{"0":"post-6127","1":"product","2":"type-product","3":"status-publish","4":"has-post-thumbnail","6":"product_cat-feuilles-de-gasket","7":"product_tag-automotive-fr","8":"product_tag-fournitures-datelier","9":"product_tag-pieces-dautos","10":"has-post-title","11":"has-post-date","12":"has-post-category","13":"has-post-tag","14":"has-post-comment","15":"has-post-author","16":"","17":"fullcover","19":"first","20":"instock","21":"taxable","22":"shipping-taxable","23":"purchasable","24":"product-type-variable"},"jetpack_sharing_enabled":true,"builder_content":"","_links":{"self":[{"href":"https:\/\/fittingsgo.com\/fr\/wp-json\/wp\/v2\/product\/6127","targetHints":{"allow":["GET"]}}],"collection":[{"href":"https:\/\/fittingsgo.com\/fr\/wp-json\/wp\/v2\/product"}],"about":[{"href":"https:\/\/fittingsgo.com\/fr\/wp-json\/wp\/v2\/types\/product"}],"replies":[{"embeddable":true,"href":"https:\/\/fittingsgo.com\/fr\/wp-json\/wp\/v2\/comments?post=6127"}],"wp:featuredmedia":[{"embeddable":true,"href":"https:\/\/fittingsgo.com\/fr\/wp-json\/wp\/v2\/media\/6126"}],"wp:attachment":[{"href":"https:\/\/fittingsgo.com\/fr\/wp-json\/wp\/v2\/media?parent=6127"}],"wp:term":[{"taxonomy":"product_brand","embeddable":true,"href":"https:\/\/fittingsgo.com\/fr\/wp-json\/wp\/v2\/product_brand?post=6127"},{"taxonomy":"product_cat","embeddable":true,"href":"https:\/\/fittingsgo.com\/fr\/wp-json\/wp\/v2\/product_cat?post=6127"},{"taxonomy":"product_tag","embeddable":true,"href":"https:\/\/fittingsgo.com\/fr\/wp-json\/wp\/v2\/product_tag?post=6127"}],"curies":[{"name":"wp","href":"https:\/\/api.w.org\/{rel}","templated":true}]}}