{"id":6117,"date":"2019-07-30T21:08:35","date_gmt":"2019-07-31T02:08:35","guid":{"rendered":"https:\/\/fittingsgo.com\/product\/materiel-de-joint-en-caoutchouc-et-liege\/"},"modified":"2023-05-29T14:29:08","modified_gmt":"2023-05-29T19:29:08","slug":"materiel-de-joint-en-caoutchouc-et-liege","status":"publish","type":"product","link":"https:\/\/fittingsgo.com\/fr\/produit\/materiel-de-joint-en-caoutchouc-et-liege\/","title":{"rendered":"Mat\u00e9riel de joint en caoutchouc et li\u00e8ge"},"content":{"rendered":"<p>3018, 3019, 3026<\/p>\n<div id=\"themify_builder_content-6117\" data-postid=\"6117\" class=\"themify_builder_content themify_builder_content-6117 themify_builder\">\n    <\/div>\n<!-- \/themify_builder_content -->\n","protected":false},"excerpt":{"rendered":"<p>Un excellent mat\u00e9riau pour l&#8217;huile d&#8217;\u00e9tanch\u00e9it\u00e9, le liquide de refroidissement ou l&#8217;essence. Son utilisation est recommand\u00e9e pour les applications de couvercle de soupape, carter d&#8217;huile et carter.<br \/>\nFeuille de 10 po x 26 po individuellement roul\u00e9es et envelopp\u00e9es dans du plastique transparent.<br \/>\nFabriqu\u00e9 par Fel-Pro.<\/p>\n","protected":false},"featured_media":6116,"comment_status":"open","ping_status":"closed","template":"","meta":[],"product_brand":[],"product_cat":[637],"product_tag":[180,189,177],"class_list":{"0":"post-6117","1":"product","2":"type-product","3":"status-publish","4":"has-post-thumbnail","6":"product_cat-feuilles-de-gasket","7":"product_tag-automotive-fr","8":"product_tag-fournitures-datelier","9":"product_tag-pieces-dautos","10":"has-post-title","11":"has-post-date","12":"has-post-category","13":"has-post-tag","14":"has-post-comment","15":"has-post-author","16":"","17":"fullcover","19":"first","20":"instock","21":"taxable","22":"shipping-taxable","23":"purchasable","24":"product-type-variable"},"jetpack_sharing_enabled":true,"builder_content":"","_links":{"self":[{"href":"https:\/\/fittingsgo.com\/fr\/wp-json\/wp\/v2\/product\/6117","targetHints":{"allow":["GET"]}}],"collection":[{"href":"https:\/\/fittingsgo.com\/fr\/wp-json\/wp\/v2\/product"}],"about":[{"href":"https:\/\/fittingsgo.com\/fr\/wp-json\/wp\/v2\/types\/product"}],"replies":[{"embeddable":true,"href":"https:\/\/fittingsgo.com\/fr\/wp-json\/wp\/v2\/comments?post=6117"}],"wp:featuredmedia":[{"embeddable":true,"href":"https:\/\/fittingsgo.com\/fr\/wp-json\/wp\/v2\/media\/6116"}],"wp:attachment":[{"href":"https:\/\/fittingsgo.com\/fr\/wp-json\/wp\/v2\/media?parent=6117"}],"wp:term":[{"taxonomy":"product_brand","embeddable":true,"href":"https:\/\/fittingsgo.com\/fr\/wp-json\/wp\/v2\/product_brand?post=6117"},{"taxonomy":"product_cat","embeddable":true,"href":"https:\/\/fittingsgo.com\/fr\/wp-json\/wp\/v2\/product_cat?post=6117"},{"taxonomy":"product_tag","embeddable":true,"href":"https:\/\/fittingsgo.com\/fr\/wp-json\/wp\/v2\/product_tag?post=6117"}],"curies":[{"name":"wp","href":"https:\/\/api.w.org\/{rel}","templated":true}]}}