{"id":6103,"date":"2019-07-30T20:22:34","date_gmt":"2019-07-31T01:22:34","guid":{"rendered":"https:\/\/fittingsgo.com\/product\/boulons-banjo\/"},"modified":"2019-07-30T20:29:52","modified_gmt":"2019-07-31T01:29:52","slug":"boulons-banjo","status":"publish","type":"product","link":"https:\/\/fittingsgo.com\/fr\/produit\/boulons-banjo\/","title":{"rendered":"Boulons banjo"},"content":{"rendered":"<p>Interchange: 13940, 13936, 13937, 13947, 13935, 13939, 13938, 14100, 13912, <\/p>\n<div id=\"themify_builder_content-6103\" data-postid=\"6103\" class=\"themify_builder_content themify_builder_content-6103 themify_builder\">\n    <\/div>\n<!-- \/themify_builder_content -->\n","protected":false},"excerpt":{"rendered":"<p>Tous nos boulons d\u2019\u00e9trier sont fabriqu\u00e9s \u00e0 partir de mat\u00e9riaux de haute qualit\u00e9 pour une long\u00e9vit\u00e9 accrue.<br \/>\nVendus s\u00e9par\u00e9ment.<\/p>\n","protected":false},"featured_media":6093,"comment_status":"open","ping_status":"closed","template":"","meta":[],"product_brand":[],"product_cat":[328],"product_tag":[180,189,196,177],"class_list":{"0":"post-6103","1":"product","2":"type-product","3":"status-publish","4":"has-post-thumbnail","6":"product_cat-boulons-banjo","7":"product_tag-automotive-fr","8":"product_tag-fournitures-datelier","9":"product_tag-pieces-a-freins","10":"product_tag-pieces-dautos","11":"has-post-title","12":"has-post-date","13":"has-post-category","14":"has-post-tag","15":"has-post-comment","16":"has-post-author","17":"","18":"fullcover","20":"first","21":"instock","22":"taxable","23":"shipping-taxable","24":"purchasable","25":"product-type-variable"},"jetpack_sharing_enabled":true,"builder_content":"","_links":{"self":[{"href":"https:\/\/fittingsgo.com\/fr\/wp-json\/wp\/v2\/product\/6103","targetHints":{"allow":["GET"]}}],"collection":[{"href":"https:\/\/fittingsgo.com\/fr\/wp-json\/wp\/v2\/product"}],"about":[{"href":"https:\/\/fittingsgo.com\/fr\/wp-json\/wp\/v2\/types\/product"}],"replies":[{"embeddable":true,"href":"https:\/\/fittingsgo.com\/fr\/wp-json\/wp\/v2\/comments?post=6103"}],"wp:featuredmedia":[{"embeddable":true,"href":"https:\/\/fittingsgo.com\/fr\/wp-json\/wp\/v2\/media\/6093"}],"wp:attachment":[{"href":"https:\/\/fittingsgo.com\/fr\/wp-json\/wp\/v2\/media?parent=6103"}],"wp:term":[{"taxonomy":"product_brand","embeddable":true,"href":"https:\/\/fittingsgo.com\/fr\/wp-json\/wp\/v2\/product_brand?post=6103"},{"taxonomy":"product_cat","embeddable":true,"href":"https:\/\/fittingsgo.com\/fr\/wp-json\/wp\/v2\/product_cat?post=6103"},{"taxonomy":"product_tag","embeddable":true,"href":"https:\/\/fittingsgo.com\/fr\/wp-json\/wp\/v2\/product_tag?post=6103"}],"curies":[{"name":"wp","href":"https:\/\/api.w.org\/{rel}","templated":true}]}}