{"id":6090,"date":"2019-07-28T22:23:08","date_gmt":"2019-07-29T03:23:08","guid":{"rendered":"https:\/\/fittingsgo.com\/product\/evacuateur-de-fluide-plus\/"},"modified":"2019-08-22T20:13:27","modified_gmt":"2019-08-23T01:13:27","slug":"evacuateur-de-fluide-plus","status":"publish","type":"product","link":"https:\/\/fittingsgo.com\/fr\/produit\/evacuateur-de-fluide-plus\/","title":{"rendered":"\u00c9vacuateur de fluide plus"},"content":{"rendered":"<p>MV7201<\/p>\n<div id=\"themify_builder_content-6090\" data-postid=\"6090\" class=\"themify_builder_content themify_builder_content-6090 themify_builder\">\n    <\/div>\n<!-- \/themify_builder_content -->\n","protected":false},"excerpt":{"rendered":"<p>Sur simple pression d&#8217;un bouton, cette unit\u00e9 polyvalente passe du vide \u00e0 la pression pour \u00e9vacuer ou distribuer des fluides. Cette fonctionnalit\u00e9 le rend id\u00e9al pour vider les r\u00e9servoirs ou les r\u00e9servoirs, puis pomper le fluide utilis\u00e9 pour une \u00e9limination facile. Plusieurs unit\u00e9s fonctionnent tr\u00e8s bien &#8211; \u00e9vacuez simplement les fluides us\u00e9s avec une seule unit\u00e9, puis remplissez-les rapidement avec du nouveau fluide en une seconde. Pour une mobilit\u00e9 sup\u00e9rieure, le MV7201 utilise une pompe manuelle, de sorte que de l&#8217;air comprim\u00e9 ou de l&#8217;\u00e9lectricit\u00e9 ne sont pas n\u00e9cessaires. Des accessoires sont inclus pour vidanger l&#8217;huile moteur ou le liquide de transmission directement \u00e0 travers les tubes de jauge.<br \/>\nFonctionnalit\u00e9s:<br \/>\nEvacue ou dispense sur simple pression d&#8217;un bouton.<br \/>\nFonctionnement manuel pratique de la pompe.<br \/>\nInt\u00e9gr\u00e9 2.3 gal. (8,8 l) r\u00e9servoir de capacit\u00e9.<br \/>\nGrande base avec stabilisateur de pied.<br \/>\nConstruction en poly\u00e9thyl\u00e8ne durable et r\u00e9sistant aux produits chimiques.<br \/>\nPr\u00e9vention automatique des d\u00e9bordements.<br \/>\nBec verseur \u00e0 vidange rapide.<br \/>\nFabriqu\u00e9 par Mityvac.<br \/>\nManuel (en anglais seulement): <a href=\"https:\/\/fittingsgo.com\/wp-content\/uploads\/2019\/07\/MV7201.pdf\" target=\"_blank\" rel=\"noopener\">MV7201<\/a><\/p>\n","protected":false},"featured_media":6089,"comment_status":"open","ping_status":"closed","template":"","meta":[],"product_brand":[],"product_cat":[197],"product_tag":[180,189,177],"class_list":{"0":"post-6090","1":"product","2":"type-product","3":"status-publish","4":"has-post-thumbnail","6":"product_cat-outils-de-transfert-de-fluide","7":"product_tag-automotive-fr","8":"product_tag-fournitures-datelier","9":"product_tag-pieces-dautos","10":"has-post-title","11":"has-post-date","12":"has-post-category","13":"has-post-tag","14":"has-post-comment","15":"has-post-author","16":"","17":"fullcover","19":"first","20":"instock","21":"taxable","22":"shipping-taxable","23":"purchasable","24":"product-type-simple"},"jetpack_sharing_enabled":true,"builder_content":"","_links":{"self":[{"href":"https:\/\/fittingsgo.com\/fr\/wp-json\/wp\/v2\/product\/6090","targetHints":{"allow":["GET"]}}],"collection":[{"href":"https:\/\/fittingsgo.com\/fr\/wp-json\/wp\/v2\/product"}],"about":[{"href":"https:\/\/fittingsgo.com\/fr\/wp-json\/wp\/v2\/types\/product"}],"replies":[{"embeddable":true,"href":"https:\/\/fittingsgo.com\/fr\/wp-json\/wp\/v2\/comments?post=6090"}],"wp:featuredmedia":[{"embeddable":true,"href":"https:\/\/fittingsgo.com\/fr\/wp-json\/wp\/v2\/media\/6089"}],"wp:attachment":[{"href":"https:\/\/fittingsgo.com\/fr\/wp-json\/wp\/v2\/media?parent=6090"}],"wp:term":[{"taxonomy":"product_brand","embeddable":true,"href":"https:\/\/fittingsgo.com\/fr\/wp-json\/wp\/v2\/product_brand?post=6090"},{"taxonomy":"product_cat","embeddable":true,"href":"https:\/\/fittingsgo.com\/fr\/wp-json\/wp\/v2\/product_cat?post=6090"},{"taxonomy":"product_tag","embeddable":true,"href":"https:\/\/fittingsgo.com\/fr\/wp-json\/wp\/v2\/product_tag?post=6090"}],"curies":[{"name":"wp","href":"https:\/\/api.w.org\/{rel}","templated":true}]}}