{"id":6072,"date":"2019-07-28T21:53:30","date_gmt":"2019-07-29T02:53:30","guid":{"rendered":"https:\/\/fittingsgo.com\/product\/coupleur-de-graisse\/"},"modified":"2019-08-22T20:18:18","modified_gmt":"2019-08-23T01:18:18","slug":"coupleur-de-graisse","status":"publish","type":"product","link":"https:\/\/fittingsgo.com\/fr\/produit\/coupleur-de-graisse\/","title":{"rendered":"Coupleur de graisse"},"content":{"rendered":"<p>5852<\/p>\n<div id=\"themify_builder_content-6072\" data-postid=\"6072\" class=\"themify_builder_content themify_builder_content-6072 themify_builder\">\n    <\/div>\n<!-- \/themify_builder_content -->\n","protected":false},"excerpt":{"rendered":"<p>&#8211; Pression de service maximale de 6 000 psi (408 bar).<br \/>\n&#8211; Pour tous les graisseurs de type hydraulique.<br \/>\n&#8211; Le petit diam\u00e8tre ext\u00e9rieur permet facilement<br \/>\ncontact avec raccords encastr\u00e9s.<br \/>\n&#8211; Le contr\u00f4le de la balle int\u00e9gr\u00e9 emp\u00eache les fuites et r\u00e9serve de lubrifiant.<br \/>\n&#8211; Entr\u00e9e 1\/8 po. NPT (f).<br \/>\nFabriqu\u00e9 par Lincoln Industrial.<\/p>\n","protected":false},"featured_media":6071,"comment_status":"open","ping_status":"closed","template":"","meta":[],"product_brand":[],"product_cat":[203],"product_tag":[180,189,177],"class_list":{"0":"post-6072","1":"product","2":"type-product","3":"status-publish","4":"has-post-thumbnail","6":"product_cat-pistolets-a-graisse-et-accessoires","7":"product_tag-automotive-fr","8":"product_tag-fournitures-datelier","9":"product_tag-pieces-dautos","10":"has-post-title","11":"has-post-date","12":"has-post-category","13":"has-post-tag","14":"has-post-comment","15":"has-post-author","16":"","17":"fullcover","19":"first","20":"instock","21":"taxable","22":"shipping-taxable","23":"purchasable","24":"product-type-simple"},"jetpack_sharing_enabled":true,"builder_content":"","_links":{"self":[{"href":"https:\/\/fittingsgo.com\/fr\/wp-json\/wp\/v2\/product\/6072","targetHints":{"allow":["GET"]}}],"collection":[{"href":"https:\/\/fittingsgo.com\/fr\/wp-json\/wp\/v2\/product"}],"about":[{"href":"https:\/\/fittingsgo.com\/fr\/wp-json\/wp\/v2\/types\/product"}],"replies":[{"embeddable":true,"href":"https:\/\/fittingsgo.com\/fr\/wp-json\/wp\/v2\/comments?post=6072"}],"wp:featuredmedia":[{"embeddable":true,"href":"https:\/\/fittingsgo.com\/fr\/wp-json\/wp\/v2\/media\/6071"}],"wp:attachment":[{"href":"https:\/\/fittingsgo.com\/fr\/wp-json\/wp\/v2\/media?parent=6072"}],"wp:term":[{"taxonomy":"product_brand","embeddable":true,"href":"https:\/\/fittingsgo.com\/fr\/wp-json\/wp\/v2\/product_brand?post=6072"},{"taxonomy":"product_cat","embeddable":true,"href":"https:\/\/fittingsgo.com\/fr\/wp-json\/wp\/v2\/product_cat?post=6072"},{"taxonomy":"product_tag","embeddable":true,"href":"https:\/\/fittingsgo.com\/fr\/wp-json\/wp\/v2\/product_tag?post=6072"}],"curies":[{"name":"wp","href":"https:\/\/api.w.org\/{rel}","templated":true}]}}