{"id":6062,"date":"2019-07-28T21:31:19","date_gmt":"2019-07-29T02:31:19","guid":{"rendered":"https:\/\/fittingsgo.com\/product\/pistolet-graisseur-a-batterie-au-lithium-ionique-powerluber-20-v\/"},"modified":"2019-08-22T20:20:31","modified_gmt":"2019-08-23T01:20:31","slug":"pistolet-graisseur-a-batterie-au-lithium-ionique-powerluber-20-v","status":"publish","type":"product","link":"https:\/\/fittingsgo.com\/fr\/produit\/pistolet-graisseur-a-batterie-au-lithium-ionique-powerluber-20-v\/","title":{"rendered":"Pistolet graisseur \u00e0 batterie au lithium ionique PowerLuber 20 V"},"content":{"rendered":"<p>1884<\/p>\n<div id=\"themify_builder_content-6062\" data-postid=\"6062\" class=\"themify_builder_content themify_builder_content-6062 themify_builder\">\n    <\/div>\n<!-- \/themify_builder_content -->\n","protected":false},"excerpt":{"rendered":"<p>&#8211; La t\u00eate motoris\u00e9e \u00e0 couple \u00e9lev\u00e9 redessin\u00e9e du PowerLuber d\u00e9livre de la graisse jusqu\u2019\u00e0 689,5 bar (10 000 psi) dans les r\u00e9glages de sortie haut et bas.<br \/>\n&#8211; L\u2019affichage \u00e0 cristaux liquides (LCD) de l\u2019outil indique avec pr\u00e9cision les lectures standard telles que le niveau de charge de la batterie et le d\u00e9bit de graisse (grammes ou onces).<br \/>\n&#8211; S\u00e9lecteur num\u00e9rique de sortie de graisse \u00e0 deux vitesses. Sur simple pression d&#8217;un bouton, passez d&#8217;une distribution \u00e0 faible volume \u00e0 une distribution \u00e0 haut volume.<br \/>\n&#8211; Le tuyau flexible de 36 po (91 cm) est livr\u00e9 avec un prot\u00e8ge-ressort anti-d\u00e9formation \u00e0 chaque extr\u00e9mit\u00e9 et constitue la taille id\u00e9ale pour la plupart des t\u00e2ches de lubrification.<br \/>\n&#8211; La technologie Lithium-ion est puissante et efficace, fournissant un flux d\u2019\u00e9nergie uniforme et \u00e9liminant le ralentissement associ\u00e9 au NiCad, tout en offrant trois fois le cycle de charge.<br \/>\nEmball\u00e9 dans une mallette de transport robuste et pratique, en plastique r\u00e9sistant aux chocs et aux taches.<br \/>\nLivr\u00e9 avec 2 piles rechargeables au lithium-ion 20 V (mod\u00e8le 1871).<br \/>\nFabriqu\u00e9 par Lincoln Industrial.<br \/>\nGraisse non comprise.<br \/>\nManuel (en anglais seulement): <a href=\"https:\/\/fittingsgo.com\/wp-content\/uploads\/2019\/07\/1884.pdf\" target=\"_blank\" rel=\"noopener\">1884<\/a><\/p>\n","protected":false},"featured_media":6057,"comment_status":"open","ping_status":"closed","template":"","meta":[],"product_brand":[],"product_cat":[203],"product_tag":[180,189,177],"class_list":{"0":"post-6062","1":"product","2":"type-product","3":"status-publish","4":"has-post-thumbnail","6":"product_cat-pistolets-a-graisse-et-accessoires","7":"product_tag-automotive-fr","8":"product_tag-fournitures-datelier","9":"product_tag-pieces-dautos","10":"has-post-title","11":"has-post-date","12":"has-post-category","13":"has-post-tag","14":"has-post-comment","15":"has-post-author","16":"","17":"fullcover","19":"first","20":"instock","21":"taxable","22":"shipping-taxable","23":"purchasable","24":"product-type-simple"},"jetpack_sharing_enabled":true,"builder_content":"","_links":{"self":[{"href":"https:\/\/fittingsgo.com\/fr\/wp-json\/wp\/v2\/product\/6062","targetHints":{"allow":["GET"]}}],"collection":[{"href":"https:\/\/fittingsgo.com\/fr\/wp-json\/wp\/v2\/product"}],"about":[{"href":"https:\/\/fittingsgo.com\/fr\/wp-json\/wp\/v2\/types\/product"}],"replies":[{"embeddable":true,"href":"https:\/\/fittingsgo.com\/fr\/wp-json\/wp\/v2\/comments?post=6062"}],"wp:featuredmedia":[{"embeddable":true,"href":"https:\/\/fittingsgo.com\/fr\/wp-json\/wp\/v2\/media\/6057"}],"wp:attachment":[{"href":"https:\/\/fittingsgo.com\/fr\/wp-json\/wp\/v2\/media?parent=6062"}],"wp:term":[{"taxonomy":"product_brand","embeddable":true,"href":"https:\/\/fittingsgo.com\/fr\/wp-json\/wp\/v2\/product_brand?post=6062"},{"taxonomy":"product_cat","embeddable":true,"href":"https:\/\/fittingsgo.com\/fr\/wp-json\/wp\/v2\/product_cat?post=6062"},{"taxonomy":"product_tag","embeddable":true,"href":"https:\/\/fittingsgo.com\/fr\/wp-json\/wp\/v2\/product_tag?post=6062"}],"curies":[{"name":"wp","href":"https:\/\/api.w.org\/{rel}","templated":true}]}}