{"id":6052,"date":"2019-07-28T21:17:26","date_gmt":"2019-07-29T02:17:26","guid":{"rendered":"https:\/\/fittingsgo.com\/product\/pistolet-graisseur-a-levier-avec-rallonge\/"},"modified":"2019-08-22T20:21:40","modified_gmt":"2019-08-23T01:21:40","slug":"pistolet-graisseur-a-levier-avec-rallonge","status":"publish","type":"product","link":"https:\/\/fittingsgo.com\/fr\/produit\/pistolet-graisseur-a-levier-avec-rallonge\/","title":{"rendered":"Pistolet graisseur \u00e0 levier (avec rallonge)"},"content":{"rendered":"<p>1142<\/p>\n<div id=\"themify_builder_content-6052\" data-postid=\"6052\" class=\"themify_builder_content themify_builder_content-6052 themify_builder\">\n    <\/div>\n<!-- \/themify_builder_content -->\n","protected":false},"excerpt":{"rendered":"<p>Con\u00e7u pour les travaux difficiles avec une t\u00eate de pompe en fonte, un piston de pr\u00e9cision et un ressort suiveur extra-lourd. Avec extension de 6 pouces et coupleur.<br \/>\nFabriqu\u00e9 par Lincoln Industrial.<br \/>\nGraisse non comprise.<br \/>\nManuel (en anglais seulement): <a href=\"https:\/\/fittingsgo.com\/wp-content\/uploads\/2019\/07\/1142.pdf\" target=\"_blank\" rel=\"noopener\">1142<\/a><\/p>\n","protected":false},"featured_media":6051,"comment_status":"open","ping_status":"closed","template":"","meta":[],"product_brand":[],"product_cat":[203],"product_tag":[180,189,177],"class_list":{"0":"post-6052","1":"product","2":"type-product","3":"status-publish","4":"has-post-thumbnail","6":"product_cat-pistolets-a-graisse-et-accessoires","7":"product_tag-automotive-fr","8":"product_tag-fournitures-datelier","9":"product_tag-pieces-dautos","10":"has-post-title","11":"has-post-date","12":"has-post-category","13":"has-post-tag","14":"has-post-comment","15":"has-post-author","16":"","17":"fullcover","19":"first","20":"instock","21":"taxable","22":"shipping-taxable","23":"purchasable","24":"product-type-simple"},"jetpack_sharing_enabled":true,"builder_content":"","_links":{"self":[{"href":"https:\/\/fittingsgo.com\/fr\/wp-json\/wp\/v2\/product\/6052","targetHints":{"allow":["GET"]}}],"collection":[{"href":"https:\/\/fittingsgo.com\/fr\/wp-json\/wp\/v2\/product"}],"about":[{"href":"https:\/\/fittingsgo.com\/fr\/wp-json\/wp\/v2\/types\/product"}],"replies":[{"embeddable":true,"href":"https:\/\/fittingsgo.com\/fr\/wp-json\/wp\/v2\/comments?post=6052"}],"wp:featuredmedia":[{"embeddable":true,"href":"https:\/\/fittingsgo.com\/fr\/wp-json\/wp\/v2\/media\/6051"}],"wp:attachment":[{"href":"https:\/\/fittingsgo.com\/fr\/wp-json\/wp\/v2\/media?parent=6052"}],"wp:term":[{"taxonomy":"product_brand","embeddable":true,"href":"https:\/\/fittingsgo.com\/fr\/wp-json\/wp\/v2\/product_brand?post=6052"},{"taxonomy":"product_cat","embeddable":true,"href":"https:\/\/fittingsgo.com\/fr\/wp-json\/wp\/v2\/product_cat?post=6052"},{"taxonomy":"product_tag","embeddable":true,"href":"https:\/\/fittingsgo.com\/fr\/wp-json\/wp\/v2\/product_tag?post=6052"}],"curies":[{"name":"wp","href":"https:\/\/api.w.org\/{rel}","templated":true}]}}