{"id":6046,"date":"2019-07-28T21:04:54","date_gmt":"2019-07-29T02:04:54","guid":{"rendered":"https:\/\/fittingsgo.com\/product\/pistolet-a-graisse-a-levier-extra-robuste-avec-tuyau-souple\/"},"modified":"2019-08-22T20:22:41","modified_gmt":"2019-08-23T01:22:41","slug":"pistolet-a-graisse-a-levier-extra-robuste-avec-tuyau-souple","status":"publish","type":"product","link":"https:\/\/fittingsgo.com\/fr\/produit\/pistolet-a-graisse-a-levier-extra-robuste-avec-tuyau-souple\/","title":{"rendered":"Pistolet \u00e0 graisse \u00e0 levier extra-robuste (avec tuyau souple)"},"content":{"rendered":"<p>1147<\/p>\n<div id=\"themify_builder_content-6046\" data-postid=\"6046\" class=\"themify_builder_content themify_builder_content-6046 themify_builder\">\n    <\/div>\n<!-- \/themify_builder_content -->\n","protected":false},"excerpt":{"rendered":"<p>Con\u00e7u pour les travaux difficiles avec une t\u00eate de pompe en fonte, un piston de pr\u00e9cision et un ressort suiveur extra-lourd.<br \/>\n&#8211; Avec flexible et coupleur de 457 mm (18 po).<br \/>\nFabriqu\u00e9 par Lincoln Industrial<br \/>\nGraisse non comprise.<br \/>\nManuel (en anglais seulement): <a href=\"https:\/\/fittingsgo.com\/wp-content\/uploads\/2019\/07\/1147.pdf\" target=\"_blank\" rel=\"noopener\">1147<\/a><\/p>\n","protected":false},"featured_media":6041,"comment_status":"open","ping_status":"closed","template":"","meta":[],"product_brand":[],"product_cat":[203,211],"product_tag":[180,189,177],"class_list":{"0":"post-6046","1":"product","2":"type-product","3":"status-publish","4":"has-post-thumbnail","6":"product_cat-pistolets-a-graisse-et-accessoires","7":"product_cat-tuyaux-a-air-et-accessoires","8":"product_tag-automotive-fr","9":"product_tag-fournitures-datelier","10":"product_tag-pieces-dautos","11":"has-post-title","12":"has-post-date","13":"has-post-category","14":"has-post-tag","15":"has-post-comment","16":"has-post-author","17":"","18":"fullcover","20":"first","21":"instock","22":"taxable","23":"shipping-taxable","24":"purchasable","25":"product-type-simple"},"jetpack_sharing_enabled":true,"builder_content":"","_links":{"self":[{"href":"https:\/\/fittingsgo.com\/fr\/wp-json\/wp\/v2\/product\/6046","targetHints":{"allow":["GET"]}}],"collection":[{"href":"https:\/\/fittingsgo.com\/fr\/wp-json\/wp\/v2\/product"}],"about":[{"href":"https:\/\/fittingsgo.com\/fr\/wp-json\/wp\/v2\/types\/product"}],"replies":[{"embeddable":true,"href":"https:\/\/fittingsgo.com\/fr\/wp-json\/wp\/v2\/comments?post=6046"}],"wp:featuredmedia":[{"embeddable":true,"href":"https:\/\/fittingsgo.com\/fr\/wp-json\/wp\/v2\/media\/6041"}],"wp:attachment":[{"href":"https:\/\/fittingsgo.com\/fr\/wp-json\/wp\/v2\/media?parent=6046"}],"wp:term":[{"taxonomy":"product_brand","embeddable":true,"href":"https:\/\/fittingsgo.com\/fr\/wp-json\/wp\/v2\/product_brand?post=6046"},{"taxonomy":"product_cat","embeddable":true,"href":"https:\/\/fittingsgo.com\/fr\/wp-json\/wp\/v2\/product_cat?post=6046"},{"taxonomy":"product_tag","embeddable":true,"href":"https:\/\/fittingsgo.com\/fr\/wp-json\/wp\/v2\/product_tag?post=6046"}],"curies":[{"name":"wp","href":"https:\/\/api.w.org\/{rel}","templated":true}]}}