{"id":6035,"date":"2019-07-28T19:38:48","date_gmt":"2019-07-29T00:38:48","guid":{"rendered":"https:\/\/fittingsgo.com\/product\/graisse-polyvalente-valvoline\/"},"modified":"2020-03-22T11:16:20","modified_gmt":"2020-03-22T16:16:20","slug":"graisse-polyvalente-valvoline","status":"publish","type":"product","link":"https:\/\/fittingsgo.com\/fr\/produit\/graisse-polyvalente-valvoline\/","title":{"rendered":"Graisse polyvalente Valvoline"},"content":{"rendered":"<p>504972, 3087<\/p>\n<div id=\"themify_builder_content-6035\" data-postid=\"6035\" class=\"themify_builder_content themify_builder_content-6035 themify_builder\">\n    <\/div>\n<!-- \/themify_builder_content -->\n","protected":false},"excerpt":{"rendered":"<p>La graisse universelle extr\u00eame-pression \u00ab Val-Plex \u00bb de Valvoline offre une protection sup\u00e9rieure pour les \u00e9quipements de construction lourde. Id\u00e9ale pour lubrifier les tiges de godets et les joints universels, cette graisse au lithium contient des additifs extr\u00eame-pression pour une protection maximale lors du remplissage. Elle comprend \u00e9galement des inhibiteurs d&#8217;oxydation et de rouille pour aider \u00e0 prot\u00e9ger les pi\u00e8ces contre la corrosion. Ad\u00e9quate pour les intervalles de lubrification prolong\u00e9s, cette graisse offre une excellente r\u00e9sistance au lessivage par l&#8217;eau.<br \/>\nFabriqu\u00e9 par Valvoline.<\/p>\n","protected":false},"featured_media":12101,"comment_status":"open","ping_status":"closed","template":"","meta":[],"product_brand":[],"product_cat":[302],"product_tag":[180,189,177],"class_list":{"0":"post-6035","1":"product","2":"type-product","3":"status-publish","4":"has-post-thumbnail","6":"product_cat-graisses","7":"product_tag-automotive-fr","8":"product_tag-fournitures-datelier","9":"product_tag-pieces-dautos","10":"has-post-title","11":"has-post-date","12":"has-post-category","13":"has-post-tag","14":"has-post-comment","15":"has-post-author","16":"","17":"fullcover","19":"first","20":"instock","21":"taxable","22":"shipping-taxable","23":"purchasable","24":"product-type-variable"},"jetpack_sharing_enabled":true,"builder_content":"","_links":{"self":[{"href":"https:\/\/fittingsgo.com\/fr\/wp-json\/wp\/v2\/product\/6035","targetHints":{"allow":["GET"]}}],"collection":[{"href":"https:\/\/fittingsgo.com\/fr\/wp-json\/wp\/v2\/product"}],"about":[{"href":"https:\/\/fittingsgo.com\/fr\/wp-json\/wp\/v2\/types\/product"}],"replies":[{"embeddable":true,"href":"https:\/\/fittingsgo.com\/fr\/wp-json\/wp\/v2\/comments?post=6035"}],"wp:featuredmedia":[{"embeddable":true,"href":"https:\/\/fittingsgo.com\/fr\/wp-json\/wp\/v2\/media\/12101"}],"wp:attachment":[{"href":"https:\/\/fittingsgo.com\/fr\/wp-json\/wp\/v2\/media?parent=6035"}],"wp:term":[{"taxonomy":"product_brand","embeddable":true,"href":"https:\/\/fittingsgo.com\/fr\/wp-json\/wp\/v2\/product_brand?post=6035"},{"taxonomy":"product_cat","embeddable":true,"href":"https:\/\/fittingsgo.com\/fr\/wp-json\/wp\/v2\/product_cat?post=6035"},{"taxonomy":"product_tag","embeddable":true,"href":"https:\/\/fittingsgo.com\/fr\/wp-json\/wp\/v2\/product_tag?post=6035"}],"curies":[{"name":"wp","href":"https:\/\/api.w.org\/{rel}","templated":true}]}}