{"id":6029,"date":"2019-07-28T19:22:21","date_gmt":"2019-07-29T00:22:21","guid":{"rendered":"https:\/\/fittingsgo.com\/product\/pistolet-graisseur-robuste-a-poignee-pistolet-avec-rallonge\/"},"modified":"2019-08-22T20:27:00","modified_gmt":"2019-08-23T01:27:00","slug":"pistolet-graisseur-robuste-a-poignee-pistolet-avec-rallonge","status":"publish","type":"product","link":"https:\/\/fittingsgo.com\/fr\/produit\/pistolet-graisseur-robuste-a-poignee-pistolet-avec-rallonge\/","title":{"rendered":"Pistolet graisseur robuste \u00e0 poign\u00e9e pistolet (avec rallonge)"},"content":{"rendered":"<p>1132<\/p>\n<div id=\"themify_builder_content-6029\" data-postid=\"6029\" class=\"themify_builder_content themify_builder_content-6029 themify_builder\">\n    <\/div>\n<!-- \/themify_builder_content -->\n","protected":false},"excerpt":{"rendered":"<p>Op\u00e9ration rapide \u00e0 une main avec caract\u00e9ristiques et avantages similaires aux pistolets graisseurs \u00e0 levier Lincoln. Comprend une extension de 5 po (127 mm) avec coupleur.<br \/>\nFabriqu\u00e9 par Lincoln Industrial.<br \/>\nGraisse non inclue.<br \/>\n<a href=\"https:\/\/fittingsgo.com\/wp-content\/uploads\/2019\/07\/Product-Manual-1132-1133-Pistol-Grip-Grease-Gun.pdf\" target=\"_blank\" rel=\"noopener\">Product Manual 1132 1133 Pistol Grip Grease Gun<\/a><\/p>\n","protected":false},"featured_media":6028,"comment_status":"open","ping_status":"closed","template":"","meta":[],"product_brand":[],"product_cat":[203],"product_tag":[180,189,177],"class_list":{"0":"post-6029","1":"product","2":"type-product","3":"status-publish","4":"has-post-thumbnail","6":"product_cat-pistolets-a-graisse-et-accessoires","7":"product_tag-automotive-fr","8":"product_tag-fournitures-datelier","9":"product_tag-pieces-dautos","10":"has-post-title","11":"has-post-date","12":"has-post-category","13":"has-post-tag","14":"has-post-comment","15":"has-post-author","16":"","17":"fullcover","19":"first","20":"instock","21":"taxable","22":"shipping-taxable","23":"purchasable","24":"product-type-simple"},"jetpack_sharing_enabled":true,"builder_content":"","_links":{"self":[{"href":"https:\/\/fittingsgo.com\/fr\/wp-json\/wp\/v2\/product\/6029","targetHints":{"allow":["GET"]}}],"collection":[{"href":"https:\/\/fittingsgo.com\/fr\/wp-json\/wp\/v2\/product"}],"about":[{"href":"https:\/\/fittingsgo.com\/fr\/wp-json\/wp\/v2\/types\/product"}],"replies":[{"embeddable":true,"href":"https:\/\/fittingsgo.com\/fr\/wp-json\/wp\/v2\/comments?post=6029"}],"wp:featuredmedia":[{"embeddable":true,"href":"https:\/\/fittingsgo.com\/fr\/wp-json\/wp\/v2\/media\/6028"}],"wp:attachment":[{"href":"https:\/\/fittingsgo.com\/fr\/wp-json\/wp\/v2\/media?parent=6029"}],"wp:term":[{"taxonomy":"product_brand","embeddable":true,"href":"https:\/\/fittingsgo.com\/fr\/wp-json\/wp\/v2\/product_brand?post=6029"},{"taxonomy":"product_cat","embeddable":true,"href":"https:\/\/fittingsgo.com\/fr\/wp-json\/wp\/v2\/product_cat?post=6029"},{"taxonomy":"product_tag","embeddable":true,"href":"https:\/\/fittingsgo.com\/fr\/wp-json\/wp\/v2\/product_tag?post=6029"}],"curies":[{"name":"wp","href":"https:\/\/api.w.org\/{rel}","templated":true}]}}