{"id":5992,"date":"2019-07-19T20:07:05","date_gmt":"2019-07-20T01:07:05","guid":{"rendered":"https:\/\/fittingsgo.com\/product\/dispositif-de-mesure-de-filetage\/"},"modified":"2019-08-22T20:28:58","modified_gmt":"2019-08-23T01:28:58","slug":"dispositif-de-mesure-de-filetage","status":"publish","type":"product","link":"https:\/\/fittingsgo.com\/fr\/produit\/dispositif-de-mesure-de-filetage\/","title":{"rendered":"Dispositif de mesure de filetage"},"content":{"rendered":"<p>022-185, 022185<\/p>\n<div id=\"themify_builder_content-5992\" data-postid=\"5992\" class=\"themify_builder_content themify_builder_content-5992 themify_builder\">\n    <\/div>\n<!-- \/themify_builder_content -->\n","protected":false},"excerpt":{"rendered":"<p>Identifier le pas de fil est maintenant plus facile!<br \/>\nThread Detective est un identificateur de filetage pr\u00e9cis et facile \u00e0 utiliser pour les \u00e9crous et les boulons. Il consiste en des jauges de glissement bien assembl\u00e9es sur une lani\u00e8re en fil m\u00e9tallique. Il est particuli\u00e8rement bien adapt\u00e9 pour distinguer des filetages similaires en pouces et en m\u00e9triques. Notre identificateur de fil unique est disponible dans une combinaison de toutes les tailles m\u00e9triques et en pouces. \u00c9galement inclus avec une r\u00e8gle 3-3\/8 (85 mm) pour mesurer la longueur des goujons. Pour votre confort, nous fournissons un c\u00e2ble extra-long pour les endroits difficiles \u00e0 atteindre, ainsi que des boucles \u00e0 chaque extr\u00e9mit\u00e9 pour une suspension pratique.<\/p>\n<p>Notre identificateur de filetage contient les tailles d&#8217;\u00e9crou et de boulon m\u00e9triques et en pouces indiqu\u00e9es ci-dessous.<\/p>\n<p>Les identificateurs de filetage en pouces contiennent des tailles d\u2019\u00e9crou et de boulon de 6-32, 8-32, 10-24, 10-32, 1\/4-20, 1\/4-28, 5\/16-18, 5\/16-24, 3\/8-16, 3\/8-24, 7\/16-14, 7\/16-20, 1\/2-13, 1\/2-20.<\/p>\n<p>Les identificateurs de filetage m\u00e9triques contiennent des tailles d&#8217;\u00e9crous et de boulons de M4x0,7, M5x0,8, M6x1,0, M8x1,0, M8x1,25, M10x1,0, M10x1,25, M12x1,25, M12x1,5, M12x1,5, M12x1. .75.<\/p>\n","protected":false},"featured_media":5991,"comment_status":"open","ping_status":"closed","template":"","meta":[],"product_brand":[],"product_cat":[204],"product_tag":[180,177],"class_list":{"0":"post-5992","1":"product","2":"type-product","3":"status-publish","4":"has-post-thumbnail","6":"product_cat-outils-pour-mesurer","7":"product_tag-automotive-fr","8":"product_tag-pieces-dautos","9":"has-post-title","10":"has-post-date","11":"has-post-category","12":"has-post-tag","13":"has-post-comment","14":"has-post-author","15":"","16":"fullcover","18":"first","19":"instock","20":"taxable","21":"shipping-taxable","22":"purchasable","23":"product-type-simple"},"jetpack_sharing_enabled":true,"builder_content":"","_links":{"self":[{"href":"https:\/\/fittingsgo.com\/fr\/wp-json\/wp\/v2\/product\/5992","targetHints":{"allow":["GET"]}}],"collection":[{"href":"https:\/\/fittingsgo.com\/fr\/wp-json\/wp\/v2\/product"}],"about":[{"href":"https:\/\/fittingsgo.com\/fr\/wp-json\/wp\/v2\/types\/product"}],"replies":[{"embeddable":true,"href":"https:\/\/fittingsgo.com\/fr\/wp-json\/wp\/v2\/comments?post=5992"}],"wp:featuredmedia":[{"embeddable":true,"href":"https:\/\/fittingsgo.com\/fr\/wp-json\/wp\/v2\/media\/5991"}],"wp:attachment":[{"href":"https:\/\/fittingsgo.com\/fr\/wp-json\/wp\/v2\/media?parent=5992"}],"wp:term":[{"taxonomy":"product_brand","embeddable":true,"href":"https:\/\/fittingsgo.com\/fr\/wp-json\/wp\/v2\/product_brand?post=5992"},{"taxonomy":"product_cat","embeddable":true,"href":"https:\/\/fittingsgo.com\/fr\/wp-json\/wp\/v2\/product_cat?post=5992"},{"taxonomy":"product_tag","embeddable":true,"href":"https:\/\/fittingsgo.com\/fr\/wp-json\/wp\/v2\/product_tag?post=5992"}],"curies":[{"name":"wp","href":"https:\/\/api.w.org\/{rel}","templated":true}]}}