{"id":5901,"date":"2019-07-18T20:32:32","date_gmt":"2019-07-19T01:32:32","guid":{"rendered":"https:\/\/fittingsgo.com\/product\/revetement-en-caoutchouc\/"},"modified":"2020-09-07T22:48:58","modified_gmt":"2020-09-08T03:48:58","slug":"revetement-en-caoutchouc","status":"publish","type":"product","link":"https:\/\/fittingsgo.com\/fr\/produit\/revetement-en-caoutchouc\/","title":{"rendered":"Rev\u00eatement en caoutchouc"},"content":{"rendered":"<p>3095005, 30-95005, CUC101A00<\/p>\n<div id=\"themify_builder_content-5901\" data-postid=\"5901\" class=\"themify_builder_content themify_builder_content-5901 themify_builder\">\n    <\/div>\n<!-- \/themify_builder_content -->\n","protected":false},"excerpt":{"rendered":"<p>Le pare-gravier est id\u00e9al pour prot\u00e9ger les passages de roue, les r\u00e9servoirs de gaz, les cadres et les supports, les joints de soudure, les bacs de plancher, les portes et les panneaux lat\u00e9raux. Il offre \u00e9galement une protection \u00e9conomique ainsi que la possibilit\u00e9 de peinture, la r\u00e9sistance \u00e0 l&#8217;humidit\u00e9, la r\u00e9sistance \u00e0 la corrosion et une finition caoutchout\u00e9e durable.<br \/>\nFinition caoutchout\u00e9e protectrice et pouvant \u00eatre peinte<br \/>\n&#8211; Sec au toucher en une heure \/ poign\u00e9e en deux heures<br \/>\n&#8211; R\u00e9siste \u00e0 la rouille et am\u00e9liore l&#8217;apparence<br \/>\n&#8211; Utilisation sur les caisses de v\u00e9hicules et les remorques<br \/>\n&#8211; R\u00e9duit le bruit de la route<br \/>\n440 g<br \/>\nFabriqu\u00e9 par une qualit\u00e9 sup\u00e9rieure<\/p>\n","protected":false},"featured_media":14219,"comment_status":"open","ping_status":"closed","template":"","meta":[],"product_brand":[],"product_cat":[326],"product_tag":[180,177],"class_list":{"0":"post-5901","1":"product","2":"type-product","3":"status-publish","4":"has-post-thumbnail","6":"product_cat-peintures-apprets-etc","7":"product_tag-automotive-fr","8":"product_tag-pieces-dautos","9":"has-post-title","10":"has-post-date","11":"has-post-category","12":"has-post-tag","13":"has-post-comment","14":"has-post-author","15":"","16":"fullcover","18":"first","19":"outofstock","20":"taxable","21":"shipping-taxable","22":"purchasable","23":"product-type-simple"},"jetpack_sharing_enabled":true,"builder_content":"","_links":{"self":[{"href":"https:\/\/fittingsgo.com\/fr\/wp-json\/wp\/v2\/product\/5901","targetHints":{"allow":["GET"]}}],"collection":[{"href":"https:\/\/fittingsgo.com\/fr\/wp-json\/wp\/v2\/product"}],"about":[{"href":"https:\/\/fittingsgo.com\/fr\/wp-json\/wp\/v2\/types\/product"}],"replies":[{"embeddable":true,"href":"https:\/\/fittingsgo.com\/fr\/wp-json\/wp\/v2\/comments?post=5901"}],"wp:featuredmedia":[{"embeddable":true,"href":"https:\/\/fittingsgo.com\/fr\/wp-json\/wp\/v2\/media\/14219"}],"wp:attachment":[{"href":"https:\/\/fittingsgo.com\/fr\/wp-json\/wp\/v2\/media?parent=5901"}],"wp:term":[{"taxonomy":"product_brand","embeddable":true,"href":"https:\/\/fittingsgo.com\/fr\/wp-json\/wp\/v2\/product_brand?post=5901"},{"taxonomy":"product_cat","embeddable":true,"href":"https:\/\/fittingsgo.com\/fr\/wp-json\/wp\/v2\/product_cat?post=5901"},{"taxonomy":"product_tag","embeddable":true,"href":"https:\/\/fittingsgo.com\/fr\/wp-json\/wp\/v2\/product_tag?post=5901"}],"curies":[{"name":"wp","href":"https:\/\/api.w.org\/{rel}","templated":true}]}}