{"id":5889,"date":"2019-07-18T20:08:38","date_gmt":"2019-07-19T01:08:38","guid":{"rendered":"https:\/\/fittingsgo.com\/product\/revetement-de-tissu-et-de-vinyle\/"},"modified":"2020-09-07T11:34:20","modified_gmt":"2020-09-07T16:34:20","slug":"revetement-de-tissu-et-de-vinyle","status":"publish","type":"product","link":"https:\/\/fittingsgo.com\/fr\/produit\/revetement-de-tissu-et-de-vinyle\/","title":{"rendered":"Rev\u00eatement de tissu et de vinyle"},"content":{"rendered":"<p>CHVP10400, CHVP10500, CHVP10600, CHVP10800, CHVP11000, CHVP11100, CHVP11200, CHVP10000<\/p>\n<div id=\"themify_builder_content-5889\" data-postid=\"5889\" class=\"themify_builder_content themify_builder_content-5889 themify_builder\">\n    <\/div>\n<!-- \/themify_builder_content -->\n","protected":false},"excerpt":{"rendered":"<p>Restaurez ou personnalisez vos si\u00e8ges, tableaux de bord, panneaux de porte, bottes de changement de vitesse et consoles en vinyle avec rev\u00eatement en vinyle et en tissu Dupli-Color. Formul\u00e9 avec un promoteur d\u2019adh\u00e9sion maximum, il n\u2019ya donc pas besoin d\u2019appr\u00eat. Le rev\u00eatement de vinyle et de tissus Dupli-Color ne craquera pas, ne se d\u00e9collera pas, ne s&#8217;\u00e9caillera pas.<br \/>\nComprend une buse de pulv\u00e9risation \u00e0 ventilateur EZ Touch.<br \/>\n&#8211; Formule flexible auto-amor\u00e7ante<br \/>\n&#8211; R\u00e9siste aux craquelures, aux pellicules et au pelage<br \/>\n&#8211; Sec au toucher en 30 minutes \/ poign\u00e9e en une heure<br \/>\nFabriqu\u00e9 par Sherwin-Williams<\/p>\n","protected":false},"featured_media":5888,"comment_status":"open","ping_status":"closed","template":"","meta":[],"product_brand":[],"product_cat":[326],"product_tag":[180,177],"class_list":{"0":"post-5889","1":"product","2":"type-product","3":"status-publish","4":"has-post-thumbnail","6":"product_cat-peintures-apprets-etc","7":"product_tag-automotive-fr","8":"product_tag-pieces-dautos","9":"has-post-title","10":"has-post-date","11":"has-post-category","12":"has-post-tag","13":"has-post-comment","14":"has-post-author","15":"","16":"fullcover","18":"first","19":"instock","20":"taxable","21":"shipping-taxable","22":"purchasable","23":"product-type-variable"},"jetpack_sharing_enabled":true,"builder_content":"","_links":{"self":[{"href":"https:\/\/fittingsgo.com\/fr\/wp-json\/wp\/v2\/product\/5889","targetHints":{"allow":["GET"]}}],"collection":[{"href":"https:\/\/fittingsgo.com\/fr\/wp-json\/wp\/v2\/product"}],"about":[{"href":"https:\/\/fittingsgo.com\/fr\/wp-json\/wp\/v2\/types\/product"}],"replies":[{"embeddable":true,"href":"https:\/\/fittingsgo.com\/fr\/wp-json\/wp\/v2\/comments?post=5889"}],"wp:featuredmedia":[{"embeddable":true,"href":"https:\/\/fittingsgo.com\/fr\/wp-json\/wp\/v2\/media\/5888"}],"wp:attachment":[{"href":"https:\/\/fittingsgo.com\/fr\/wp-json\/wp\/v2\/media?parent=5889"}],"wp:term":[{"taxonomy":"product_brand","embeddable":true,"href":"https:\/\/fittingsgo.com\/fr\/wp-json\/wp\/v2\/product_brand?post=5889"},{"taxonomy":"product_cat","embeddable":true,"href":"https:\/\/fittingsgo.com\/fr\/wp-json\/wp\/v2\/product_cat?post=5889"},{"taxonomy":"product_tag","embeddable":true,"href":"https:\/\/fittingsgo.com\/fr\/wp-json\/wp\/v2\/product_tag?post=5889"}],"curies":[{"name":"wp","href":"https:\/\/api.w.org\/{rel}","templated":true}]}}