{"id":5861,"date":"2019-07-17T21:23:08","date_gmt":"2019-07-18T02:23:08","guid":{"rendered":"https:\/\/fittingsgo.com\/product\/promoteur-adhesion\/"},"modified":"2020-01-15T22:17:06","modified_gmt":"2020-01-16T03:17:06","slug":"promoteur-adhesion","status":"publish","type":"product","link":"https:\/\/fittingsgo.com\/fr\/produit\/promoteur-adhesion\/","title":{"rendered":"Promoteur d&#8217;adh\u00e9sion"},"content":{"rendered":"<p>CCP199<\/p>\n<div id=\"themify_builder_content-5861\" data-postid=\"5861\" class=\"themify_builder_content themify_builder_content-5861 themify_builder\">\n    <\/div>\n<!-- \/themify_builder_content -->\n","protected":false},"excerpt":{"rendered":"<p>Le promoteur d&#8217;adh\u00e9rence Dupli-Color am\u00e9liore l&#8217;adh\u00e9rence des couches de finition d&#8217;\u00e9mail et de laque sur toutes les surfaces, y compris le plastique et le chrome.<br \/>\nAdhesion Promoter est un appr\u00eat transparent polyvalent id\u00e9al pour les applications int\u00e9rieures et ext\u00e9rieures.<br \/>\nComprend une buse de pulv\u00e9risation \u00e0 ventilateur EZ Touch\u00ae<br \/>\n&#8211; Sec au toucher en 20 minutes \/ poign\u00e9e en une heure<br \/>\n&#8211; Am\u00e9liore l&#8217;adh\u00e9rence de la couche de finition au plastique et au chrome<br \/>\n&#8211; Utilisation sur les applications int\u00e9rieures et ext\u00e9rieures<br \/>\n&#8211; Appr\u00eat transparent \u00e0 s\u00e9chage rapide<br \/>\n&#8211; Id\u00e9al pour une utilisation sur toutes les surfaces m\u00e9talliques et plastiques.<br \/>\nFabriqu\u00e9 par Sherwin-Williams<\/p>\n","protected":false},"featured_media":5860,"comment_status":"open","ping_status":"closed","template":"","meta":[],"product_brand":[],"product_cat":[326],"product_tag":[180,177],"class_list":{"0":"post-5861","1":"product","2":"type-product","3":"status-publish","4":"has-post-thumbnail","6":"product_cat-peintures-apprets-etc","7":"product_tag-automotive-fr","8":"product_tag-pieces-dautos","9":"has-post-title","10":"has-post-date","11":"has-post-category","12":"has-post-tag","13":"has-post-comment","14":"has-post-author","15":"","16":"fullcover","18":"first","19":"instock","20":"taxable","21":"shipping-taxable","22":"purchasable","23":"product-type-simple"},"jetpack_sharing_enabled":true,"builder_content":"","_links":{"self":[{"href":"https:\/\/fittingsgo.com\/fr\/wp-json\/wp\/v2\/product\/5861","targetHints":{"allow":["GET"]}}],"collection":[{"href":"https:\/\/fittingsgo.com\/fr\/wp-json\/wp\/v2\/product"}],"about":[{"href":"https:\/\/fittingsgo.com\/fr\/wp-json\/wp\/v2\/types\/product"}],"replies":[{"embeddable":true,"href":"https:\/\/fittingsgo.com\/fr\/wp-json\/wp\/v2\/comments?post=5861"}],"wp:featuredmedia":[{"embeddable":true,"href":"https:\/\/fittingsgo.com\/fr\/wp-json\/wp\/v2\/media\/5860"}],"wp:attachment":[{"href":"https:\/\/fittingsgo.com\/fr\/wp-json\/wp\/v2\/media?parent=5861"}],"wp:term":[{"taxonomy":"product_brand","embeddable":true,"href":"https:\/\/fittingsgo.com\/fr\/wp-json\/wp\/v2\/product_brand?post=5861"},{"taxonomy":"product_cat","embeddable":true,"href":"https:\/\/fittingsgo.com\/fr\/wp-json\/wp\/v2\/product_cat?post=5861"},{"taxonomy":"product_tag","embeddable":true,"href":"https:\/\/fittingsgo.com\/fr\/wp-json\/wp\/v2\/product_tag?post=5861"}],"curies":[{"name":"wp","href":"https:\/\/api.w.org\/{rel}","templated":true}]}}