{"id":5852,"date":"2019-07-17T21:06:26","date_gmt":"2019-07-18T02:06:26","guid":{"rendered":"https:\/\/fittingsgo.com\/product\/appret-poncable\/"},"modified":"2020-01-15T22:17:08","modified_gmt":"2020-01-16T03:17:08","slug":"appret-poncable","status":"publish","type":"product","link":"https:\/\/fittingsgo.com\/fr\/produit\/appret-poncable\/","title":{"rendered":"Appr\u00eat pon\u00e7able"},"content":{"rendered":"<p>CDAP1687, CDAP1698, CDAP1689, CDAP1694, CDAP1692<br \/>\nDAP1687, DAP1698, DAP1689, DAP1694, DAP1692<\/p>\n<div id=\"themify_builder_content-5852\" data-postid=\"5852\" class=\"themify_builder_content themify_builder_content-5852 themify_builder\">\n    <\/div>\n<!-- \/themify_builder_content -->\n","protected":false},"excerpt":{"rendered":"<p>L&#8217;appr\u00eat pon\u00e7able Dupli-Color est un appr\u00eat polyvalent \u00e0 s\u00e9chage rapide qui peut \u00eatre ponc\u00e9 pour obtenir un fini lisse afin de favoriser l&#8217;uniformit\u00e9 de la couche de finition. Id\u00e9al pour le remplissage en douceur des fissures et des imperfections de la surface. Efficace sur les surfaces peintes et non peintes.<br \/>\nComprend une buse de pulv\u00e9risation \u00e0 ventilateur EZ Touch.<br \/>\n&#8211; Aide \u00e0 atteindre l&#8217;uniformit\u00e9 de la couche de finition<br \/>\n&#8211; Pour une utilisation sur des surfaces pr\u00e9peintes et non peintes<br \/>\n&#8211; Sable facilement<br \/>\n&#8211; Sec au toucher en 30 minutes \/ poign\u00e9e en une heure<br \/>\n&#8211; Utiliser sur des surfaces en m\u00e9tal, en bois et en fibre de verre.<br \/>\nFabriqu\u00e9 par Sherwin-Williams<\/p>\n","protected":false},"featured_media":5837,"comment_status":"open","ping_status":"closed","template":"","meta":[],"product_brand":[],"product_cat":[326],"product_tag":[180,177],"class_list":{"0":"post-5852","1":"product","2":"type-product","3":"status-publish","4":"has-post-thumbnail","6":"product_cat-peintures-apprets-etc","7":"product_tag-automotive-fr","8":"product_tag-pieces-dautos","9":"has-post-title","10":"has-post-date","11":"has-post-category","12":"has-post-tag","13":"has-post-comment","14":"has-post-author","15":"","16":"fullcover","18":"first","19":"instock","20":"taxable","21":"shipping-taxable","22":"purchasable","23":"product-type-variable"},"jetpack_sharing_enabled":true,"builder_content":"","_links":{"self":[{"href":"https:\/\/fittingsgo.com\/fr\/wp-json\/wp\/v2\/product\/5852","targetHints":{"allow":["GET"]}}],"collection":[{"href":"https:\/\/fittingsgo.com\/fr\/wp-json\/wp\/v2\/product"}],"about":[{"href":"https:\/\/fittingsgo.com\/fr\/wp-json\/wp\/v2\/types\/product"}],"replies":[{"embeddable":true,"href":"https:\/\/fittingsgo.com\/fr\/wp-json\/wp\/v2\/comments?post=5852"}],"wp:featuredmedia":[{"embeddable":true,"href":"https:\/\/fittingsgo.com\/fr\/wp-json\/wp\/v2\/media\/5837"}],"wp:attachment":[{"href":"https:\/\/fittingsgo.com\/fr\/wp-json\/wp\/v2\/media?parent=5852"}],"wp:term":[{"taxonomy":"product_brand","embeddable":true,"href":"https:\/\/fittingsgo.com\/fr\/wp-json\/wp\/v2\/product_brand?post=5852"},{"taxonomy":"product_cat","embeddable":true,"href":"https:\/\/fittingsgo.com\/fr\/wp-json\/wp\/v2\/product_cat?post=5852"},{"taxonomy":"product_tag","embeddable":true,"href":"https:\/\/fittingsgo.com\/fr\/wp-json\/wp\/v2\/product_tag?post=5852"}],"curies":[{"name":"wp","href":"https:\/\/api.w.org\/{rel}","templated":true}]}}