{"id":5828,"date":"2019-07-17T20:35:53","date_gmt":"2019-07-18T01:35:53","guid":{"rendered":"https:\/\/fittingsgo.com\/product\/appret-pour-metal-nu\/"},"modified":"2026-01-21T13:17:02","modified_gmt":"2026-01-21T18:17:02","slug":"appret-pour-metal-nu","status":"publish","type":"product","link":"https:\/\/fittingsgo.com\/fr\/produit\/appret-pour-metal-nu\/","title":{"rendered":"Appr\u00eat pour m\u00e9tal nu"},"content":{"rendered":"<p>CDAP1690, DAP1690<\/p>\n<div id=\"themify_builder_content-5828\" data-postid=\"5828\" class=\"themify_builder_content themify_builder_content-5828 themify_builder\">\n    <\/div>\n<!-- \/themify_builder_content -->\n","protected":false},"excerpt":{"rendered":"<p>L&#8217;appr\u00eat Dupli-Color attaque et amorce le m\u00e9tal nu en une seule \u00e9tape, ce qui en fait le produit id\u00e9al pour la premi\u00e8re \u00e9tape de tous les projets d&#8217;appr\u00eat pour v\u00e9hicules automobiles et pour les r\u00e9parations localis\u00e9es. Une formulation de haute qualit\u00e9 permet une adh\u00e9sion maximale sous tous les types de finitions automobiles sur les surfaces en plastique dur, en fibre de verre, en acier nu, en aluminium et en acier inoxydable.<br \/>\nComprend une buse de pulv\u00e9risation \u00e0 ventilateur EZ Touch\u00ae<br \/>\n&#8211; Capacit\u00e9 de gravure sup\u00e9rieure sur des surfaces nues<br \/>\n&#8211; Parfait pour les r\u00e9parations ponctuelles<br \/>\n&#8211; Adh\u00e9rence maximale et r\u00e9sistance \u00e0 la corrosion<br \/>\n&#8211; Sec au toucher en 30 minutes \/ poign\u00e9e en une heure<br \/>\n&#8211; Id\u00e9al pour utilisation sur le m\u00e9tal nu, l&#8217;aluminium et la fibre de verre.<br \/>\nFabriqu\u00e9 par Sherwin-Williams<\/p>\n","protected":false},"featured_media":5827,"comment_status":"open","ping_status":"closed","template":"","meta":[],"product_brand":[],"product_cat":[326],"product_tag":[],"class_list":{"0":"post-5828","1":"product","2":"type-product","3":"status-publish","4":"has-post-thumbnail","6":"product_cat-peintures-apprets-etc","7":"has-post-title","8":"has-post-date","9":"has-post-category","10":"has-post-tag","11":"has-post-comment","12":"has-post-author","13":"","14":"fullcover","16":"first","17":"instock","18":"taxable","19":"shipping-taxable","20":"purchasable","21":"product-type-simple"},"jetpack_sharing_enabled":true,"builder_content":"","_links":{"self":[{"href":"https:\/\/fittingsgo.com\/fr\/wp-json\/wp\/v2\/product\/5828","targetHints":{"allow":["GET"]}}],"collection":[{"href":"https:\/\/fittingsgo.com\/fr\/wp-json\/wp\/v2\/product"}],"about":[{"href":"https:\/\/fittingsgo.com\/fr\/wp-json\/wp\/v2\/types\/product"}],"replies":[{"embeddable":true,"href":"https:\/\/fittingsgo.com\/fr\/wp-json\/wp\/v2\/comments?post=5828"}],"wp:featuredmedia":[{"embeddable":true,"href":"https:\/\/fittingsgo.com\/fr\/wp-json\/wp\/v2\/media\/5827"}],"wp:attachment":[{"href":"https:\/\/fittingsgo.com\/fr\/wp-json\/wp\/v2\/media?parent=5828"}],"wp:term":[{"taxonomy":"product_brand","embeddable":true,"href":"https:\/\/fittingsgo.com\/fr\/wp-json\/wp\/v2\/product_brand?post=5828"},{"taxonomy":"product_cat","embeddable":true,"href":"https:\/\/fittingsgo.com\/fr\/wp-json\/wp\/v2\/product_cat?post=5828"},{"taxonomy":"product_tag","embeddable":true,"href":"https:\/\/fittingsgo.com\/fr\/wp-json\/wp\/v2\/product_tag?post=5828"}],"curies":[{"name":"wp","href":"https:\/\/api.w.org\/{rel}","templated":true}]}}