{"id":5822,"date":"2019-07-17T20:20:36","date_gmt":"2019-07-18T01:20:36","guid":{"rendered":"https:\/\/fittingsgo.com\/product\/appret-de-remplissage\/"},"modified":"2024-05-08T11:34:13","modified_gmt":"2024-05-08T16:34:13","slug":"appret-de-remplissage","status":"publish","type":"product","link":"https:\/\/fittingsgo.com\/fr\/produit\/appret-de-remplissage\/","title":{"rendered":"Appr\u00eat de remplissage"},"content":{"rendered":"<p>CFP101, CFP102, FP101, FP102<\/p>\n<div id=\"themify_builder_content-5822\" data-postid=\"5822\" class=\"themify_builder_content themify_builder_content-5822 themify_builder\">\n    <\/div>\n<!-- \/themify_builder_content -->\n","protected":false},"excerpt":{"rendered":"<p>L&#8217;appr\u00eat de remplissage Dupli-Color comprend une formulation pour l&#8217;industrie automobile \u00e0 forte structure capable de combler les \u00e9raflures profondes et les petites imperfections de surface.<br \/>\nUne finition sablable \u00e0 s\u00e9chage rapide permet une d\u00e9limitation ais\u00e9e des chants tout en offrant une surface lisse et r\u00e9sistante \u00e0 la rouille qui favorise l&#8217;uniformit\u00e9 de la couche de finition.<br \/>\nComprend une buse de pulv\u00e9risation \u00e0 ventilateur EZ Touch\u00ae<br \/>\n&#8211; Comble les \u00e9raflures profondes et les petites imperfections. Am\u00e9liore l&#8217;adh\u00e9rence de la couche de finition<br \/>\n&#8211; Formule haute<br \/>\n&#8211; Propri\u00e9t\u00e9s de pon\u00e7age faciles<br \/>\n&#8211; S\u00e9cher au toucher en 30 minutes \/ manipuler en une heure. Utiliser sur des surfaces en m\u00e9tal, en bois et en fibre de verre<br \/>\nFabriqu\u00e9 par Sherwin-Williams<\/p>\n","protected":false},"featured_media":5821,"comment_status":"open","ping_status":"closed","template":"","meta":[],"product_brand":[],"product_cat":[326],"product_tag":[180,177],"class_list":{"0":"post-5822","1":"product","2":"type-product","3":"status-publish","4":"has-post-thumbnail","6":"product_cat-peintures-apprets-etc","7":"product_tag-automotive-fr","8":"product_tag-pieces-dautos","9":"has-post-title","10":"has-post-date","11":"has-post-category","12":"has-post-tag","13":"has-post-comment","14":"has-post-author","15":"","16":"fullcover","18":"first","19":"instock","20":"taxable","21":"shipping-taxable","22":"purchasable","23":"product-type-variable"},"jetpack_sharing_enabled":true,"builder_content":"","_links":{"self":[{"href":"https:\/\/fittingsgo.com\/fr\/wp-json\/wp\/v2\/product\/5822","targetHints":{"allow":["GET"]}}],"collection":[{"href":"https:\/\/fittingsgo.com\/fr\/wp-json\/wp\/v2\/product"}],"about":[{"href":"https:\/\/fittingsgo.com\/fr\/wp-json\/wp\/v2\/types\/product"}],"replies":[{"embeddable":true,"href":"https:\/\/fittingsgo.com\/fr\/wp-json\/wp\/v2\/comments?post=5822"}],"wp:featuredmedia":[{"embeddable":true,"href":"https:\/\/fittingsgo.com\/fr\/wp-json\/wp\/v2\/media\/5821"}],"wp:attachment":[{"href":"https:\/\/fittingsgo.com\/fr\/wp-json\/wp\/v2\/media?parent=5822"}],"wp:term":[{"taxonomy":"product_brand","embeddable":true,"href":"https:\/\/fittingsgo.com\/fr\/wp-json\/wp\/v2\/product_brand?post=5822"},{"taxonomy":"product_cat","embeddable":true,"href":"https:\/\/fittingsgo.com\/fr\/wp-json\/wp\/v2\/product_cat?post=5822"},{"taxonomy":"product_tag","embeddable":true,"href":"https:\/\/fittingsgo.com\/fr\/wp-json\/wp\/v2\/product_tag?post=5822"}],"curies":[{"name":"wp","href":"https:\/\/api.w.org\/{rel}","templated":true}]}}