{"id":5774,"date":"2019-07-15T21:10:38","date_gmt":"2019-07-16T02:10:38","guid":{"rendered":"https:\/\/fittingsgo.com\/product\/ultra-extensibles-6-mm\/"},"modified":"2020-01-17T08:51:11","modified_gmt":"2020-01-17T13:51:11","slug":"gants-en-nitrile-ultra-extensibles-6-mm","status":"publish","type":"product","link":"https:\/\/fittingsgo.com\/fr\/produit\/gants-en-nitrile-ultra-extensibles-6-mm\/","title":{"rendered":"Gants en nitrile \u00abUltra-extensibles\u00bb 6 mm"},"content":{"rendered":"<div id=\"themify_builder_content-5774\" data-postid=\"5774\" class=\"themify_builder_content themify_builder_content-5774 themify_builder\">\n    <\/div>\n<!-- \/themify_builder_content -->\n","protected":false},"excerpt":{"rendered":"<p>Excellente sensibilit\u00e9.<br \/>\nPoint de rupture \u00e9lastique \u00e9lev\u00e9.<br \/>\nDurable et confortable.<br \/>\nPrise textur\u00e9e pour la s\u00e9lection de pi\u00e8ces haut de gamme.<br \/>\nFabriqu\u00e9 par Maktig.<br \/>\n100 gloves per box*<br \/>\n(* XXL has 90 gloves)<\/p>\n","protected":false},"featured_media":5773,"comment_status":"open","ping_status":"closed","template":"","meta":[],"product_brand":[],"product_cat":[322],"product_tag":[180,177],"class_list":{"0":"post-5774","1":"product","2":"type-product","3":"status-publish","4":"has-post-thumbnail","6":"product_cat-gants","7":"product_tag-automotive-fr","8":"product_tag-pieces-dautos","9":"has-post-title","10":"has-post-date","11":"has-post-category","12":"has-post-tag","13":"has-post-comment","14":"has-post-author","15":"","16":"fullcover","18":"first","19":"instock","20":"taxable","21":"shipping-taxable","22":"purchasable","23":"product-type-variable"},"jetpack_sharing_enabled":true,"builder_content":"","_links":{"self":[{"href":"https:\/\/fittingsgo.com\/fr\/wp-json\/wp\/v2\/product\/5774","targetHints":{"allow":["GET"]}}],"collection":[{"href":"https:\/\/fittingsgo.com\/fr\/wp-json\/wp\/v2\/product"}],"about":[{"href":"https:\/\/fittingsgo.com\/fr\/wp-json\/wp\/v2\/types\/product"}],"replies":[{"embeddable":true,"href":"https:\/\/fittingsgo.com\/fr\/wp-json\/wp\/v2\/comments?post=5774"}],"wp:featuredmedia":[{"embeddable":true,"href":"https:\/\/fittingsgo.com\/fr\/wp-json\/wp\/v2\/media\/5773"}],"wp:attachment":[{"href":"https:\/\/fittingsgo.com\/fr\/wp-json\/wp\/v2\/media?parent=5774"}],"wp:term":[{"taxonomy":"product_brand","embeddable":true,"href":"https:\/\/fittingsgo.com\/fr\/wp-json\/wp\/v2\/product_brand?post=5774"},{"taxonomy":"product_cat","embeddable":true,"href":"https:\/\/fittingsgo.com\/fr\/wp-json\/wp\/v2\/product_cat?post=5774"},{"taxonomy":"product_tag","embeddable":true,"href":"https:\/\/fittingsgo.com\/fr\/wp-json\/wp\/v2\/product_tag?post=5774"}],"curies":[{"name":"wp","href":"https:\/\/api.w.org\/{rel}","templated":true}]}}