{"id":5760,"date":"2019-07-14T22:34:07","date_gmt":"2019-07-15T03:34:07","guid":{"rendered":"https:\/\/fittingsgo.com\/product\/fr-liqui-moly-20w50\/"},"modified":"2019-08-22T20:49:08","modified_gmt":"2019-08-23T01:49:08","slug":"fr-liqui-moly-20w50","status":"publish","type":"product","link":"https:\/\/fittingsgo.com\/fr\/produit\/fr-liqui-moly-20w50\/","title":{"rendered":"Liqui Moly 20W50"},"content":{"rendered":"<p>LM20114<\/p>\n<div id=\"themify_builder_content-5760\" data-postid=\"5760\" class=\"themify_builder_content themify_builder_content-5760 themify_builder\">\n    <\/div>\n<!-- \/themify_builder_content -->\n","protected":false},"excerpt":{"rendered":"<p>TOURING HIGH TECH 20W-50<br \/>\nConvient particuli\u00e8rement aux v\u00e9hicules \u00e0 kilom\u00e9trage \u00e9lev\u00e9. Huile moteur hautes performances min\u00e9rale. Offre un tr\u00e8s bon pouvoir de suspension et de nettoyage. Garantit la plus grande stabilit\u00e9 du film lubrifiant, une pression d&#8217;huile id\u00e9ale et une protection maximale contre l&#8217;usure, m\u00eame dans des conditions critiques. Pour les v\u00e9hicules dot\u00e9s d&#8217;une technologie moteur \u00e9prouv\u00e9e.<br \/>\nACEA A3, ACEA B4, ACEA E2, API SL, API CG-4, Allison C4, MIL-L 2104 E<br \/>\n\u00c0 BASE MIN\u00c9RAL<br \/>\nFABRIQU\u00c9 EN ALLEMAGNE<br \/>\nConteneur de 5 l<\/p>\n","protected":false},"featured_media":5758,"comment_status":"open","ping_status":"closed","template":"","meta":[],"product_brand":[],"product_cat":[320],"product_tag":[180,177],"class_list":{"0":"post-5760","1":"product","2":"type-product","3":"status-publish","4":"has-post-thumbnail","6":"product_cat-huile-de-moteur","7":"product_tag-automotive-fr","8":"product_tag-pieces-dautos","9":"has-post-title","10":"has-post-date","11":"has-post-category","12":"has-post-tag","13":"has-post-comment","14":"has-post-author","15":"","16":"fullcover","18":"first","19":"instock","20":"taxable","21":"shipping-taxable","22":"purchasable","23":"product-type-simple"},"jetpack_sharing_enabled":true,"builder_content":"","_links":{"self":[{"href":"https:\/\/fittingsgo.com\/fr\/wp-json\/wp\/v2\/product\/5760","targetHints":{"allow":["GET"]}}],"collection":[{"href":"https:\/\/fittingsgo.com\/fr\/wp-json\/wp\/v2\/product"}],"about":[{"href":"https:\/\/fittingsgo.com\/fr\/wp-json\/wp\/v2\/types\/product"}],"replies":[{"embeddable":true,"href":"https:\/\/fittingsgo.com\/fr\/wp-json\/wp\/v2\/comments?post=5760"}],"wp:featuredmedia":[{"embeddable":true,"href":"https:\/\/fittingsgo.com\/fr\/wp-json\/wp\/v2\/media\/5758"}],"wp:attachment":[{"href":"https:\/\/fittingsgo.com\/fr\/wp-json\/wp\/v2\/media?parent=5760"}],"wp:term":[{"taxonomy":"product_brand","embeddable":true,"href":"https:\/\/fittingsgo.com\/fr\/wp-json\/wp\/v2\/product_brand?post=5760"},{"taxonomy":"product_cat","embeddable":true,"href":"https:\/\/fittingsgo.com\/fr\/wp-json\/wp\/v2\/product_cat?post=5760"},{"taxonomy":"product_tag","embeddable":true,"href":"https:\/\/fittingsgo.com\/fr\/wp-json\/wp\/v2\/product_tag?post=5760"}],"curies":[{"name":"wp","href":"https:\/\/api.w.org\/{rel}","templated":true}]}}