{"id":5755,"date":"2019-07-14T22:09:17","date_gmt":"2019-07-15T03:09:17","guid":{"rendered":"https:\/\/fittingsgo.com\/product\/fr-liqui-moly-15w40-diesel\/"},"modified":"2019-08-22T20:50:14","modified_gmt":"2019-08-23T01:50:14","slug":"fr-liqui-moly-15w40-diesel","status":"publish","type":"product","link":"https:\/\/fittingsgo.com\/fr\/produit\/fr-liqui-moly-15w40-diesel\/","title":{"rendered":"Liqui Moly 15W40 diesel"},"content":{"rendered":"<p>LM2044<\/p>\n<div id=\"themify_builder_content-5755\" data-postid=\"5755\" class=\"themify_builder_content themify_builder_content-5755 themify_builder\">\n    <\/div>\n<!-- \/themify_builder_content -->\n","protected":false},"excerpt":{"rendered":"<p>HUILE SP\u00c9CIAL TOURIES HIGH TECH DIESEL 15W-40<br \/>\nConvient particuli\u00e8rement aux v\u00e9hicules \u00e0 kilom\u00e9trage \u00e9lev\u00e9. Huile moteur hautes performances min\u00e9rale. Pour le conducteur diesel exigeant. R\u00e9duit l&#8217;\u00e9paississement de l&#8217;huile par p\u00e9n\u00e9tration des particules. Fournit un film lubrifiant stable m\u00eame dans des conditions de fonctionnement extr\u00eames. Avec une technologie avanc\u00e9e de protection contre l&#8217;usure. Conserve les joints du moteur, tels que le joint d&#8217;arbre et la tige de soupape, \u00e9lastiques et garantit une faible consommation d&#8217;huile. Pour les v\u00e9hicules diesel dot\u00e9s d&#8217;une technologie moteur \u00e9prouv\u00e9e.<br \/>\nACEA B4, ACEA E2, API CG-4, Allison C4, MAN M 3275-1, Volvo VDS<br \/>\n\u00c0 BASE MIN\u00c9RAL<br \/>\nFABRIQU\u00c9 EN ALLEMAGNE<\/p>\n","protected":false},"featured_media":5754,"comment_status":"open","ping_status":"closed","template":"","meta":[],"product_brand":[],"product_cat":[320],"product_tag":[180,177],"class_list":{"0":"post-5755","1":"product","2":"type-product","3":"status-publish","4":"has-post-thumbnail","6":"product_cat-huile-de-moteur","7":"product_tag-automotive-fr","8":"product_tag-pieces-dautos","9":"has-post-title","10":"has-post-date","11":"has-post-category","12":"has-post-tag","13":"has-post-comment","14":"has-post-author","15":"","16":"fullcover","18":"first","19":"outofstock","20":"taxable","21":"shipping-taxable","22":"purchasable","23":"product-type-simple"},"jetpack_sharing_enabled":true,"builder_content":"","_links":{"self":[{"href":"https:\/\/fittingsgo.com\/fr\/wp-json\/wp\/v2\/product\/5755","targetHints":{"allow":["GET"]}}],"collection":[{"href":"https:\/\/fittingsgo.com\/fr\/wp-json\/wp\/v2\/product"}],"about":[{"href":"https:\/\/fittingsgo.com\/fr\/wp-json\/wp\/v2\/types\/product"}],"replies":[{"embeddable":true,"href":"https:\/\/fittingsgo.com\/fr\/wp-json\/wp\/v2\/comments?post=5755"}],"wp:featuredmedia":[{"embeddable":true,"href":"https:\/\/fittingsgo.com\/fr\/wp-json\/wp\/v2\/media\/5754"}],"wp:attachment":[{"href":"https:\/\/fittingsgo.com\/fr\/wp-json\/wp\/v2\/media?parent=5755"}],"wp:term":[{"taxonomy":"product_brand","embeddable":true,"href":"https:\/\/fittingsgo.com\/fr\/wp-json\/wp\/v2\/product_brand?post=5755"},{"taxonomy":"product_cat","embeddable":true,"href":"https:\/\/fittingsgo.com\/fr\/wp-json\/wp\/v2\/product_cat?post=5755"},{"taxonomy":"product_tag","embeddable":true,"href":"https:\/\/fittingsgo.com\/fr\/wp-json\/wp\/v2\/product_tag?post=5755"}],"curies":[{"name":"wp","href":"https:\/\/api.w.org\/{rel}","templated":true}]}}