{"id":5749,"date":"2019-07-14T21:49:04","date_gmt":"2019-07-15T02:49:04","guid":{"rendered":"https:\/\/fittingsgo.com\/product\/fr-liqui-moly-10w60-racing-oil\/"},"modified":"2019-08-22T20:51:09","modified_gmt":"2019-08-23T01:51:09","slug":"fr-liqui-moly-10w60-huile-de-course","status":"publish","type":"product","link":"https:\/\/fittingsgo.com\/fr\/produit\/fr-liqui-moly-10w60-huile-de-course\/","title":{"rendered":"Liqui Moly 10W60 huile de course"},"content":{"rendered":"<p>LM2068<br \/>\nLM2024<\/p>\n<div id=\"themify_builder_content-5749\" data-postid=\"5749\" class=\"themify_builder_content themify_builder_content-5749 themify_builder\">\n    <\/div>\n<!-- \/themify_builder_content -->\n","protected":false},"excerpt":{"rendered":"<p>SYNTHOIL RACE TECH GT1 10W-60<br \/>\nHuile moteur enti\u00e8rement synth\u00e9tique \u00e0 faible frottement pour les conducteurs sportifs et les conditions de fonctionnement extr\u00eames. Offre une fiabilit\u00e9 de lubrification maximale, une pression d&#8217;huile optimale et une protection maximale contre l&#8217;usure gr\u00e2ce \u00e0 la viscosit\u00e9 classique du sport automobile. Des performances maximales et une r\u00e9serve de marche \u00e9lev\u00e9e vous permettent d&#8217;atteindre la ligne d&#8217;arriv\u00e9e plus rapidement et en toute s\u00e9curit\u00e9.<br \/>\nFABRIQU\u00c9 EN ALLEMAGNE<\/p>\n","protected":false},"featured_media":5748,"comment_status":"open","ping_status":"closed","template":"","meta":[],"product_brand":[],"product_cat":[320],"product_tag":[180,177],"class_list":{"0":"post-5749","1":"product","2":"type-product","3":"status-publish","4":"has-post-thumbnail","6":"product_cat-huile-de-moteur","7":"product_tag-automotive-fr","8":"product_tag-pieces-dautos","9":"has-post-title","10":"has-post-date","11":"has-post-category","12":"has-post-tag","13":"has-post-comment","14":"has-post-author","15":"","16":"fullcover","18":"first","19":"instock","20":"taxable","21":"shipping-taxable","22":"purchasable","23":"product-type-variable"},"jetpack_sharing_enabled":true,"builder_content":"","_links":{"self":[{"href":"https:\/\/fittingsgo.com\/fr\/wp-json\/wp\/v2\/product\/5749","targetHints":{"allow":["GET"]}}],"collection":[{"href":"https:\/\/fittingsgo.com\/fr\/wp-json\/wp\/v2\/product"}],"about":[{"href":"https:\/\/fittingsgo.com\/fr\/wp-json\/wp\/v2\/types\/product"}],"replies":[{"embeddable":true,"href":"https:\/\/fittingsgo.com\/fr\/wp-json\/wp\/v2\/comments?post=5749"}],"wp:featuredmedia":[{"embeddable":true,"href":"https:\/\/fittingsgo.com\/fr\/wp-json\/wp\/v2\/media\/5748"}],"wp:attachment":[{"href":"https:\/\/fittingsgo.com\/fr\/wp-json\/wp\/v2\/media?parent=5749"}],"wp:term":[{"taxonomy":"product_brand","embeddable":true,"href":"https:\/\/fittingsgo.com\/fr\/wp-json\/wp\/v2\/product_brand?post=5749"},{"taxonomy":"product_cat","embeddable":true,"href":"https:\/\/fittingsgo.com\/fr\/wp-json\/wp\/v2\/product_cat?post=5749"},{"taxonomy":"product_tag","embeddable":true,"href":"https:\/\/fittingsgo.com\/fr\/wp-json\/wp\/v2\/product_tag?post=5749"}],"curies":[{"name":"wp","href":"https:\/\/api.w.org\/{rel}","templated":true}]}}