{"id":5741,"date":"2019-07-14T21:14:18","date_gmt":"2019-07-15T02:14:18","guid":{"rendered":"https:\/\/fittingsgo.com\/product\/fr-liqui-moly-10w40-antifriction\/"},"modified":"2019-08-22T20:52:04","modified_gmt":"2019-08-23T01:52:04","slug":"fr-liqui-moly-10w40-antifriction","status":"publish","type":"product","link":"https:\/\/fittingsgo.com\/fr\/produit\/fr-liqui-moly-10w40-antifriction\/","title":{"rendered":"Liqui Moly 10W40 antifriction"},"content":{"rendered":"<p>LM2043<\/p>\n<div id=\"themify_builder_content-5741\" data-postid=\"5741\" class=\"themify_builder_content themify_builder_content-5741 themify_builder\">\n    <\/div>\n<!-- \/themify_builder_content -->\n","protected":false},"excerpt":{"rendered":"<p>MOS2 LEICHTLAUF 10W-40<br \/>\nHuile moteur semi-synth\u00e9tique \u00e0 faible frottement avec protection suppl\u00e9mentaire contre l&#8217;usure gr\u00e2ce au lubrifiant solide MoS\u2082. Le MoS\u2082 forme un film lubrifiant tr\u00e8s r\u00e9sistant sur toutes les surfaces m\u00e9talliques frottantes ou glissantes. La p\u00e9n\u00e9tration d&#8217;huile la plus rapide au d\u00e9marrage et le minimum de friction pendant la conduite garantissent une dur\u00e9e de vie extr\u00eamement longue du moteur. Garantit des r\u00e9serves de s\u00e9curit\u00e9 maximales lors de la phase de d\u00e9marrage et de r\u00e9chauffement, sous des charges extr\u00eames et lors de circulation \u00e0 l&#8217;arr\u00eat, etc. Augmente la s\u00e9curit\u00e9 op\u00e9rationnelle gr\u00e2ce \u00e0 d&#8217;excellentes propri\u00e9t\u00e9s de fonctionnement en cas d&#8217;urgence. R\u00e9duit la consommation d&#8217;huile et de carburant. D\u00e9veloppement sp\u00e9cial de LIQUI MOLY.<br \/>\nACEA A3, ACEA B4, API SL<br \/>\nFABRIQU\u00c9 EN ALLEMAGNE<br \/>\nConteneur de 5 L<\/p>\n","protected":false},"featured_media":5740,"comment_status":"open","ping_status":"closed","template":"","meta":[],"product_brand":[],"product_cat":[320],"product_tag":[180,177],"class_list":{"0":"post-5741","1":"product","2":"type-product","3":"status-publish","4":"has-post-thumbnail","6":"product_cat-huile-de-moteur","7":"product_tag-automotive-fr","8":"product_tag-pieces-dautos","9":"has-post-title","10":"has-post-date","11":"has-post-category","12":"has-post-tag","13":"has-post-comment","14":"has-post-author","15":"","16":"fullcover","18":"first","19":"instock","20":"taxable","21":"shipping-taxable","22":"purchasable","23":"product-type-simple"},"jetpack_sharing_enabled":true,"builder_content":"","_links":{"self":[{"href":"https:\/\/fittingsgo.com\/fr\/wp-json\/wp\/v2\/product\/5741","targetHints":{"allow":["GET"]}}],"collection":[{"href":"https:\/\/fittingsgo.com\/fr\/wp-json\/wp\/v2\/product"}],"about":[{"href":"https:\/\/fittingsgo.com\/fr\/wp-json\/wp\/v2\/types\/product"}],"replies":[{"embeddable":true,"href":"https:\/\/fittingsgo.com\/fr\/wp-json\/wp\/v2\/comments?post=5741"}],"wp:featuredmedia":[{"embeddable":true,"href":"https:\/\/fittingsgo.com\/fr\/wp-json\/wp\/v2\/media\/5740"}],"wp:attachment":[{"href":"https:\/\/fittingsgo.com\/fr\/wp-json\/wp\/v2\/media?parent=5741"}],"wp:term":[{"taxonomy":"product_brand","embeddable":true,"href":"https:\/\/fittingsgo.com\/fr\/wp-json\/wp\/v2\/product_brand?post=5741"},{"taxonomy":"product_cat","embeddable":true,"href":"https:\/\/fittingsgo.com\/fr\/wp-json\/wp\/v2\/product_cat?post=5741"},{"taxonomy":"product_tag","embeddable":true,"href":"https:\/\/fittingsgo.com\/fr\/wp-json\/wp\/v2\/product_tag?post=5741"}],"curies":[{"name":"wp","href":"https:\/\/api.w.org\/{rel}","templated":true}]}}