{"id":5737,"date":"2019-07-14T20:40:22","date_gmt":"2019-07-15T01:40:22","guid":{"rendered":"https:\/\/fittingsgo.com\/product\/fr-liqui-moly-5w40-diesel-vw-505-00-505-01\/"},"modified":"2019-08-22T20:53:08","modified_gmt":"2019-08-23T01:53:08","slug":"fr-liqui-moly-5w40-diesel-vw-505-00-505-01","status":"publish","type":"product","link":"https:\/\/fittingsgo.com\/fr\/produit\/fr-liqui-moly-5w40-diesel-vw-505-00-505-01\/","title":{"rendered":"Liqui Moly 5W40 Diesel VW 505 00, 505 01"},"content":{"rendered":"<p>LM2022<\/p>\n<div id=\"themify_builder_content-5737\" data-postid=\"5737\" class=\"themify_builder_content themify_builder_content-5737 themify_builder\">\n    <\/div>\n<!-- \/themify_builder_content -->\n","protected":false},"excerpt":{"rendered":"<p>DIESEL HIGH TECH 5W-40<br \/>\nAvec formule am\u00e9lior\u00e9e de protection contre l&#8217;usure pour les moteurs \u00e0 pompe. Huile moteur \u00e0 technologie synth\u00e9tique \u00e0 faible frottement pour le conducteur diesel exigeant. La lubrification la plus rapide au d\u00e9marrage \u00e0 froid lors du d\u00e9marrage et la friction minimale lors de la conduite quotidienne garantissent une dur\u00e9e de vie extr\u00eamement longue du moteur. Les excellentes propri\u00e9t\u00e9s de suspension et de nettoyage de la salet\u00e9 permettent au moteur de rester parfaitement propre. R\u00e9duit l&#8217;\u00e9paississement de l&#8217;huile caus\u00e9 par la tra\u00een\u00e9e de suie. Fournit un film lubrifiant stable m\u00eame dans des conditions de fonctionnement extr\u00eames.<br \/>\nACEA C3, API CF<br \/>\nFord WSS-M2C 917-A<br \/>\nVW 505 00, 505 01<br \/>\nENTI\u00c8REMENT SYNTH\u00c9TIQUE<br \/>\nFABRIQU\u00c9 EN ALLEMAGNE<br \/>\nConteneur de 5 L<\/p>\n","protected":false},"featured_media":5736,"comment_status":"open","ping_status":"closed","template":"","meta":[],"product_brand":[],"product_cat":[320],"product_tag":[180,177],"class_list":{"0":"post-5737","1":"product","2":"type-product","3":"status-publish","4":"has-post-thumbnail","6":"product_cat-huile-de-moteur","7":"product_tag-automotive-fr","8":"product_tag-pieces-dautos","9":"has-post-title","10":"has-post-date","11":"has-post-category","12":"has-post-tag","13":"has-post-comment","14":"has-post-author","15":"","16":"fullcover","18":"first","19":"outofstock","20":"taxable","21":"shipping-taxable","22":"purchasable","23":"product-type-simple"},"jetpack_sharing_enabled":true,"builder_content":"","_links":{"self":[{"href":"https:\/\/fittingsgo.com\/fr\/wp-json\/wp\/v2\/product\/5737","targetHints":{"allow":["GET"]}}],"collection":[{"href":"https:\/\/fittingsgo.com\/fr\/wp-json\/wp\/v2\/product"}],"about":[{"href":"https:\/\/fittingsgo.com\/fr\/wp-json\/wp\/v2\/types\/product"}],"replies":[{"embeddable":true,"href":"https:\/\/fittingsgo.com\/fr\/wp-json\/wp\/v2\/comments?post=5737"}],"wp:featuredmedia":[{"embeddable":true,"href":"https:\/\/fittingsgo.com\/fr\/wp-json\/wp\/v2\/media\/5736"}],"wp:attachment":[{"href":"https:\/\/fittingsgo.com\/fr\/wp-json\/wp\/v2\/media?parent=5737"}],"wp:term":[{"taxonomy":"product_brand","embeddable":true,"href":"https:\/\/fittingsgo.com\/fr\/wp-json\/wp\/v2\/product_brand?post=5737"},{"taxonomy":"product_cat","embeddable":true,"href":"https:\/\/fittingsgo.com\/fr\/wp-json\/wp\/v2\/product_cat?post=5737"},{"taxonomy":"product_tag","embeddable":true,"href":"https:\/\/fittingsgo.com\/fr\/wp-json\/wp\/v2\/product_tag?post=5737"}],"curies":[{"name":"wp","href":"https:\/\/api.w.org\/{rel}","templated":true}]}}