{"id":5731,"date":"2019-07-14T20:02:44","date_gmt":"2019-07-15T01:02:44","guid":{"rendered":"https:\/\/fittingsgo.com\/product\/fr-liqui-moly-5w40-mb-229-5-vw-502-00-505-00\/"},"modified":"2019-08-22T20:56:05","modified_gmt":"2019-08-23T01:56:05","slug":"fr-liqui-moly-5w40-mb-229-5-vw-502-00-505-00","status":"publish","type":"product","link":"https:\/\/fittingsgo.com\/fr\/produit\/fr-liqui-moly-5w40-mb-229-5-vw-502-00-505-00\/","title":{"rendered":"Liqui Moly 5W40 MB 229.5, VW 502 00, 505 00"},"content":{"rendered":"<p>LM2331<br \/>\nLM2332<\/p>\n<div id=\"themify_builder_content-5731\" data-postid=\"5731\" class=\"themify_builder_content themify_builder_content-5731 themify_builder\">\n    <\/div>\n<!-- \/themify_builder_content -->\n","protected":false},"excerpt":{"rendered":"<p>LEICHTLAUF HIGH TECH 5W-40<br \/>\nHuile moteur moderne haut de gamme \u00e0 faible frottement pour une utilisation toutes saisons dans les moteurs \u00e0 essence et diesel sans filtres \u00e0 particules diesel (DPF). La combinaison d&#8217;huiles de base innovantes &#8211; bas\u00e9es sur la technologie de synth\u00e8se et la derni\u00e8re technologie additive &#8211; garantit une huile moteur qui r\u00e9duit la consommation d&#8217;huile et de carburant et assure une lubrification rapide du moteur. Selon les instructions du fabricant, des intervalles de vidange jusqu\u2019\u00e0 40 000 km sont possibles.<br \/>\nACEA A3, ACEA B4, API SN<br \/>\nMB-Freigabe 229.5<br \/>\nPorsche A40<br \/>\nRenault RN 0700, RN 0710<br \/>\nVW 502 00, 505 00<br \/>\nENTI\u00c8REMENT SYNTH\u00c9TIQUE<br \/>\nFABRIQU\u00c9 EN ALLEMAGNE<\/p>\n","protected":false},"featured_media":5730,"comment_status":"open","ping_status":"closed","template":"","meta":[],"product_brand":[],"product_cat":[320],"product_tag":[180,177],"class_list":{"0":"post-5731","1":"product","2":"type-product","3":"status-publish","4":"has-post-thumbnail","6":"product_cat-huile-de-moteur","7":"product_tag-automotive-fr","8":"product_tag-pieces-dautos","9":"has-post-title","10":"has-post-date","11":"has-post-category","12":"has-post-tag","13":"has-post-comment","14":"has-post-author","15":"","16":"fullcover","18":"first","19":"instock","20":"featured","21":"taxable","22":"shipping-taxable","23":"purchasable","24":"product-type-variable"},"jetpack_sharing_enabled":true,"builder_content":"","_links":{"self":[{"href":"https:\/\/fittingsgo.com\/fr\/wp-json\/wp\/v2\/product\/5731","targetHints":{"allow":["GET"]}}],"collection":[{"href":"https:\/\/fittingsgo.com\/fr\/wp-json\/wp\/v2\/product"}],"about":[{"href":"https:\/\/fittingsgo.com\/fr\/wp-json\/wp\/v2\/types\/product"}],"replies":[{"embeddable":true,"href":"https:\/\/fittingsgo.com\/fr\/wp-json\/wp\/v2\/comments?post=5731"}],"wp:featuredmedia":[{"embeddable":true,"href":"https:\/\/fittingsgo.com\/fr\/wp-json\/wp\/v2\/media\/5730"}],"wp:attachment":[{"href":"https:\/\/fittingsgo.com\/fr\/wp-json\/wp\/v2\/media?parent=5731"}],"wp:term":[{"taxonomy":"product_brand","embeddable":true,"href":"https:\/\/fittingsgo.com\/fr\/wp-json\/wp\/v2\/product_brand?post=5731"},{"taxonomy":"product_cat","embeddable":true,"href":"https:\/\/fittingsgo.com\/fr\/wp-json\/wp\/v2\/product_cat?post=5731"},{"taxonomy":"product_tag","embeddable":true,"href":"https:\/\/fittingsgo.com\/fr\/wp-json\/wp\/v2\/product_tag?post=5731"}],"curies":[{"name":"wp","href":"https:\/\/api.w.org\/{rel}","templated":true}]}}