{"id":5721,"date":"2019-07-14T19:40:27","date_gmt":"2019-07-15T00:40:27","guid":{"rendered":"https:\/\/fittingsgo.com\/product\/fr-liqui-moly-5w40-bmw-ll-98-mb-229-31-vw-502-00-505-00\/"},"modified":"2019-08-22T20:59:44","modified_gmt":"2019-08-23T01:59:44","slug":"fr-liqui-moly-5w40-bmw-ll-98-mb-229-3-vw-502-00-505-00","status":"publish","type":"product","link":"https:\/\/fittingsgo.com\/fr\/produit\/fr-liqui-moly-5w40-bmw-ll-98-mb-229-3-vw-502-00-505-00\/","title":{"rendered":"Liqui Moly 5W40 BMW LL-98, MB 229.3, VW 502 00, 505 00"},"content":{"rendered":"<p>LM2040<br \/>\nLM2041<\/p>\n<div id=\"themify_builder_content-5721\" data-postid=\"5721\" class=\"themify_builder_content themify_builder_content-5721 themify_builder\">\n    <\/div>\n<!-- \/themify_builder_content -->\n","protected":false},"excerpt":{"rendered":"<p>SYNTHOIL HIGH TECH 5W-40<br \/>\nFournit un film lubrifiant stable. Huile moteur enti\u00e8rement synth\u00e9tique \u00e0 faible viscosit\u00e9. Maintient la consommation d&#8217;huile basse. Garantit des performances maximales m\u00eame avec des intervalles de vidange prolong\u00e9s. Fournit la pression d&#8217;huile id\u00e9ale dans toutes les conditions de fonctionnement. La lubrification rapide au d\u00e9marrage \u00e0 froid offre une excellente protection contre l&#8217;usure du moteur pendant la phase de d\u00e9marrage et de r\u00e9chauffement.<br \/>\nACEA A3, ACEA B4, API SM<br \/>\nBMW Longlife-98<br \/>\nMB 229.3<br \/>\nPorsche A40<br \/>\nVW 502 00<br \/>\nVW 505 00<br \/>\nENTI\u00c8REMENT SYNTH\u00c9TIQUE<br \/>\nFABRIQU\u00c9 EN ALLEMAGNE<\/p>\n","protected":false},"featured_media":5720,"comment_status":"open","ping_status":"closed","template":"","meta":[],"product_brand":[],"product_cat":[320],"product_tag":[180,177],"class_list":{"0":"post-5721","1":"product","2":"type-product","3":"status-publish","4":"has-post-thumbnail","6":"product_cat-huile-de-moteur","7":"product_tag-automotive-fr","8":"product_tag-pieces-dautos","9":"has-post-title","10":"has-post-date","11":"has-post-category","12":"has-post-tag","13":"has-post-comment","14":"has-post-author","15":"","16":"fullcover","18":"first","19":"instock","20":"taxable","21":"shipping-taxable","22":"purchasable","23":"product-type-variable"},"jetpack_sharing_enabled":true,"builder_content":"","_links":{"self":[{"href":"https:\/\/fittingsgo.com\/fr\/wp-json\/wp\/v2\/product\/5721","targetHints":{"allow":["GET"]}}],"collection":[{"href":"https:\/\/fittingsgo.com\/fr\/wp-json\/wp\/v2\/product"}],"about":[{"href":"https:\/\/fittingsgo.com\/fr\/wp-json\/wp\/v2\/types\/product"}],"replies":[{"embeddable":true,"href":"https:\/\/fittingsgo.com\/fr\/wp-json\/wp\/v2\/comments?post=5721"}],"wp:featuredmedia":[{"embeddable":true,"href":"https:\/\/fittingsgo.com\/fr\/wp-json\/wp\/v2\/media\/5720"}],"wp:attachment":[{"href":"https:\/\/fittingsgo.com\/fr\/wp-json\/wp\/v2\/media?parent=5721"}],"wp:term":[{"taxonomy":"product_brand","embeddable":true,"href":"https:\/\/fittingsgo.com\/fr\/wp-json\/wp\/v2\/product_brand?post=5721"},{"taxonomy":"product_cat","embeddable":true,"href":"https:\/\/fittingsgo.com\/fr\/wp-json\/wp\/v2\/product_cat?post=5721"},{"taxonomy":"product_tag","embeddable":true,"href":"https:\/\/fittingsgo.com\/fr\/wp-json\/wp\/v2\/product_tag?post=5721"}],"curies":[{"name":"wp","href":"https:\/\/api.w.org\/{rel}","templated":true}]}}