{"id":5711,"date":"2019-07-14T19:24:02","date_gmt":"2019-07-15T00:24:02","guid":{"rendered":"https:\/\/fittingsgo.com\/product\/fr-liqui-moly-5w40-mb-229-31-vw-502-00-505-00-505-00\/"},"modified":"2019-08-22T21:03:51","modified_gmt":"2019-08-23T02:03:51","slug":"fr-liqui-moly-5w40-mb-229-31-vw-502-00-505-00-505-01","status":"publish","type":"product","link":"https:\/\/fittingsgo.com\/fr\/produit\/fr-liqui-moly-5w40-mb-229-31-vw-502-00-505-00-505-01\/","title":{"rendered":"Liqui Moly 5W40 MB 229.31, VW 502 00, 505 00, 505 01"},"content":{"rendered":"<p>LM2329<br \/>\nLM2330<\/p>\n<div id=\"themify_builder_content-5711\" data-postid=\"5711\" class=\"themify_builder_content themify_builder_content-5711 themify_builder\">\n    <\/div>\n<!-- \/themify_builder_content -->\n","protected":false},"excerpt":{"rendered":"<p>TOP TEC 4100 5W-40<br \/>\nSoufre r\u00e9duit pour prot\u00e9ger l&#8217;environnement et le filtre \u00e0 particules. Huile moteur \u00e0 technologie de synth\u00e8se \u00e0 faible viscosit\u00e9 offrant des r\u00e9serves de performance extr\u00eamement \u00e9lev\u00e9es. Avec une formule exceptionnelle de protection contre l&#8217;usure pour les moteurs \u00e0 pompe. R\u00e9duit l&#8217;\u00e9paississement de l&#8217;huile par p\u00e9n\u00e9tration des particules. Pour la plus grande performance du moteur. S\u00e9curise les performances fonctionnelles du filtre \u00e0 particules diesel (DPF) et assure la plus longue dur\u00e9e de vie possible. Garantit des performances maximales m\u00eame avec des intervalles de vidange prolong\u00e9s (jusqu&#8217;\u00e0 30 000 km).<br \/>\nENTI\u00c8REMENT SYNTH\u00c9TIQUE<br \/>\nFABRIQU\u00c9 EN ALLEMAGNE<\/p>\n","protected":false},"featured_media":5710,"comment_status":"open","ping_status":"closed","template":"","meta":[],"product_brand":[],"product_cat":[320],"product_tag":[180,177],"class_list":{"0":"post-5711","1":"product","2":"type-product","3":"status-publish","4":"has-post-thumbnail","6":"product_cat-huile-de-moteur","7":"product_tag-automotive-fr","8":"product_tag-pieces-dautos","9":"has-post-title","10":"has-post-date","11":"has-post-category","12":"has-post-tag","13":"has-post-comment","14":"has-post-author","15":"","16":"fullcover","18":"first","19":"instock","20":"taxable","21":"shipping-taxable","22":"purchasable","23":"product-type-variable"},"jetpack_sharing_enabled":true,"builder_content":"","_links":{"self":[{"href":"https:\/\/fittingsgo.com\/fr\/wp-json\/wp\/v2\/product\/5711","targetHints":{"allow":["GET"]}}],"collection":[{"href":"https:\/\/fittingsgo.com\/fr\/wp-json\/wp\/v2\/product"}],"about":[{"href":"https:\/\/fittingsgo.com\/fr\/wp-json\/wp\/v2\/types\/product"}],"replies":[{"embeddable":true,"href":"https:\/\/fittingsgo.com\/fr\/wp-json\/wp\/v2\/comments?post=5711"}],"wp:featuredmedia":[{"embeddable":true,"href":"https:\/\/fittingsgo.com\/fr\/wp-json\/wp\/v2\/media\/5710"}],"wp:attachment":[{"href":"https:\/\/fittingsgo.com\/fr\/wp-json\/wp\/v2\/media?parent=5711"}],"wp:term":[{"taxonomy":"product_brand","embeddable":true,"href":"https:\/\/fittingsgo.com\/fr\/wp-json\/wp\/v2\/product_brand?post=5711"},{"taxonomy":"product_cat","embeddable":true,"href":"https:\/\/fittingsgo.com\/fr\/wp-json\/wp\/v2\/product_cat?post=5711"},{"taxonomy":"product_tag","embeddable":true,"href":"https:\/\/fittingsgo.com\/fr\/wp-json\/wp\/v2\/product_tag?post=5711"}],"curies":[{"name":"wp","href":"https:\/\/api.w.org\/{rel}","templated":true}]}}