{"id":5690,"date":"2019-07-13T21:40:54","date_gmt":"2019-07-14T02:40:54","guid":{"rendered":"https:\/\/fittingsgo.com\/product\/fr-liqui-moly-5w30-bmw-ll-04-mb-229-5-vw-505-00-505-01\/"},"modified":"2019-08-22T21:08:39","modified_gmt":"2019-08-23T02:08:39","slug":"fr-liqui-moly-5w30-bmw-ll-04-mb-229-51-vw-505-00-505-01","status":"publish","type":"product","link":"https:\/\/fittingsgo.com\/fr\/produit\/fr-liqui-moly-5w30-bmw-ll-04-mb-229-51-vw-505-00-505-01\/","title":{"rendered":"Liqui Moly 5W30 BMW LL-04, MB 229.51, VW 505 00, 505 01"},"content":{"rendered":"<p>LM2038<br \/>\nLM2039<\/p>\n<div id=\"themify_builder_content-5690\" data-postid=\"5690\" class=\"themify_builder_content themify_builder_content-5690 themify_builder\">\n    <\/div>\n<!-- \/themify_builder_content -->\n","protected":false},"excerpt":{"rendered":"<p>LONGTIME HIGH TECH 5W-30<br \/>\nHuile moteur \u00e0 technologie synth\u00e9tique \u00e0 faible frottement, dot\u00e9e de la toute derni\u00e8re technologie de protection contre l&#8217;usure et d&#8217;une r\u00e9serve de marche extr\u00eamement \u00e9lev\u00e9e pour des performances maximales. Une bonne capacit\u00e9 de suspension et de nettoyage des impuret\u00e9s garantit une propret\u00e9 optimale du moteur. Assure un fonctionnement fiable et optimise la dur\u00e9e de vie du filtre \u00e0 particules diesel (DPF). D\u00e9passe les exigences de test les plus strictes des constructeurs de v\u00e9hicules bien connus.<br \/>\nACEA C3, API SN, BMW Longlife-04, MB-Freigabe 229.51, VW 505 00, 505 01<br \/>\nENTI\u00c8REMENT SYNTH\u00c9TIQUE<br \/>\nFABRIQU\u00c9 EN ALLEMAGNE<\/p>\n","protected":false},"featured_media":5689,"comment_status":"open","ping_status":"closed","template":"","meta":[],"product_brand":[],"product_cat":[320],"product_tag":[180,177],"class_list":{"0":"post-5690","1":"product","2":"type-product","3":"status-publish","4":"has-post-thumbnail","6":"product_cat-huile-de-moteur","7":"product_tag-automotive-fr","8":"product_tag-pieces-dautos","9":"has-post-title","10":"has-post-date","11":"has-post-category","12":"has-post-tag","13":"has-post-comment","14":"has-post-author","15":"","16":"fullcover","18":"first","19":"instock","20":"taxable","21":"shipping-taxable","22":"purchasable","23":"product-type-variable"},"jetpack_sharing_enabled":true,"builder_content":"","_links":{"self":[{"href":"https:\/\/fittingsgo.com\/fr\/wp-json\/wp\/v2\/product\/5690","targetHints":{"allow":["GET"]}}],"collection":[{"href":"https:\/\/fittingsgo.com\/fr\/wp-json\/wp\/v2\/product"}],"about":[{"href":"https:\/\/fittingsgo.com\/fr\/wp-json\/wp\/v2\/types\/product"}],"replies":[{"embeddable":true,"href":"https:\/\/fittingsgo.com\/fr\/wp-json\/wp\/v2\/comments?post=5690"}],"wp:featuredmedia":[{"embeddable":true,"href":"https:\/\/fittingsgo.com\/fr\/wp-json\/wp\/v2\/media\/5689"}],"wp:attachment":[{"href":"https:\/\/fittingsgo.com\/fr\/wp-json\/wp\/v2\/media?parent=5690"}],"wp:term":[{"taxonomy":"product_brand","embeddable":true,"href":"https:\/\/fittingsgo.com\/fr\/wp-json\/wp\/v2\/product_brand?post=5690"},{"taxonomy":"product_cat","embeddable":true,"href":"https:\/\/fittingsgo.com\/fr\/wp-json\/wp\/v2\/product_cat?post=5690"},{"taxonomy":"product_tag","embeddable":true,"href":"https:\/\/fittingsgo.com\/fr\/wp-json\/wp\/v2\/product_tag?post=5690"}],"curies":[{"name":"wp","href":"https:\/\/api.w.org\/{rel}","templated":true}]}}