{"id":5680,"date":"2019-07-13T21:17:04","date_gmt":"2019-07-14T02:17:04","guid":{"rendered":"https:\/\/fittingsgo.com\/product\/fr-liqui-moly-5w30-bmw-ll-01-mb-229-5-vw-502-00-505-00\/"},"modified":"2019-08-22T21:10:18","modified_gmt":"2019-08-23T02:10:18","slug":"fr-liqui-moly-5w30-bmw-ll-01-mb-229-5-vw-502-00-505-00","status":"publish","type":"product","link":"https:\/\/fittingsgo.com\/fr\/produit\/fr-liqui-moly-5w30-bmw-ll-01-mb-229-5-vw-502-00-505-00\/","title":{"rendered":"Liqui Moly 5W30 BMW LL-01, MB 229.5, VW 502 00, 505 00"},"content":{"rendered":"<p>LM2248<br \/>\nLM2249<\/p>\n<div id=\"themify_builder_content-5680\" data-postid=\"5680\" class=\"themify_builder_content themify_builder_content-5680 themify_builder\">\n    <\/div>\n<!-- \/themify_builder_content -->\n","protected":false},"excerpt":{"rendered":"<p>SPECIAL TEC LL 5W-30<br \/>\nHuile moteur haute technologie \u00e0 faible viscosit\u00e9 bas\u00e9e sur la technologie synth\u00e9tique. Avec formule avanc\u00e9e de protection contre l&#8217;usure. La lubrification la plus rapide au d\u00e9marrage \u00e0 froid lors du d\u00e9marrage et la friction minimale lors de la conduite quotidienne garantissent une dur\u00e9e de vie extr\u00eamement longue du moteur. Fournit la pression d&#8217;huile id\u00e9ale dans toutes les conditions de fonctionnement. Maintient la consommation d&#8217;huile basse. D\u00e9passe les exigences de test strictes exig\u00e9es par des fabricants renomm\u00e9s.<br \/>\nACEA A3, ACEA B4, API SL, MB-Freigabe 229.5, VW 502 00, 505 00<br \/>\nENTI\u00c8REMENT SYNTH\u00c9TIQUE<br \/>\nFABRIQU\u00c9 EN ALLEMAGNE<\/p>\n","protected":false},"featured_media":5679,"comment_status":"open","ping_status":"closed","template":"","meta":[],"product_brand":[],"product_cat":[320],"product_tag":[180,177],"class_list":{"0":"post-5680","1":"product","2":"type-product","3":"status-publish","4":"has-post-thumbnail","6":"product_cat-huile-de-moteur","7":"product_tag-automotive-fr","8":"product_tag-pieces-dautos","9":"has-post-title","10":"has-post-date","11":"has-post-category","12":"has-post-tag","13":"has-post-comment","14":"has-post-author","15":"","16":"fullcover","18":"first","19":"instock","20":"taxable","21":"shipping-taxable","22":"purchasable","23":"product-type-variable"},"jetpack_sharing_enabled":true,"builder_content":"","_links":{"self":[{"href":"https:\/\/fittingsgo.com\/fr\/wp-json\/wp\/v2\/product\/5680","targetHints":{"allow":["GET"]}}],"collection":[{"href":"https:\/\/fittingsgo.com\/fr\/wp-json\/wp\/v2\/product"}],"about":[{"href":"https:\/\/fittingsgo.com\/fr\/wp-json\/wp\/v2\/types\/product"}],"replies":[{"embeddable":true,"href":"https:\/\/fittingsgo.com\/fr\/wp-json\/wp\/v2\/comments?post=5680"}],"wp:featuredmedia":[{"embeddable":true,"href":"https:\/\/fittingsgo.com\/fr\/wp-json\/wp\/v2\/media\/5679"}],"wp:attachment":[{"href":"https:\/\/fittingsgo.com\/fr\/wp-json\/wp\/v2\/media?parent=5680"}],"wp:term":[{"taxonomy":"product_brand","embeddable":true,"href":"https:\/\/fittingsgo.com\/fr\/wp-json\/wp\/v2\/product_brand?post=5680"},{"taxonomy":"product_cat","embeddable":true,"href":"https:\/\/fittingsgo.com\/fr\/wp-json\/wp\/v2\/product_cat?post=5680"},{"taxonomy":"product_tag","embeddable":true,"href":"https:\/\/fittingsgo.com\/fr\/wp-json\/wp\/v2\/product_tag?post=5680"}],"curies":[{"name":"wp","href":"https:\/\/api.w.org\/{rel}","templated":true}]}}