{"id":5670,"date":"2019-07-13T20:46:44","date_gmt":"2019-07-14T01:46:44","guid":{"rendered":"https:\/\/fittingsgo.com\/product\/fr-liqui-moly-5w30-bmw-ll-04-mb-229-31-229-51-vw-504-00-507-00\/"},"modified":"2019-12-10T10:13:28","modified_gmt":"2019-12-10T15:13:28","slug":"fr-liqui-moly-5w30-bmw-ll-04-mb-229-31-229-51-vw-504-00-507-00","status":"publish","type":"product","link":"https:\/\/fittingsgo.com\/fr\/produit\/fr-liqui-moly-5w30-bmw-ll-04-mb-229-31-229-51-vw-504-00-507-00\/","title":{"rendered":"Liqui Moly 5W30 BMW LL-04, MB 229.31, 229.51, VW 504 00, 507 00"},"content":{"rendered":"<p>LM2004<br \/>\nLM2011<\/p>\n<div id=\"themify_builder_content-5670\" data-postid=\"5670\" class=\"themify_builder_content themify_builder_content-5670 themify_builder\">\n    <\/div>\n<!-- \/themify_builder_content -->\n","protected":false},"excerpt":{"rendered":"<p>TOP TEC 4200 5W-30<br \/>\nUtilisable universellement pour les technologies de moteur les plus r\u00e9centes d&#8217;Audi, BMW, Mercedes et le groupe VW. L&#8217;huile moteur haute technologie \u00e0 faible viscosit\u00e9, \u00e0 base de technologie synth\u00e9tique, de la g\u00e9n\u00e9ration Longlife 3, tire parti des r\u00e9serves de haute performance pour assurer une excellente propret\u00e9 du moteur. D\u00e9passe les exigences de test les plus strictes exig\u00e9es par des fabricants renomm\u00e9s. R\u00e9duit la formation de d\u00e9p\u00f4ts nocifs dans les moteurs \u00e0 essence \u00e0 injection directe et diesel (FSI, TDI, rampe commune, etc.). Maintient la consommation d&#8217;huile basse. S\u00e9curise les performances fonctionnelles du filtre \u00e0 particules diesel (DPF) et assure la plus longue dur\u00e9e de vie possible. Avec formule am\u00e9lior\u00e9e de protection contre l&#8217;usure. Surtout pour les v\u00e9hicules avec des intervalles de vidange d&#8217;huile extr\u00eamement longs (WIV, etc.).<br \/>\nACEA C3, API SN<br \/>\nMB-Freigabe 229.31, 229.51<br \/>\nPorsche C30<br \/>\nVW 504 00, 507 00<br \/>\nENTI\u00c8REMENT SYNTH\u00c9TIQUE<br \/>\nFABRIQU\u00c9 EN ALLEMAGNE<\/p>\n","protected":false},"featured_media":5669,"comment_status":"open","ping_status":"closed","template":"","meta":[],"product_brand":[],"product_cat":[320],"product_tag":[180,177],"class_list":{"0":"post-5670","1":"product","2":"type-product","3":"status-publish","4":"has-post-thumbnail","6":"product_cat-huile-de-moteur","7":"product_tag-automotive-fr","8":"product_tag-pieces-dautos","9":"has-post-title","10":"has-post-date","11":"has-post-category","12":"has-post-tag","13":"has-post-comment","14":"has-post-author","15":"","16":"fullcover","18":"first","19":"instock","20":"taxable","21":"shipping-taxable","22":"purchasable","23":"product-type-variable"},"jetpack_sharing_enabled":true,"builder_content":"","_links":{"self":[{"href":"https:\/\/fittingsgo.com\/fr\/wp-json\/wp\/v2\/product\/5670","targetHints":{"allow":["GET"]}}],"collection":[{"href":"https:\/\/fittingsgo.com\/fr\/wp-json\/wp\/v2\/product"}],"about":[{"href":"https:\/\/fittingsgo.com\/fr\/wp-json\/wp\/v2\/types\/product"}],"replies":[{"embeddable":true,"href":"https:\/\/fittingsgo.com\/fr\/wp-json\/wp\/v2\/comments?post=5670"}],"wp:featuredmedia":[{"embeddable":true,"href":"https:\/\/fittingsgo.com\/fr\/wp-json\/wp\/v2\/media\/5669"}],"wp:attachment":[{"href":"https:\/\/fittingsgo.com\/fr\/wp-json\/wp\/v2\/media?parent=5670"}],"wp:term":[{"taxonomy":"product_brand","embeddable":true,"href":"https:\/\/fittingsgo.com\/fr\/wp-json\/wp\/v2\/product_brand?post=5670"},{"taxonomy":"product_cat","embeddable":true,"href":"https:\/\/fittingsgo.com\/fr\/wp-json\/wp\/v2\/product_cat?post=5670"},{"taxonomy":"product_tag","embeddable":true,"href":"https:\/\/fittingsgo.com\/fr\/wp-json\/wp\/v2\/product_tag?post=5670"}],"curies":[{"name":"wp","href":"https:\/\/api.w.org\/{rel}","templated":true}]}}