{"id":5660,"date":"2019-07-13T19:05:26","date_gmt":"2019-07-14T00:05:26","guid":{"rendered":"https:\/\/fittingsgo.com\/product\/fr-liqui-moly-5w30-bwm-ll-04-mb-229-31-229-51-229-52-vw-502-00-505-00-505-01\/"},"modified":"2019-08-22T21:12:59","modified_gmt":"2019-08-23T02:12:59","slug":"fr-liqui-moly-5w30-bwm-ll-04-mb-229-31-229-51-229-52-vw-502-00-505-00-505-01","status":"publish","type":"product","link":"https:\/\/fittingsgo.com\/fr\/produit\/fr-liqui-moly-5w30-bwm-ll-04-mb-229-31-229-51-229-52-vw-502-00-505-00-505-01\/","title":{"rendered":"Liqui Moly 5W30 BWM LL-04, MB 229.31, 229.51, 229.52, VW 502 00, 505 00, 505 01"},"content":{"rendered":"<p>LM2243<br \/>\nLM2244<\/p>\n<div id=\"themify_builder_content-5660\" data-postid=\"5660\" class=\"themify_builder_content themify_builder_content-5660 themify_builder\">\n    <\/div>\n<!-- \/themify_builder_content -->\n","protected":false},"excerpt":{"rendered":"<p>TOP TEC 4605 5W-30<br \/>\nHuile moteur moderne pour moteurs \u00e0 essence et diesel avec et sans filtre \u00e0 particules diesel (DPF) et turbocompresseur \u00e0 gaz d&#8217;\u00e9chappement. La combinaison d&#8217;huiles de base non conventionnelles utilisant la technologie synth\u00e9tique et la derni\u00e8re technologie d&#8217;additifs garantissent une huile moteur offrant une protection exceptionnelle contre l&#8217;usure et r\u00e9duisant la consommation d&#8217;huile et de carburant, tout en garantissant une alimentation imm\u00e9diate en huile du moteur. Ce produit permet des intervalles de vidange jusqu\u2019\u00e0 40 000 km, en fonction des sp\u00e9cifications du fabricant.<br \/>\nACEA C2, ACEA C3, API SN<br \/>\nBMW Longlife-04<br \/>\nFiat 9.55535-S3<br \/>\nFord WSS-M2C 917-A<br \/>\nMB-Freigabe 229.31, 229.51, 229.52<br \/>\nVW 502 00, 505 00, 505 01<br \/>\nENTI\u00c8REMENT SYNTH\u00c9TIQUE<br \/>\nFABRIQU\u00c9 EN ALLEMAGNE<\/p>\n","protected":false},"featured_media":5659,"comment_status":"open","ping_status":"closed","template":"","meta":[],"product_brand":[],"product_cat":[320],"product_tag":[180,177],"class_list":{"0":"post-5660","1":"product","2":"type-product","3":"status-publish","4":"has-post-thumbnail","6":"product_cat-huile-de-moteur","7":"product_tag-automotive-fr","8":"product_tag-pieces-dautos","9":"has-post-title","10":"has-post-date","11":"has-post-category","12":"has-post-tag","13":"has-post-comment","14":"has-post-author","15":"","16":"fullcover","18":"first","19":"instock","20":"taxable","21":"shipping-taxable","22":"purchasable","23":"product-type-variable"},"jetpack_sharing_enabled":true,"builder_content":"","_links":{"self":[{"href":"https:\/\/fittingsgo.com\/fr\/wp-json\/wp\/v2\/product\/5660","targetHints":{"allow":["GET"]}}],"collection":[{"href":"https:\/\/fittingsgo.com\/fr\/wp-json\/wp\/v2\/product"}],"about":[{"href":"https:\/\/fittingsgo.com\/fr\/wp-json\/wp\/v2\/types\/product"}],"replies":[{"embeddable":true,"href":"https:\/\/fittingsgo.com\/fr\/wp-json\/wp\/v2\/comments?post=5660"}],"wp:featuredmedia":[{"embeddable":true,"href":"https:\/\/fittingsgo.com\/fr\/wp-json\/wp\/v2\/media\/5659"}],"wp:attachment":[{"href":"https:\/\/fittingsgo.com\/fr\/wp-json\/wp\/v2\/media?parent=5660"}],"wp:term":[{"taxonomy":"product_brand","embeddable":true,"href":"https:\/\/fittingsgo.com\/fr\/wp-json\/wp\/v2\/product_brand?post=5660"},{"taxonomy":"product_cat","embeddable":true,"href":"https:\/\/fittingsgo.com\/fr\/wp-json\/wp\/v2\/product_cat?post=5660"},{"taxonomy":"product_tag","embeddable":true,"href":"https:\/\/fittingsgo.com\/fr\/wp-json\/wp\/v2\/product_tag?post=5660"}],"curies":[{"name":"wp","href":"https:\/\/api.w.org\/{rel}","templated":true}]}}