{"id":5642,"date":"2019-07-13T18:18:07","date_gmt":"2019-07-13T23:18:07","guid":{"rendered":"https:\/\/fittingsgo.com\/product\/fr-liqui-moly-5w20-ford-jaguar-land-rover\/"},"modified":"2019-08-22T21:21:04","modified_gmt":"2019-08-23T02:21:04","slug":"fr-liqui-moly-5w20-ford-jaguar-land-rover","status":"publish","type":"product","link":"https:\/\/fittingsgo.com\/fr\/produit\/fr-liqui-moly-5w20-ford-jaguar-land-rover\/","title":{"rendered":"Liqui Moly 5W20 FORD JAGUAR LAND ROVER"},"content":{"rendered":"<p>LM2264<\/p>\n<div id=\"themify_builder_content-5642\" data-postid=\"5642\" class=\"themify_builder_content themify_builder_content-5642 themify_builder\">\n    <\/div>\n<!-- \/themify_builder_content -->\n","protected":false},"excerpt":{"rendered":"<p>SPECIAL TEC F ECO 5W-20<br \/>\nHuile toutes saisons pour les moteurs \u00e0 essence de Ford sauf exception (Ford Ka (08\/2008-), Focus ST et Focus RS (2004.75 avec moteur 2.5 l Duratec-ST (VI5)). Un lubrifiant r\u00e9pondant \u00e0 cette norme est prescrit pour tous les moteurs \u00e0 3 cylindres 1.0 l EcoBoost. D&#8217;autre part, cette huile moteur est enti\u00e8rement compatible avec les versions ant\u00e9rieures.<br \/>\nAussi pour Jaguar Land Rover STJLR.03.5004<br \/>\nENTI\u00c8REMENT SYNTH\u00c9TIQUE<br \/>\nFABRIQU\u00c9 EN ALLEMAGNE<br \/>\nConteneur de 5 L<\/p>\n","protected":false},"featured_media":5641,"comment_status":"open","ping_status":"closed","template":"","meta":[],"product_brand":[],"product_cat":[320],"product_tag":[180,177],"class_list":{"0":"post-5642","1":"product","2":"type-product","3":"status-publish","4":"has-post-thumbnail","6":"product_cat-huile-de-moteur","7":"product_tag-automotive-fr","8":"product_tag-pieces-dautos","9":"has-post-title","10":"has-post-date","11":"has-post-category","12":"has-post-tag","13":"has-post-comment","14":"has-post-author","15":"","16":"fullcover","18":"first","19":"instock","20":"taxable","21":"shipping-taxable","22":"purchasable","23":"product-type-simple"},"jetpack_sharing_enabled":true,"builder_content":"","_links":{"self":[{"href":"https:\/\/fittingsgo.com\/fr\/wp-json\/wp\/v2\/product\/5642","targetHints":{"allow":["GET"]}}],"collection":[{"href":"https:\/\/fittingsgo.com\/fr\/wp-json\/wp\/v2\/product"}],"about":[{"href":"https:\/\/fittingsgo.com\/fr\/wp-json\/wp\/v2\/types\/product"}],"replies":[{"embeddable":true,"href":"https:\/\/fittingsgo.com\/fr\/wp-json\/wp\/v2\/comments?post=5642"}],"wp:featuredmedia":[{"embeddable":true,"href":"https:\/\/fittingsgo.com\/fr\/wp-json\/wp\/v2\/media\/5641"}],"wp:attachment":[{"href":"https:\/\/fittingsgo.com\/fr\/wp-json\/wp\/v2\/media?parent=5642"}],"wp:term":[{"taxonomy":"product_brand","embeddable":true,"href":"https:\/\/fittingsgo.com\/fr\/wp-json\/wp\/v2\/product_brand?post=5642"},{"taxonomy":"product_cat","embeddable":true,"href":"https:\/\/fittingsgo.com\/fr\/wp-json\/wp\/v2\/product_cat?post=5642"},{"taxonomy":"product_tag","embeddable":true,"href":"https:\/\/fittingsgo.com\/fr\/wp-json\/wp\/v2\/product_tag?post=5642"}],"curies":[{"name":"wp","href":"https:\/\/api.w.org\/{rel}","templated":true}]}}