{"id":5636,"date":"2019-07-13T18:00:33","date_gmt":"2019-07-13T23:00:33","guid":{"rendered":"https:\/\/fittingsgo.com\/product\/fr-liqui-moly-0w40-bmw-ll-98-mb-229-3-vw-502-00-505-00\/"},"modified":"2019-08-22T21:22:46","modified_gmt":"2019-08-23T02:22:46","slug":"fr-liqui-moly-0w40-bmw-ll-98-mb-229-3-vw-502-00-505-00","status":"publish","type":"product","link":"https:\/\/fittingsgo.com\/fr\/produit\/fr-liqui-moly-0w40-bmw-ll-98-mb-229-3-vw-502-00-505-00\/","title":{"rendered":"Liqui Moly 0W40 BMW LL-98, MB 229.3, VW 502 00, 505 00"},"content":{"rendered":"<p>LM2049<br \/>\nLM2050<\/p>\n<div id=\"themify_builder_content-5636\" data-postid=\"5636\" class=\"themify_builder_content themify_builder_content-5636 themify_builder\">\n    <\/div>\n<!-- \/themify_builder_content -->\n","protected":false},"excerpt":{"rendered":"<p>SYNTHOIL ENERGY 0W-40<br \/>\nPour la plus grande performance du moteur! Huile moteur enti\u00e8rement synth\u00e9tique \u00e0 faible viscosit\u00e9. Propri\u00e9t\u00e9s de d\u00e9marrage \u00e0 froid rapide. Maintient la consommation d&#8217;huile basse. Emp\u00eache l&#8217;accumulation de d\u00e9p\u00f4ts nocifs. Les excellentes propri\u00e9t\u00e9s de suspension des salet\u00e9s et de nettoyage permettent au moteur de rester parfaitement propre.<br \/>\nBMW Longlife-98<br \/>\nFord WSS-M2C 937-A<br \/>\nMB 229.3<br \/>\nPorsche A40<br \/>\nVW 502 00, 505 00<br \/>\nENTI\u00c8REMENT SYNTH\u00c9TIQUE<br \/>\nFABRIQU\u00c9 EN ALLEMAGNE<\/p>\n","protected":false},"featured_media":5635,"comment_status":"open","ping_status":"closed","template":"","meta":[],"product_brand":[],"product_cat":[320],"product_tag":[180,177],"class_list":{"0":"post-5636","1":"product","2":"type-product","3":"status-publish","4":"has-post-thumbnail","6":"product_cat-huile-de-moteur","7":"product_tag-automotive-fr","8":"product_tag-pieces-dautos","9":"has-post-title","10":"has-post-date","11":"has-post-category","12":"has-post-tag","13":"has-post-comment","14":"has-post-author","15":"","16":"fullcover","18":"first","19":"instock","20":"taxable","21":"shipping-taxable","22":"purchasable","23":"product-type-variable"},"jetpack_sharing_enabled":true,"builder_content":"","_links":{"self":[{"href":"https:\/\/fittingsgo.com\/fr\/wp-json\/wp\/v2\/product\/5636","targetHints":{"allow":["GET"]}}],"collection":[{"href":"https:\/\/fittingsgo.com\/fr\/wp-json\/wp\/v2\/product"}],"about":[{"href":"https:\/\/fittingsgo.com\/fr\/wp-json\/wp\/v2\/types\/product"}],"replies":[{"embeddable":true,"href":"https:\/\/fittingsgo.com\/fr\/wp-json\/wp\/v2\/comments?post=5636"}],"wp:featuredmedia":[{"embeddable":true,"href":"https:\/\/fittingsgo.com\/fr\/wp-json\/wp\/v2\/media\/5635"}],"wp:attachment":[{"href":"https:\/\/fittingsgo.com\/fr\/wp-json\/wp\/v2\/media?parent=5636"}],"wp:term":[{"taxonomy":"product_brand","embeddable":true,"href":"https:\/\/fittingsgo.com\/fr\/wp-json\/wp\/v2\/product_brand?post=5636"},{"taxonomy":"product_cat","embeddable":true,"href":"https:\/\/fittingsgo.com\/fr\/wp-json\/wp\/v2\/product_cat?post=5636"},{"taxonomy":"product_tag","embeddable":true,"href":"https:\/\/fittingsgo.com\/fr\/wp-json\/wp\/v2\/product_tag?post=5636"}],"curies":[{"name":"wp","href":"https:\/\/api.w.org\/{rel}","templated":true}]}}