{"id":5626,"date":"2019-07-13T17:43:57","date_gmt":"2019-07-13T22:43:57","guid":{"rendered":"https:\/\/fittingsgo.com\/product\/fr-liqui-moly-0w30-volvo-vcc-95200377\/"},"modified":"2019-08-22T21:24:34","modified_gmt":"2019-08-23T02:24:34","slug":"fr-liqui-moly-0w30-volvo-vcc-95200377","status":"publish","type":"product","link":"https:\/\/fittingsgo.com\/fr\/produit\/fr-liqui-moly-0w30-volvo-vcc-95200377\/","title":{"rendered":"Liqui Moly 0W30 VOLVO VCC 95200377"},"content":{"rendered":"<p>LM20202<br \/>\nLM20204<\/p>\n<div id=\"themify_builder_content-5626\" data-postid=\"5626\" class=\"themify_builder_content themify_builder_content-5626 themify_builder\">\n    <\/div>\n<!-- \/themify_builder_content -->\n","protected":false},"excerpt":{"rendered":"<p>SPECIAL TEC V 0W-30<br \/>\nConvient particuli\u00e8rement aux v\u00e9hicules Volvo. Huile moteur \u00e0 faible frottement bas\u00e9e sur la technologie de synth\u00e8se &#8211; garantit une pr\u00e9vention fiable des d\u00e9p\u00f4ts, une stabilit\u00e9 extr\u00eamement \u00e9lev\u00e9e au cisaillement, r\u00e9duit le frottement dans le moteur et offre une excellente protection contre l&#8217;usure. Convient parfaitement aux moteurs diesel et \u00e0 essence \u00e0 la pointe de la technologie avec ou sans technologie \u00e0 soupapes multiples, Valvetronic, turbocompresseurs et avec ou sans filtres \u00e0 particules diesel (DPF) ou \u00e0 refroidissement interm\u00e9diaire. Il est particuli\u00e8rement adapt\u00e9 aux longs intervalles de vidange et aux charges \u00e9lev\u00e9es du moteur.<br \/>\nACEA A5, ACEA B5, API SL, API CF, ILSAC GF-3, Volvo VCC 95200377<br \/>\nENTI\u00c8REMENT SYNTH\u00c9TIQUE<\/p>\n","protected":false},"featured_media":5625,"comment_status":"open","ping_status":"closed","template":"","meta":[],"product_brand":[],"product_cat":[320],"product_tag":[180,177],"class_list":{"0":"post-5626","1":"product","2":"type-product","3":"status-publish","4":"has-post-thumbnail","6":"product_cat-huile-de-moteur","7":"product_tag-automotive-fr","8":"product_tag-pieces-dautos","9":"has-post-title","10":"has-post-date","11":"has-post-category","12":"has-post-tag","13":"has-post-comment","14":"has-post-author","15":"","16":"fullcover","18":"first","19":"instock","20":"taxable","21":"shipping-taxable","22":"purchasable","23":"product-type-variable"},"jetpack_sharing_enabled":true,"builder_content":"","_links":{"self":[{"href":"https:\/\/fittingsgo.com\/fr\/wp-json\/wp\/v2\/product\/5626","targetHints":{"allow":["GET"]}}],"collection":[{"href":"https:\/\/fittingsgo.com\/fr\/wp-json\/wp\/v2\/product"}],"about":[{"href":"https:\/\/fittingsgo.com\/fr\/wp-json\/wp\/v2\/types\/product"}],"replies":[{"embeddable":true,"href":"https:\/\/fittingsgo.com\/fr\/wp-json\/wp\/v2\/comments?post=5626"}],"wp:featuredmedia":[{"embeddable":true,"href":"https:\/\/fittingsgo.com\/fr\/wp-json\/wp\/v2\/media\/5625"}],"wp:attachment":[{"href":"https:\/\/fittingsgo.com\/fr\/wp-json\/wp\/v2\/media?parent=5626"}],"wp:term":[{"taxonomy":"product_brand","embeddable":true,"href":"https:\/\/fittingsgo.com\/fr\/wp-json\/wp\/v2\/product_brand?post=5626"},{"taxonomy":"product_cat","embeddable":true,"href":"https:\/\/fittingsgo.com\/fr\/wp-json\/wp\/v2\/product_cat?post=5626"},{"taxonomy":"product_tag","embeddable":true,"href":"https:\/\/fittingsgo.com\/fr\/wp-json\/wp\/v2\/product_tag?post=5626"}],"curies":[{"name":"wp","href":"https:\/\/api.w.org\/{rel}","templated":true}]}}