{"id":5614,"date":"2019-07-11T23:18:41","date_gmt":"2019-07-12T04:18:41","guid":{"rendered":"https:\/\/fittingsgo.com\/product\/fr-liqui-moly-0w20-volvo-vcc-rbs0-2ae\/"},"modified":"2019-08-22T21:25:41","modified_gmt":"2019-08-23T02:25:41","slug":"fr-liqui-moly-0w20-volvo-vcc-rbs0-2ae","status":"publish","type":"product","link":"https:\/\/fittingsgo.com\/fr\/produit\/fr-liqui-moly-0w20-volvo-vcc-rbs0-2ae\/","title":{"rendered":"Liqui Moly 0W20 VOLVO VCC RBS0-2AE"},"content":{"rendered":"<p>LM20198<br \/>\nLM20200<\/p>\n<div id=\"themify_builder_content-5614\" data-postid=\"5614\" class=\"themify_builder_content themify_builder_content-5614 themify_builder\">\n    <\/div>\n<!-- \/themify_builder_content -->\n","protected":false},"excerpt":{"rendered":"<p>SPECIAL TEC V 0W-20<br \/>\nHuile moteur \u00e0 faible frottement bas\u00e9e sur la technologie synth\u00e9tique. La combinaison d&#8217;huiles de base non conventionnelles et de la technologie d&#8217;additifs moderne r\u00e9duit au minimum les frictions \u00e0 l&#8217;int\u00e9rieur du moteur et garantit des performances maximales ainsi qu&#8217;une faible consommation de carburant.<br \/>\nACEA C5<br \/>\nVolvo VCC RBS0-2AE<br \/>\nEnti\u00e8rement synth\u00e9tique<br \/>\nFABRIQU\u00c9 EN ALLEMAGNE<\/p>\n","protected":false},"featured_media":5613,"comment_status":"open","ping_status":"closed","template":"","meta":[],"product_brand":[],"product_cat":[320],"product_tag":[180,177],"class_list":{"0":"post-5614","1":"product","2":"type-product","3":"status-publish","4":"has-post-thumbnail","6":"product_cat-huile-de-moteur","7":"product_tag-automotive-fr","8":"product_tag-pieces-dautos","9":"has-post-title","10":"has-post-date","11":"has-post-category","12":"has-post-tag","13":"has-post-comment","14":"has-post-author","15":"","16":"fullcover","18":"first","19":"instock","20":"taxable","21":"shipping-taxable","22":"purchasable","23":"product-type-variable"},"jetpack_sharing_enabled":true,"builder_content":"","_links":{"self":[{"href":"https:\/\/fittingsgo.com\/fr\/wp-json\/wp\/v2\/product\/5614","targetHints":{"allow":["GET"]}}],"collection":[{"href":"https:\/\/fittingsgo.com\/fr\/wp-json\/wp\/v2\/product"}],"about":[{"href":"https:\/\/fittingsgo.com\/fr\/wp-json\/wp\/v2\/types\/product"}],"replies":[{"embeddable":true,"href":"https:\/\/fittingsgo.com\/fr\/wp-json\/wp\/v2\/comments?post=5614"}],"wp:featuredmedia":[{"embeddable":true,"href":"https:\/\/fittingsgo.com\/fr\/wp-json\/wp\/v2\/media\/5613"}],"wp:attachment":[{"href":"https:\/\/fittingsgo.com\/fr\/wp-json\/wp\/v2\/media?parent=5614"}],"wp:term":[{"taxonomy":"product_brand","embeddable":true,"href":"https:\/\/fittingsgo.com\/fr\/wp-json\/wp\/v2\/product_brand?post=5614"},{"taxonomy":"product_cat","embeddable":true,"href":"https:\/\/fittingsgo.com\/fr\/wp-json\/wp\/v2\/product_cat?post=5614"},{"taxonomy":"product_tag","embeddable":true,"href":"https:\/\/fittingsgo.com\/fr\/wp-json\/wp\/v2\/product_tag?post=5614"}],"curies":[{"name":"wp","href":"https:\/\/api.w.org\/{rel}","templated":true}]}}