{"id":5604,"date":"2019-07-11T23:02:36","date_gmt":"2019-07-12T04:02:36","guid":{"rendered":"https:\/\/fittingsgo.com\/product\/liqui-moly-0w20-specifications-japonais-coreen-et-americain\/"},"modified":"2019-08-22T21:26:53","modified_gmt":"2019-08-23T02:26:53","slug":"liqui-moly-0w20-specifications-japonais-coreen-et-americain","status":"publish","type":"product","link":"https:\/\/fittingsgo.com\/fr\/produit\/liqui-moly-0w20-specifications-japonais-coreen-et-americain\/","title":{"rendered":"Liqui Moly 0W20 sp\u00e9cifications japonais, cor\u00e9en et am\u00e9ricain"},"content":{"rendered":"<p>LM2207<br \/>\nLM2208<\/p>\n<div id=\"themify_builder_content-5604\" data-postid=\"5604\" class=\"themify_builder_content themify_builder_content-5604 themify_builder\">\n    <\/div>\n<!-- \/themify_builder_content -->\n","protected":false},"excerpt":{"rendered":"<p>SPECIAL TEC AA 0W-20<br \/>\nHuile moteur moderne de premi\u00e8re qualit\u00e9, \u00e9conome en carburant, sp\u00e9cialement con\u00e7ue pour \u00eatre utilis\u00e9e toute l&#8217;ann\u00e9e par les v\u00e9hicules asiatiques et am\u00e9ricains. La combinaison d&#8217;huiles de base non conventionnelles avec la technologie de synth\u00e8se, associ\u00e9e aux additifs les plus r\u00e9cents, garantit une huile moteur qui prot\u00e8ge contre l&#8217;usure, r\u00e9duit la consommation d&#8217;huile et de carburant, maintient le moteur propre et permet un graissage rapide du moteur.<br \/>\nChrysler, Ford WSS-M2C 947-A, Ford WSS-M2C 947-B1, Honda, Hyundai, Kia, Mazda, Nissan, Toyota<br \/>\nENTI\u00c8REMENT SYNTH\u00c9TIQUE<br \/>\nFABRIQU\u00c9 EN ALLEMAGNE<\/p>\n","protected":false},"featured_media":5603,"comment_status":"open","ping_status":"closed","template":"","meta":[],"product_brand":[],"product_cat":[320],"product_tag":[180,177],"class_list":{"0":"post-5604","1":"product","2":"type-product","3":"status-publish","4":"has-post-thumbnail","6":"product_cat-huile-de-moteur","7":"product_tag-automotive-fr","8":"product_tag-pieces-dautos","9":"has-post-title","10":"has-post-date","11":"has-post-category","12":"has-post-tag","13":"has-post-comment","14":"has-post-author","15":"","16":"fullcover","18":"first","19":"instock","20":"taxable","21":"shipping-taxable","22":"purchasable","23":"product-type-variable"},"jetpack_sharing_enabled":true,"builder_content":"","_links":{"self":[{"href":"https:\/\/fittingsgo.com\/fr\/wp-json\/wp\/v2\/product\/5604","targetHints":{"allow":["GET"]}}],"collection":[{"href":"https:\/\/fittingsgo.com\/fr\/wp-json\/wp\/v2\/product"}],"about":[{"href":"https:\/\/fittingsgo.com\/fr\/wp-json\/wp\/v2\/types\/product"}],"replies":[{"embeddable":true,"href":"https:\/\/fittingsgo.com\/fr\/wp-json\/wp\/v2\/comments?post=5604"}],"wp:featuredmedia":[{"embeddable":true,"href":"https:\/\/fittingsgo.com\/fr\/wp-json\/wp\/v2\/media\/5603"}],"wp:attachment":[{"href":"https:\/\/fittingsgo.com\/fr\/wp-json\/wp\/v2\/media?parent=5604"}],"wp:term":[{"taxonomy":"product_brand","embeddable":true,"href":"https:\/\/fittingsgo.com\/fr\/wp-json\/wp\/v2\/product_brand?post=5604"},{"taxonomy":"product_cat","embeddable":true,"href":"https:\/\/fittingsgo.com\/fr\/wp-json\/wp\/v2\/product_cat?post=5604"},{"taxonomy":"product_tag","embeddable":true,"href":"https:\/\/fittingsgo.com\/fr\/wp-json\/wp\/v2\/product_tag?post=5604"}],"curies":[{"name":"wp","href":"https:\/\/api.w.org\/{rel}","templated":true}]}}