{"id":5592,"date":"2019-07-11T22:36:19","date_gmt":"2019-07-12T03:36:19","guid":{"rendered":"https:\/\/fittingsgo.com\/product\/fr-liqui-moly-0w20-vw-508-00-509-00\/"},"modified":"2019-11-10T21:45:06","modified_gmt":"2019-11-11T02:45:06","slug":"fr-liqui-moly-0w20-vw-508-00-509-00","status":"publish","type":"product","link":"https:\/\/fittingsgo.com\/fr\/produit\/fr-liqui-moly-0w20-vw-508-00-509-00\/","title":{"rendered":"Liqui Moly 0W20 VW 508 00, 509 00"},"content":{"rendered":"<p>LM20236<br \/>\nLM20238<\/p>\n<div id=\"themify_builder_content-5592\" data-postid=\"5592\" class=\"themify_builder_content themify_builder_content-5592 themify_builder\">\n    <\/div>\n<!-- \/themify_builder_content -->\n","protected":false},"excerpt":{"rendered":"<p>TOP TEC 6200 0W-20<br \/>\nHuile moteur haute technologie \u00e0 faible frottement bas\u00e9e sur la technologie synth\u00e9tique. D\u00e9velopp\u00e9 pour les hautes exigences d&#8217;Audi, Porsche et VW. La faible viscosit\u00e9 garantit un excellent comportement au d\u00e9marrage \u00e0 froid, am\u00e9liore l&#8217;efficacit\u00e9 du moteur et r\u00e9duit la consommation. La technologie d&#8217;additifs innovante assure une excellente protection contre l&#8217;usure, une propret\u00e9 impressionnante du moteur et une plus grande stabilit\u00e9 \u00e0 l&#8217;oxydation. Permet des intervalles de vidange extr\u00eamement longs (WIV, etc.).<br \/>\nVW 508 00, 509 00 ou Porsche C20<br \/>\nENTI\u00c8REMENT SYNTH\u00c9TIQUE<br \/>\nFABRIQU\u00c9 EN ALLEMAGNE<\/p>\n","protected":false},"featured_media":5591,"comment_status":"open","ping_status":"closed","template":"","meta":[],"product_brand":[],"product_cat":[320],"product_tag":[180,177],"class_list":{"0":"post-5592","1":"product","2":"type-product","3":"status-publish","4":"has-post-thumbnail","6":"product_cat-huile-de-moteur","7":"product_tag-automotive-fr","8":"product_tag-pieces-dautos","9":"has-post-title","10":"has-post-date","11":"has-post-category","12":"has-post-tag","13":"has-post-comment","14":"has-post-author","15":"","16":"fullcover","18":"first","19":"instock","20":"taxable","21":"shipping-taxable","22":"purchasable","23":"product-type-variable"},"jetpack_sharing_enabled":true,"builder_content":"","_links":{"self":[{"href":"https:\/\/fittingsgo.com\/fr\/wp-json\/wp\/v2\/product\/5592","targetHints":{"allow":["GET"]}}],"collection":[{"href":"https:\/\/fittingsgo.com\/fr\/wp-json\/wp\/v2\/product"}],"about":[{"href":"https:\/\/fittingsgo.com\/fr\/wp-json\/wp\/v2\/types\/product"}],"replies":[{"embeddable":true,"href":"https:\/\/fittingsgo.com\/fr\/wp-json\/wp\/v2\/comments?post=5592"}],"wp:featuredmedia":[{"embeddable":true,"href":"https:\/\/fittingsgo.com\/fr\/wp-json\/wp\/v2\/media\/5591"}],"wp:attachment":[{"href":"https:\/\/fittingsgo.com\/fr\/wp-json\/wp\/v2\/media?parent=5592"}],"wp:term":[{"taxonomy":"product_brand","embeddable":true,"href":"https:\/\/fittingsgo.com\/fr\/wp-json\/wp\/v2\/product_brand?post=5592"},{"taxonomy":"product_cat","embeddable":true,"href":"https:\/\/fittingsgo.com\/fr\/wp-json\/wp\/v2\/product_cat?post=5592"},{"taxonomy":"product_tag","embeddable":true,"href":"https:\/\/fittingsgo.com\/fr\/wp-json\/wp\/v2\/product_tag?post=5592"}],"curies":[{"name":"wp","href":"https:\/\/api.w.org\/{rel}","templated":true}]}}