{"id":5388,"date":"2019-07-06T22:41:00","date_gmt":"2019-07-07T03:41:00","guid":{"rendered":"https:\/\/fittingsgo.com\/product\/douilles-dessieu-metriques-12-pans\/"},"modified":"2019-12-14T09:00:21","modified_gmt":"2019-12-14T14:00:21","slug":"douilles-dessieu-metriques-12-pans","status":"publish","type":"product","link":"https:\/\/fittingsgo.com\/fr\/produit\/douilles-dessieu-metriques-12-pans\/","title":{"rendered":"Douilles d\u2019essieu m\u00e9triques 12 pans"},"content":{"rendered":"<p>Interchange: W158, W83177, W83178, W83179, W83180<\/p>\n<div id=\"themify_builder_content-5388\" data-postid=\"5388\" class=\"themify_builder_content themify_builder_content-5388 themify_builder\">\n    <\/div>\n<!-- \/themify_builder_content -->\n","protected":false},"excerpt":{"rendered":"<p>Pour le retrait ou l\u2019installation des \u00e9crous d\u2019essieu sur les v\u00e9hicules.<br \/>\nAcier alli\u00e9 de molybd\u00e8ne de chrome r\u00e9sistant.<br \/>\nFabriqu\u00e9 par Performance Tools<br \/>\nVendus \u00e0 l\u2019unit\u00e9<\/p>\n","protected":false},"featured_media":5383,"comment_status":"open","ping_status":"closed","template":"","meta":[],"product_brand":[],"product_cat":[312],"product_tag":[180,189,177],"class_list":{"0":"post-5388","1":"product","2":"type-product","3":"status-publish","4":"has-post-thumbnail","6":"product_cat-douilles-pour-ecrou-dessieu","7":"product_tag-automotive-fr","8":"product_tag-fournitures-datelier","9":"product_tag-pieces-dautos","10":"has-post-title","11":"has-post-date","12":"has-post-category","13":"has-post-tag","14":"has-post-comment","15":"has-post-author","16":"","17":"fullcover","19":"first","20":"instock","21":"taxable","22":"shipping-taxable","23":"purchasable","24":"product-type-variable"},"jetpack_sharing_enabled":true,"builder_content":"","_links":{"self":[{"href":"https:\/\/fittingsgo.com\/fr\/wp-json\/wp\/v2\/product\/5388","targetHints":{"allow":["GET"]}}],"collection":[{"href":"https:\/\/fittingsgo.com\/fr\/wp-json\/wp\/v2\/product"}],"about":[{"href":"https:\/\/fittingsgo.com\/fr\/wp-json\/wp\/v2\/types\/product"}],"replies":[{"embeddable":true,"href":"https:\/\/fittingsgo.com\/fr\/wp-json\/wp\/v2\/comments?post=5388"}],"wp:featuredmedia":[{"embeddable":true,"href":"https:\/\/fittingsgo.com\/fr\/wp-json\/wp\/v2\/media\/5383"}],"wp:attachment":[{"href":"https:\/\/fittingsgo.com\/fr\/wp-json\/wp\/v2\/media?parent=5388"}],"wp:term":[{"taxonomy":"product_brand","embeddable":true,"href":"https:\/\/fittingsgo.com\/fr\/wp-json\/wp\/v2\/product_brand?post=5388"},{"taxonomy":"product_cat","embeddable":true,"href":"https:\/\/fittingsgo.com\/fr\/wp-json\/wp\/v2\/product_cat?post=5388"},{"taxonomy":"product_tag","embeddable":true,"href":"https:\/\/fittingsgo.com\/fr\/wp-json\/wp\/v2\/product_tag?post=5388"}],"curies":[{"name":"wp","href":"https:\/\/api.w.org\/{rel}","templated":true}]}}