{"id":5371,"date":"2019-07-06T22:23:03","date_gmt":"2019-07-07T03:23:03","guid":{"rendered":"https:\/\/fittingsgo.com\/product\/jeu-de-douilles-decrou-dessieu-5-pieces-12-pans-metrique\/"},"modified":"2019-07-06T22:25:45","modified_gmt":"2019-07-07T03:25:45","slug":"jeu-de-douilles-decrou-dessieu-5-pieces-12-pans-metrique","status":"publish","type":"product","link":"https:\/\/fittingsgo.com\/fr\/produit\/jeu-de-douilles-decrou-dessieu-5-pieces-12-pans-metrique\/","title":{"rendered":"Jeu de douilles d\u2019\u00e9crou d\u2019essieu 5 pi\u00e8ces 12 pans m\u00e9trique"},"content":{"rendered":"<p>W89316<\/p>\n<div id=\"themify_builder_content-5371\" data-postid=\"5371\" class=\"themify_builder_content themify_builder_content-5371 themify_builder\">\n    <\/div>\n<!-- \/themify_builder_content -->\n","protected":false},"excerpt":{"rendered":"<p>Ensemble de douilles d&#8217;\u00e9crou d&#8217;essieu \u00e0 12 pans, 5 pi\u00e8ces.<br \/>\nChrome Moly pour plus de force.<br \/>\nContient: 30mm, 32mm, 34mm, 36mm et 39mm.<br \/>\nCoffret de rangement moul\u00e9 par soufflage.<br \/>\nFabriqu\u00e9 par Performance Tools<\/p>\n","protected":false},"featured_media":5368,"comment_status":"open","ping_status":"closed","template":"","meta":[],"product_brand":[],"product_cat":[312],"product_tag":[180,189,177],"class_list":{"0":"post-5371","1":"product","2":"type-product","3":"status-publish","4":"has-post-thumbnail","6":"product_cat-douilles-pour-ecrou-dessieu","7":"product_tag-automotive-fr","8":"product_tag-fournitures-datelier","9":"product_tag-pieces-dautos","10":"has-post-title","11":"has-post-date","12":"has-post-category","13":"has-post-tag","14":"has-post-comment","15":"has-post-author","16":"","17":"fullcover","19":"first","20":"instock","21":"taxable","22":"shipping-taxable","23":"purchasable","24":"product-type-simple"},"jetpack_sharing_enabled":true,"builder_content":"","_links":{"self":[{"href":"https:\/\/fittingsgo.com\/fr\/wp-json\/wp\/v2\/product\/5371","targetHints":{"allow":["GET"]}}],"collection":[{"href":"https:\/\/fittingsgo.com\/fr\/wp-json\/wp\/v2\/product"}],"about":[{"href":"https:\/\/fittingsgo.com\/fr\/wp-json\/wp\/v2\/types\/product"}],"replies":[{"embeddable":true,"href":"https:\/\/fittingsgo.com\/fr\/wp-json\/wp\/v2\/comments?post=5371"}],"wp:featuredmedia":[{"embeddable":true,"href":"https:\/\/fittingsgo.com\/fr\/wp-json\/wp\/v2\/media\/5368"}],"wp:attachment":[{"href":"https:\/\/fittingsgo.com\/fr\/wp-json\/wp\/v2\/media?parent=5371"}],"wp:term":[{"taxonomy":"product_brand","embeddable":true,"href":"https:\/\/fittingsgo.com\/fr\/wp-json\/wp\/v2\/product_brand?post=5371"},{"taxonomy":"product_cat","embeddable":true,"href":"https:\/\/fittingsgo.com\/fr\/wp-json\/wp\/v2\/product_cat?post=5371"},{"taxonomy":"product_tag","embeddable":true,"href":"https:\/\/fittingsgo.com\/fr\/wp-json\/wp\/v2\/product_tag?post=5371"}],"curies":[{"name":"wp","href":"https:\/\/api.w.org\/{rel}","templated":true}]}}