{"id":5356,"date":"2019-07-06T21:56:56","date_gmt":"2019-07-07T02:56:56","guid":{"rendered":"https:\/\/fittingsgo.com\/product\/douilles-essieu-metriques-6-pt\/"},"modified":"2020-01-22T22:48:53","modified_gmt":"2020-01-23T03:48:53","slug":"douilles-essieu-metriques-6-pans","status":"publish","type":"product","link":"https:\/\/fittingsgo.com\/fr\/produit\/douilles-essieu-metriques-6-pans\/","title":{"rendered":"Douilles d&#8217;essieu m\u00e9triques 6 pans"},"content":{"rendered":"<p>Interchange: W153, W154, W155, W156, W80546, W80548, W80549, W80550, W80553<\/p>\n<div id=\"themify_builder_content-5356\" data-postid=\"5356\" class=\"themify_builder_content themify_builder_content-5356 themify_builder\">\n    <\/div>\n<!-- \/themify_builder_content -->\n","protected":false},"excerpt":{"rendered":"<p>Pour le retrait ou l&#8217;installation des \u00e9crous d&#8217;essieu sur les v\u00e9hicules.<br \/>\nAcier alli\u00e9 de molybd\u00e8ne de chrome r\u00e9sistant.<br \/>\nFabriqu\u00e9 par Performance Tools<br \/>\nVendus \u00e0 l&#8217;unit\u00e9<\/p>\n","protected":false},"featured_media":5351,"comment_status":"open","ping_status":"closed","template":"","meta":[],"product_brand":[],"product_cat":[312],"product_tag":[180,189,177],"class_list":{"0":"post-5356","1":"product","2":"type-product","3":"status-publish","4":"has-post-thumbnail","6":"product_cat-douilles-pour-ecrou-dessieu","7":"product_tag-automotive-fr","8":"product_tag-fournitures-datelier","9":"product_tag-pieces-dautos","10":"has-post-title","11":"has-post-date","12":"has-post-category","13":"has-post-tag","14":"has-post-comment","15":"has-post-author","16":"","17":"fullcover","19":"first","20":"instock","21":"taxable","22":"shipping-taxable","23":"purchasable","24":"product-type-variable"},"jetpack_sharing_enabled":true,"builder_content":"","_links":{"self":[{"href":"https:\/\/fittingsgo.com\/fr\/wp-json\/wp\/v2\/product\/5356","targetHints":{"allow":["GET"]}}],"collection":[{"href":"https:\/\/fittingsgo.com\/fr\/wp-json\/wp\/v2\/product"}],"about":[{"href":"https:\/\/fittingsgo.com\/fr\/wp-json\/wp\/v2\/types\/product"}],"replies":[{"embeddable":true,"href":"https:\/\/fittingsgo.com\/fr\/wp-json\/wp\/v2\/comments?post=5356"}],"wp:featuredmedia":[{"embeddable":true,"href":"https:\/\/fittingsgo.com\/fr\/wp-json\/wp\/v2\/media\/5351"}],"wp:attachment":[{"href":"https:\/\/fittingsgo.com\/fr\/wp-json\/wp\/v2\/media?parent=5356"}],"wp:term":[{"taxonomy":"product_brand","embeddable":true,"href":"https:\/\/fittingsgo.com\/fr\/wp-json\/wp\/v2\/product_brand?post=5356"},{"taxonomy":"product_cat","embeddable":true,"href":"https:\/\/fittingsgo.com\/fr\/wp-json\/wp\/v2\/product_cat?post=5356"},{"taxonomy":"product_tag","embeddable":true,"href":"https:\/\/fittingsgo.com\/fr\/wp-json\/wp\/v2\/product_tag?post=5356"}],"curies":[{"name":"wp","href":"https:\/\/api.w.org\/{rel}","templated":true}]}}