{"id":5327,"date":"2019-07-06T21:10:53","date_gmt":"2019-07-07T02:10:53","guid":{"rendered":"https:\/\/fittingsgo.com\/product\/jeu-de-douilles-decrou-dessieu-9-pieces-6-points\/"},"modified":"2019-07-06T22:07:55","modified_gmt":"2019-07-07T03:07:55","slug":"jeu-de-douilles-decrou-dessieu-9-pieces-6-pans-metrique","status":"publish","type":"product","link":"https:\/\/fittingsgo.com\/fr\/produit\/jeu-de-douilles-decrou-dessieu-9-pieces-6-pans-metrique\/","title":{"rendered":"Jeu de douilles d&#8217;\u00e9crou d&#8217;essieu 9 pi\u00e8ces 6 pans m\u00e9trique"},"content":{"rendered":"<p>W89318<\/p>\n<div id=\"themify_builder_content-5327\" data-postid=\"5327\" class=\"themify_builder_content themify_builder_content-5327 themify_builder\">\n    <\/div>\n<!-- \/themify_builder_content -->\n","protected":false},"excerpt":{"rendered":"<p>Pour le retrait ou l&#8217;installation des \u00e9crous d&#8217;essieu.<br \/>\n1\/2 po drive 6 pans.<br \/>\nConstruction robuste en acier alli\u00e9 au molybd\u00e8ne chrom\u00e9.<br \/>\nTailles: 29, 30, 31, 32, 33, 34, 35, 36 et 38mm.<br \/>\nFabriqu\u00e9 par Performance Tools<\/p>\n","protected":false},"featured_media":5324,"comment_status":"open","ping_status":"closed","template":"","meta":[],"product_brand":[],"product_cat":[312],"product_tag":[180,189,177],"class_list":{"0":"post-5327","1":"product","2":"type-product","3":"status-publish","4":"has-post-thumbnail","6":"product_cat-douilles-pour-ecrou-dessieu","7":"product_tag-automotive-fr","8":"product_tag-fournitures-datelier","9":"product_tag-pieces-dautos","10":"has-post-title","11":"has-post-date","12":"has-post-category","13":"has-post-tag","14":"has-post-comment","15":"has-post-author","16":"","17":"fullcover","19":"first","20":"instock","21":"taxable","22":"shipping-taxable","23":"purchasable","24":"product-type-simple"},"jetpack_sharing_enabled":true,"builder_content":"","_links":{"self":[{"href":"https:\/\/fittingsgo.com\/fr\/wp-json\/wp\/v2\/product\/5327","targetHints":{"allow":["GET"]}}],"collection":[{"href":"https:\/\/fittingsgo.com\/fr\/wp-json\/wp\/v2\/product"}],"about":[{"href":"https:\/\/fittingsgo.com\/fr\/wp-json\/wp\/v2\/types\/product"}],"replies":[{"embeddable":true,"href":"https:\/\/fittingsgo.com\/fr\/wp-json\/wp\/v2\/comments?post=5327"}],"wp:featuredmedia":[{"embeddable":true,"href":"https:\/\/fittingsgo.com\/fr\/wp-json\/wp\/v2\/media\/5324"}],"wp:attachment":[{"href":"https:\/\/fittingsgo.com\/fr\/wp-json\/wp\/v2\/media?parent=5327"}],"wp:term":[{"taxonomy":"product_brand","embeddable":true,"href":"https:\/\/fittingsgo.com\/fr\/wp-json\/wp\/v2\/product_brand?post=5327"},{"taxonomy":"product_cat","embeddable":true,"href":"https:\/\/fittingsgo.com\/fr\/wp-json\/wp\/v2\/product_cat?post=5327"},{"taxonomy":"product_tag","embeddable":true,"href":"https:\/\/fittingsgo.com\/fr\/wp-json\/wp\/v2\/product_tag?post=5327"}],"curies":[{"name":"wp","href":"https:\/\/api.w.org\/{rel}","templated":true}]}}