{"id":5265,"date":"2019-06-29T20:54:25","date_gmt":"2019-06-30T01:54:25","guid":{"rendered":"https:\/\/fittingsgo.com\/product\/bouchon-style-h-1-4-po\/"},"modified":"2020-01-23T21:04:25","modified_gmt":"2020-01-24T02:04:25","slug":"bouchon-style-h-1-4-po","status":"publish","type":"product","link":"https:\/\/fittingsgo.com\/fr\/produit\/bouchon-style-h-1-4-po\/","title":{"rendered":"Bouchon style-H 1\/4 po (m\u00e2le)"},"content":{"rendered":"<p>Interchange: S-1839, S1839, 1839<\/p>\n<div id=\"themify_builder_content-5265\" data-postid=\"5265\" class=\"themify_builder_content themify_builder_content-5265 themify_builder\">\n    <\/div>\n<!-- \/themify_builder_content -->\n","protected":false},"excerpt":{"rendered":"<p>\u2022 D\u00e9bit de base 3\/8 po avec 1\/4 po NPT<br \/>\n\u2022 Les coupleurs de style H sont en acier plaqu\u00e9 pour r\u00e9sister \u00e0 la rouille<br \/>\n\u2022 8 roulements \u00e0 billes<br \/>\n\u2022 Les bouchons de type H sont en acier c\u00e9ment\u00e9, plaqu\u00e9s pour r\u00e9sister \u00e0 la rouille<br \/>\n\u2022 Aussi appel\u00e9 \u00ab3\/8\u00bb d\u00e9bit M-Style \u00bb<br \/>\n\u2022 Pression d&#8217;entr\u00e9e maximale: 300 PSI<br \/>\n\u2022 Temp\u00e9rature maximale: 250 \u00b0 F<br \/>\n\u2022 D\u00e9bit d\u2019air: 67 SCFM<br \/>\n\u2022 Phoques: Buna-N<br \/>\nUn paquet de 2<br \/>\nFabriqu\u00e9 par Milton<\/p>\n","protected":false},"featured_media":5263,"comment_status":"open","ping_status":"closed","template":"","meta":[],"product_brand":[],"product_cat":[310],"product_tag":[180,208,189,177],"class_list":{"0":"post-5265","1":"product","2":"type-product","3":"status-publish","4":"has-post-thumbnail","6":"product_cat-style-h","7":"product_tag-automotive-fr","8":"product_tag-boyau-a-air","9":"product_tag-fournitures-datelier","10":"product_tag-pieces-dautos","11":"has-post-title","12":"has-post-date","13":"has-post-category","14":"has-post-tag","15":"has-post-comment","16":"has-post-author","17":"","18":"fullcover","20":"first","21":"instock","22":"taxable","23":"shipping-taxable","24":"purchasable","25":"product-type-simple"},"jetpack_sharing_enabled":true,"builder_content":"","_links":{"self":[{"href":"https:\/\/fittingsgo.com\/fr\/wp-json\/wp\/v2\/product\/5265","targetHints":{"allow":["GET"]}}],"collection":[{"href":"https:\/\/fittingsgo.com\/fr\/wp-json\/wp\/v2\/product"}],"about":[{"href":"https:\/\/fittingsgo.com\/fr\/wp-json\/wp\/v2\/types\/product"}],"replies":[{"embeddable":true,"href":"https:\/\/fittingsgo.com\/fr\/wp-json\/wp\/v2\/comments?post=5265"}],"wp:featuredmedia":[{"embeddable":true,"href":"https:\/\/fittingsgo.com\/fr\/wp-json\/wp\/v2\/media\/5263"}],"wp:attachment":[{"href":"https:\/\/fittingsgo.com\/fr\/wp-json\/wp\/v2\/media?parent=5265"}],"wp:term":[{"taxonomy":"product_brand","embeddable":true,"href":"https:\/\/fittingsgo.com\/fr\/wp-json\/wp\/v2\/product_brand?post=5265"},{"taxonomy":"product_cat","embeddable":true,"href":"https:\/\/fittingsgo.com\/fr\/wp-json\/wp\/v2\/product_cat?post=5265"},{"taxonomy":"product_tag","embeddable":true,"href":"https:\/\/fittingsgo.com\/fr\/wp-json\/wp\/v2\/product_tag?post=5265"}],"curies":[{"name":"wp","href":"https:\/\/api.w.org\/{rel}","templated":true}]}}