{"id":5264,"date":"2019-06-29T20:51:40","date_gmt":"2019-06-30T01:51:40","guid":{"rendered":"https:\/\/fittingsgo.com\/product\/coupleur-style-h-1-4-po\/"},"modified":"2019-06-29T20:57:03","modified_gmt":"2019-06-30T01:57:03","slug":"coupleur-style-h-1-4-po","status":"publish","type":"product","link":"https:\/\/fittingsgo.com\/fr\/produit\/coupleur-style-h-1-4-po\/","title":{"rendered":"Coupleur style-H 1\/4 po"},"content":{"rendered":"<p>Interchange: S-1833, S1833, 1833<\/p>\n<div id=\"themify_builder_content-5264\" data-postid=\"5264\" class=\"themify_builder_content themify_builder_content-5264 themify_builder\">\n    <\/div>\n<!-- \/themify_builder_content -->\n","protected":false},"excerpt":{"rendered":"<p>\u2022 D\u00e9bit de base 3\/8 &#8220;avec 1\/4&#8221; NPT<br \/>\n\u2022 Les coupleurs de style H sont en acier plaqu\u00e9 pour r\u00e9sister \u00e0 la rouille<br \/>\n\u2022 8 roulements \u00e0 billes<br \/>\n\u2022 Les bouchons de type H sont en acier c\u00e9ment\u00e9, plaqu\u00e9s pour r\u00e9sister \u00e0 la rouille<br \/>\n\u2022 Aussi appel\u00e9 \u00ab3\/8\u00bb d\u00e9bit M-Style\u00ae \u00bb<br \/>\n\u2022 Pression d&#8217;entr\u00e9e maximale: 300 PSI \u2022 Temp\u00e9rature maximale: 250 \u00b0 F<br \/>\n\u2022 D\u00e9bit d\u2019air: 67 SCFM<br \/>\n\u2022 Phoques: Buna-N<br \/>\nPaquet de 1<br \/>\nFabriqu\u00e9 par Milton<\/p>\n","protected":false},"featured_media":5260,"comment_status":"open","ping_status":"closed","template":"","meta":[],"product_brand":[],"product_cat":[310],"product_tag":[180,208,177],"class_list":{"0":"post-5264","1":"product","2":"type-product","3":"status-publish","4":"has-post-thumbnail","6":"product_cat-style-h","7":"product_tag-automotive-fr","8":"product_tag-boyau-a-air","9":"product_tag-pieces-dautos","10":"has-post-title","11":"has-post-date","12":"has-post-category","13":"has-post-tag","14":"has-post-comment","15":"has-post-author","16":"","17":"fullcover","19":"first","20":"instock","21":"taxable","22":"shipping-taxable","23":"purchasable","24":"product-type-simple"},"jetpack_sharing_enabled":true,"builder_content":"","_links":{"self":[{"href":"https:\/\/fittingsgo.com\/fr\/wp-json\/wp\/v2\/product\/5264","targetHints":{"allow":["GET"]}}],"collection":[{"href":"https:\/\/fittingsgo.com\/fr\/wp-json\/wp\/v2\/product"}],"about":[{"href":"https:\/\/fittingsgo.com\/fr\/wp-json\/wp\/v2\/types\/product"}],"replies":[{"embeddable":true,"href":"https:\/\/fittingsgo.com\/fr\/wp-json\/wp\/v2\/comments?post=5264"}],"wp:featuredmedia":[{"embeddable":true,"href":"https:\/\/fittingsgo.com\/fr\/wp-json\/wp\/v2\/media\/5260"}],"wp:attachment":[{"href":"https:\/\/fittingsgo.com\/fr\/wp-json\/wp\/v2\/media?parent=5264"}],"wp:term":[{"taxonomy":"product_brand","embeddable":true,"href":"https:\/\/fittingsgo.com\/fr\/wp-json\/wp\/v2\/product_brand?post=5264"},{"taxonomy":"product_cat","embeddable":true,"href":"https:\/\/fittingsgo.com\/fr\/wp-json\/wp\/v2\/product_cat?post=5264"},{"taxonomy":"product_tag","embeddable":true,"href":"https:\/\/fittingsgo.com\/fr\/wp-json\/wp\/v2\/product_tag?post=5264"}],"curies":[{"name":"wp","href":"https:\/\/api.w.org\/{rel}","templated":true}]}}