{"id":5247,"date":"2019-06-29T19:55:55","date_gmt":"2019-06-30T00:55:55","guid":{"rendered":"https:\/\/fittingsgo.com\/product\/ciment-a-muffler\/"},"modified":"2020-04-29T19:27:50","modified_gmt":"2020-04-30T00:27:50","slug":"ciment-a-muffler","status":"publish","type":"product","link":"https:\/\/fittingsgo.com\/fr\/produit\/ciment-a-muffler\/","title":{"rendered":"Ciment pour silencieux"},"content":{"rendered":"<p>450<\/p>\n<div id=\"themify_builder_content-5247\" data-postid=\"5247\" class=\"themify_builder_content themify_builder_content-5247 themify_builder\">\n    <\/div>\n<!-- \/themify_builder_content -->\n","protected":false},"excerpt":{"rendered":"<p>Pour la r\u00e9paration d&#8217;anciens syst\u00e8mes et l&#8217;installation de nouveaux syst\u00e8mes d&#8217;\u00e9chappement.<br \/>\nNe contient pas d&#8217;amiante.<br \/>\nTest\u00e9 \u00e0 816 \u00b0 C (1500 \u00b0 F).<br \/>\nFabriqu\u00e9 par Kleen Flo<\/p>\n","protected":false},"featured_media":5246,"comment_status":"open","ping_status":"closed","template":"","meta":[],"product_brand":[],"product_cat":[178],"product_tag":[180,177,179],"class_list":{"0":"post-5247","1":"product","2":"type-product","3":"status-publish","4":"has-post-thumbnail","6":"product_cat-echappement","7":"product_tag-automotive-fr","8":"product_tag-pieces-dautos","9":"product_tag-tuyau","10":"has-post-title","11":"has-post-date","12":"has-post-category","13":"has-post-tag","14":"has-post-comment","15":"has-post-author","16":"","17":"fullcover","19":"first","20":"instock","21":"taxable","22":"shipping-taxable","23":"purchasable","24":"product-type-simple"},"jetpack_sharing_enabled":true,"builder_content":"","_links":{"self":[{"href":"https:\/\/fittingsgo.com\/fr\/wp-json\/wp\/v2\/product\/5247","targetHints":{"allow":["GET"]}}],"collection":[{"href":"https:\/\/fittingsgo.com\/fr\/wp-json\/wp\/v2\/product"}],"about":[{"href":"https:\/\/fittingsgo.com\/fr\/wp-json\/wp\/v2\/types\/product"}],"replies":[{"embeddable":true,"href":"https:\/\/fittingsgo.com\/fr\/wp-json\/wp\/v2\/comments?post=5247"}],"wp:featuredmedia":[{"embeddable":true,"href":"https:\/\/fittingsgo.com\/fr\/wp-json\/wp\/v2\/media\/5246"}],"wp:attachment":[{"href":"https:\/\/fittingsgo.com\/fr\/wp-json\/wp\/v2\/media?parent=5247"}],"wp:term":[{"taxonomy":"product_brand","embeddable":true,"href":"https:\/\/fittingsgo.com\/fr\/wp-json\/wp\/v2\/product_brand?post=5247"},{"taxonomy":"product_cat","embeddable":true,"href":"https:\/\/fittingsgo.com\/fr\/wp-json\/wp\/v2\/product_cat?post=5247"},{"taxonomy":"product_tag","embeddable":true,"href":"https:\/\/fittingsgo.com\/fr\/wp-json\/wp\/v2\/product_tag?post=5247"}],"curies":[{"name":"wp","href":"https:\/\/api.w.org\/{rel}","templated":true}]}}