{"id":5175,"date":"2019-06-27T22:21:43","date_gmt":"2019-06-28T03:21:43","guid":{"rendered":"https:\/\/fittingsgo.com\/product\/graisse-lucas-red-n-tacky\/"},"modified":"2020-05-01T16:52:35","modified_gmt":"2020-05-01T21:52:35","slug":"graisse-lucas-red-n-tacky","status":"publish","type":"product","link":"https:\/\/fittingsgo.com\/fr\/produit\/graisse-lucas-red-n-tacky\/","title":{"rendered":"Graisse Lucas Red \u00abN\u00bb Tacky"},"content":{"rendered":"<p>Lucas 2000530, 10574, 21025<\/p>\n<div id=\"themify_builder_content-5175\" data-postid=\"5175\" class=\"themify_builder_content themify_builder_content-5175 themify_builder\">\n    <\/div>\n<!-- \/themify_builder_content -->\n","protected":false},"excerpt":{"rendered":"<p>Lucas Red &#8220;N&#8221; Tacky Grease est une graisse lisse, collante, complexe au lithium rouge, enrichie en inhibiteurs de rouille et d&#8217;oxydation. Il a de bonnes propri\u00e9t\u00e9s de r\u00e9sistance \u00e0 l&#8217;eau et de lessivage. Sa stabilit\u00e9 m\u00e9canique et sa dur\u00e9e de conservation sont excellentes. Il est capable de supporter de lourdes charges pendant de longues p\u00e9riodes. Il peut \u00eatre utilis\u00e9 dans de nombreuses applications agricoles, automobiles et industrielles. La graisse Lucas Red &#8220;N&#8221; Tacky est enrichie avec un degr\u00e9 \u00e9lev\u00e9 d&#8217;additifs extr\u00eame pression qui lui conf\u00e8rent une charge TRUE sup\u00e9rieure \u00e0 celle des autres graisses de ce type. Il convient particuli\u00e8rement aux surfaces de glissement et aux engrenages ouverts.<br \/>\nFiche technique (en anglais seulement): <a href=\"https:\/\/fittingsgo.com\/wp-content\/uploads\/2019\/06\/TDS_Red-Tacky-Grease.pdf\" target=\"_blank\" rel=\"noopener noreferrer\">&gt;TDS_Red-Tacky-Grease<\/a><\/p>\n","protected":false},"featured_media":12080,"comment_status":"open","ping_status":"closed","template":"","meta":[],"product_brand":[],"product_cat":[302],"product_tag":[180,189,177],"class_list":{"0":"post-5175","1":"product","2":"type-product","3":"status-publish","4":"has-post-thumbnail","6":"product_cat-graisses","7":"product_tag-automotive-fr","8":"product_tag-fournitures-datelier","9":"product_tag-pieces-dautos","10":"has-post-title","11":"has-post-date","12":"has-post-category","13":"has-post-tag","14":"has-post-comment","15":"has-post-author","16":"","17":"fullcover","19":"first","20":"instock","21":"taxable","22":"shipping-taxable","23":"purchasable","24":"product-type-variable"},"jetpack_sharing_enabled":true,"builder_content":"","_links":{"self":[{"href":"https:\/\/fittingsgo.com\/fr\/wp-json\/wp\/v2\/product\/5175","targetHints":{"allow":["GET"]}}],"collection":[{"href":"https:\/\/fittingsgo.com\/fr\/wp-json\/wp\/v2\/product"}],"about":[{"href":"https:\/\/fittingsgo.com\/fr\/wp-json\/wp\/v2\/types\/product"}],"replies":[{"embeddable":true,"href":"https:\/\/fittingsgo.com\/fr\/wp-json\/wp\/v2\/comments?post=5175"}],"wp:featuredmedia":[{"embeddable":true,"href":"https:\/\/fittingsgo.com\/fr\/wp-json\/wp\/v2\/media\/12080"}],"wp:attachment":[{"href":"https:\/\/fittingsgo.com\/fr\/wp-json\/wp\/v2\/media?parent=5175"}],"wp:term":[{"taxonomy":"product_brand","embeddable":true,"href":"https:\/\/fittingsgo.com\/fr\/wp-json\/wp\/v2\/product_brand?post=5175"},{"taxonomy":"product_cat","embeddable":true,"href":"https:\/\/fittingsgo.com\/fr\/wp-json\/wp\/v2\/product_cat?post=5175"},{"taxonomy":"product_tag","embeddable":true,"href":"https:\/\/fittingsgo.com\/fr\/wp-json\/wp\/v2\/product_tag?post=5175"}],"curies":[{"name":"wp","href":"https:\/\/api.w.org\/{rel}","templated":true}]}}