{"id":5159,"date":"2019-06-27T22:01:20","date_gmt":"2019-06-28T03:01:20","guid":{"rendered":"https:\/\/fittingsgo.com\/product\/combinaisons-encapuchonnes\/"},"modified":"2020-05-05T21:04:08","modified_gmt":"2020-05-06T02:04:08","slug":"combinaisons-encapuchonnes","status":"publish","type":"product","link":"https:\/\/fittingsgo.com\/fr\/produit\/combinaisons-encapuchonnes\/","title":{"rendered":"Combinaisons encapuchonn\u00e9s"},"content":{"rendered":"<p>Interchange: 6892, 6893, 6894, 6895, 6896, 6897, 6898<\/p>\n<div id=\"themify_builder_content-5159\" data-postid=\"5159\" class=\"themify_builder_content themify_builder_content-5159 themify_builder\">\n    <\/div>\n<!-- \/themify_builder_content -->\n","protected":false},"excerpt":{"rendered":"<p>Combinaisons \u00e0 capuchon GEN-NEX<br \/>\nUne alternative \u00e9conomique offrant confort, durabilit\u00e9 et protection. Pour les applications dans la finition automobile, la maintenance \/ op\u00e9rations, la peinture, le nettoyage et les zones contamin\u00e9es.<br \/>\nConforme \u00e0 l&#8217;essai de p\u00e9n\u00e9tration ASTM F903-10 pour les peintures \u00e0 base d&#8217;isocyanate.<br \/>\n\u2022 Fibre semblable \u00e0 un tissu.<br \/>\n\u2022 fermeture \u00e0 glissi\u00e8re compl\u00e8te devant<br \/>\n\u2022 Poignets et chevilles \u00e9lastiques<br \/>\n\u2022 Cagoule int\u00e9grale (\u00e0 capuche uniquement)<br \/>\nFabriqu\u00e9 par SAS<\/p>\n","protected":false},"featured_media":5158,"comment_status":"open","ping_status":"closed","template":"","meta":[],"product_brand":[],"product_cat":[207],"product_tag":[180,189,177],"class_list":{"0":"post-5159","1":"product","2":"type-product","3":"status-publish","4":"has-post-thumbnail","6":"product_cat-masques-lunettes-bouchons-de-securite","7":"product_tag-automotive-fr","8":"product_tag-fournitures-datelier","9":"product_tag-pieces-dautos","10":"has-post-title","11":"has-post-date","12":"has-post-category","13":"has-post-tag","14":"has-post-comment","15":"has-post-author","16":"","17":"fullcover","19":"first","20":"outofstock","21":"taxable","22":"shipping-taxable","23":"purchasable","24":"product-type-variable"},"jetpack_sharing_enabled":true,"builder_content":"","_links":{"self":[{"href":"https:\/\/fittingsgo.com\/fr\/wp-json\/wp\/v2\/product\/5159","targetHints":{"allow":["GET"]}}],"collection":[{"href":"https:\/\/fittingsgo.com\/fr\/wp-json\/wp\/v2\/product"}],"about":[{"href":"https:\/\/fittingsgo.com\/fr\/wp-json\/wp\/v2\/types\/product"}],"replies":[{"embeddable":true,"href":"https:\/\/fittingsgo.com\/fr\/wp-json\/wp\/v2\/comments?post=5159"}],"wp:featuredmedia":[{"embeddable":true,"href":"https:\/\/fittingsgo.com\/fr\/wp-json\/wp\/v2\/media\/5158"}],"wp:attachment":[{"href":"https:\/\/fittingsgo.com\/fr\/wp-json\/wp\/v2\/media?parent=5159"}],"wp:term":[{"taxonomy":"product_brand","embeddable":true,"href":"https:\/\/fittingsgo.com\/fr\/wp-json\/wp\/v2\/product_brand?post=5159"},{"taxonomy":"product_cat","embeddable":true,"href":"https:\/\/fittingsgo.com\/fr\/wp-json\/wp\/v2\/product_cat?post=5159"},{"taxonomy":"product_tag","embeddable":true,"href":"https:\/\/fittingsgo.com\/fr\/wp-json\/wp\/v2\/product_tag?post=5159"}],"curies":[{"name":"wp","href":"https:\/\/api.w.org\/{rel}","templated":true}]}}