{"id":5095,"date":"2019-06-23T10:58:08","date_gmt":"2019-06-23T15:58:08","guid":{"rendered":"https:\/\/fittingsgo.com\/product\/outil-a-evaser-double-flare\/"},"modified":"2023-05-24T18:26:41","modified_gmt":"2023-05-24T23:26:41","slug":"outil-a-evaser-double-flare","status":"publish","type":"product","link":"https:\/\/fittingsgo.com\/fr\/produit\/outil-a-evaser-double-flare\/","title":{"rendered":"Outil \u00e0 \u00e9vaser \u00abdouble flare\u00bb"},"content":{"rendered":"<p>4503 OTC Tools<\/p>\n<div id=\"themify_builder_content-5095\" data-postid=\"5095\" class=\"themify_builder_content themify_builder_content-5095 themify_builder\">\n    <\/div>\n<!-- \/themify_builder_content -->\n","protected":false},"excerpt":{"rendered":"<p>Con\u00e7u pour \u00e9vasions \u00abdouble flare\u00bb en cuivre, aluminium, conduite de frein en acier doux et tube en laiton (jusqu&#8217;\u00e0 45 degr\u00e9s).<br \/>\nInclut cinq adaptateurs de 4,8 mm \u00e0 12,7 mm.<br \/>\nLe pivot chrom\u00e9 en acier alli\u00e9 r\u00e9duit les frictions.<br \/>\nCulasse forg\u00e9e en acier trait\u00e9 thermiquement.<br \/>\nInstall\u00e9 dans un \u00e9tui de rangement moul\u00e9 par soufflage.<br \/>\nFabriqu\u00e9 par OTC Tools<\/p>\n","protected":false},"featured_media":5094,"comment_status":"open","ping_status":"closed","template":"","meta":[],"product_brand":[],"product_cat":[212],"product_tag":[180,189,196,177,179],"class_list":{"0":"post-5095","1":"product","2":"type-product","3":"status-publish","4":"has-post-thumbnail","6":"product_cat-outils-de-tuyauterie-et-evasement","7":"product_tag-automotive-fr","8":"product_tag-fournitures-datelier","9":"product_tag-pieces-a-freins","10":"product_tag-pieces-dautos","11":"product_tag-tuyau","12":"has-post-title","13":"has-post-date","14":"has-post-category","15":"has-post-tag","16":"has-post-comment","17":"has-post-author","18":"","19":"fullcover","21":"first","22":"instock","23":"taxable","24":"shipping-taxable","25":"purchasable","26":"product-type-simple"},"jetpack_sharing_enabled":true,"builder_content":"","_links":{"self":[{"href":"https:\/\/fittingsgo.com\/fr\/wp-json\/wp\/v2\/product\/5095","targetHints":{"allow":["GET"]}}],"collection":[{"href":"https:\/\/fittingsgo.com\/fr\/wp-json\/wp\/v2\/product"}],"about":[{"href":"https:\/\/fittingsgo.com\/fr\/wp-json\/wp\/v2\/types\/product"}],"replies":[{"embeddable":true,"href":"https:\/\/fittingsgo.com\/fr\/wp-json\/wp\/v2\/comments?post=5095"}],"wp:featuredmedia":[{"embeddable":true,"href":"https:\/\/fittingsgo.com\/fr\/wp-json\/wp\/v2\/media\/5094"}],"wp:attachment":[{"href":"https:\/\/fittingsgo.com\/fr\/wp-json\/wp\/v2\/media?parent=5095"}],"wp:term":[{"taxonomy":"product_brand","embeddable":true,"href":"https:\/\/fittingsgo.com\/fr\/wp-json\/wp\/v2\/product_brand?post=5095"},{"taxonomy":"product_cat","embeddable":true,"href":"https:\/\/fittingsgo.com\/fr\/wp-json\/wp\/v2\/product_cat?post=5095"},{"taxonomy":"product_tag","embeddable":true,"href":"https:\/\/fittingsgo.com\/fr\/wp-json\/wp\/v2\/product_tag?post=5095"}],"curies":[{"name":"wp","href":"https:\/\/api.w.org\/{rel}","templated":true}]}}