{"id":5062,"date":"2019-06-22T20:56:27","date_gmt":"2019-06-23T01:56:27","guid":{"rendered":"https:\/\/fittingsgo.com\/product\/filieres\/"},"modified":"2019-06-22T21:00:26","modified_gmt":"2019-06-23T02:00:26","slug":"filieres","status":"publish","type":"product","link":"https:\/\/fittingsgo.com\/fr\/produit\/filieres\/","title":{"rendered":"Fili\u00e8res"},"content":{"rendered":"<p>Interchange: 996-314, 996-316, 996-318, 996-320, 996-322, 996-505, 996-506, 996-508, 996-510, 996-512, 996-530, 996-531, 996-532<\/p>\n<div id=\"themify_builder_content-5062\" data-postid=\"5062\" class=\"themify_builder_content themify_builder_content-5062 themify_builder\">\n    <\/div>\n<!-- \/themify_builder_content -->\n","protected":false},"excerpt":{"rendered":"<p>Nos fili\u00e8res sont fabriqu\u00e9s en acier \u00e0 outils \u00e0 haute teneur en carbone, trait\u00e9s thermiquement conform\u00e9ment aux sp\u00e9cifications industrielles et conditionn\u00e9s dans des emballages protecteurs de couleur diff\u00e9rente. Les tarauds \u00e0 prise longue dur\u00e9e sont chanfrein\u00e9s pour un d\u00e9marrage facile et des filets pr\u00e9cis et propres.<br \/>\nFabriqu\u00e9 par H.Paulin Papco<\/p>\n","protected":false},"featured_media":5061,"comment_status":"open","ping_status":"closed","template":"","meta":[],"product_brand":[],"product_cat":[217],"product_tag":[180,189,177],"class_list":{"0":"post-5062","1":"product","2":"type-product","3":"status-publish","4":"has-post-thumbnail","6":"product_cat-tarauds-et-filieres","7":"product_tag-automotive-fr","8":"product_tag-fournitures-datelier","9":"product_tag-pieces-dautos","10":"has-post-title","11":"has-post-date","12":"has-post-category","13":"has-post-tag","14":"has-post-comment","15":"has-post-author","16":"","17":"fullcover","19":"first","20":"instock","21":"taxable","22":"shipping-taxable","23":"purchasable","24":"product-type-variable"},"jetpack_sharing_enabled":true,"builder_content":"","_links":{"self":[{"href":"https:\/\/fittingsgo.com\/fr\/wp-json\/wp\/v2\/product\/5062","targetHints":{"allow":["GET"]}}],"collection":[{"href":"https:\/\/fittingsgo.com\/fr\/wp-json\/wp\/v2\/product"}],"about":[{"href":"https:\/\/fittingsgo.com\/fr\/wp-json\/wp\/v2\/types\/product"}],"replies":[{"embeddable":true,"href":"https:\/\/fittingsgo.com\/fr\/wp-json\/wp\/v2\/comments?post=5062"}],"wp:featuredmedia":[{"embeddable":true,"href":"https:\/\/fittingsgo.com\/fr\/wp-json\/wp\/v2\/media\/5061"}],"wp:attachment":[{"href":"https:\/\/fittingsgo.com\/fr\/wp-json\/wp\/v2\/media?parent=5062"}],"wp:term":[{"taxonomy":"product_brand","embeddable":true,"href":"https:\/\/fittingsgo.com\/fr\/wp-json\/wp\/v2\/product_brand?post=5062"},{"taxonomy":"product_cat","embeddable":true,"href":"https:\/\/fittingsgo.com\/fr\/wp-json\/wp\/v2\/product_cat?post=5062"},{"taxonomy":"product_tag","embeddable":true,"href":"https:\/\/fittingsgo.com\/fr\/wp-json\/wp\/v2\/product_tag?post=5062"}],"curies":[{"name":"wp","href":"https:\/\/api.w.org\/{rel}","templated":true}]}}